{"id":51,"date":"2017-05-03T16:11:32","date_gmt":"2017-05-03T15:11:32","guid":{"rendered":"https:\/\/anetoseguro.com\/?page_id=51"},"modified":"2022-08-02T14:06:22","modified_gmt":"2022-08-02T13:06:22","slug":"primera-ascension","status":"publish","type":"page","link":"https:\/\/anetoseguro.com\/en\/primera-ascension\/","title":{"rendered":"First ascent"},"content":{"rendered":"<p><a href=\"https:\/\/anetoseguro.com\/wp-content\/uploads\/2017\/05\/historia_glaciar_aneto03.jpg\"><img loading=\"lazy\" decoding=\"async\" class=\"alignleft wp-image-231 \" title=\"Rimaya glaciar Aneto. AFCEC\" src=\"https:\/\/anetoseguro.com\/wp-content\/uploads\/2017\/05\/historia_glaciar_aneto03-350x526.jpg\" alt=\"primera ascension-rimaya-glaciar-aneto-historia\" width=\"347\" height=\"521\" srcset=\"https:\/\/anetoseguro.com\/wp-content\/uploads\/2017\/05\/historia_glaciar_aneto03-350x526.jpg 350w, https:\/\/anetoseguro.com\/wp-content\/uploads\/2017\/05\/historia_glaciar_aneto03.jpg 511w\" sizes=\"auto, (max-width: 347px) 100vw, 347px\" \/><\/a><\/p>\n<p><strong><span lang=\"EN-GB\">Aneto<\/span><\/strong><span lang=\"EN-GB\">, just like every other mountain, is replete with history: that of the conquest of the highest mountain in the Pyrenees and of its first ascent.<\/span><\/p>\n<p>At the easternmost point of the <strong>Maladeta Massif<\/strong>, Aneto looks more like the little brother of the peaks found further west, allowing it to go unnoticed when the area was being discovered by the first intrepid explorers to visit the area. It wasn&#8217;t until <strong>1817<\/strong> when <strong>Henri Reboul<\/strong><strong>,<\/strong> backed up by advanced mathematical calculations, boldly claimed that it was N\u00e9thou, and not Monte Perdido as had been thought up until that time, that was the highest mountain in the Pyrenees. This discovery helped him launch a new career which saw him scour the highest parts of the Pyrenees.<\/p>\n<h4>Early attempts<\/h4>\n<p><strong><span lang=\"EN-GB\">1820<\/span><\/strong><span lang=\"EN-GB\"> saw the <strong>first attempt to climb Aneto<\/strong>. The team of <strong>Leon Dufour<\/strong> and <strong>Henri Reboul<\/strong>, enlisting the assistance of local guides <strong>Martre<\/strong> and <strong>Barrau<\/strong> from nearby Bagn\u00e8res-de-Luchon, decided to embark on that early effort. They departed from the French town and, while passing through the mountain pass at Benasque, they stopped to admire the mountain and they decided which route would take them to the top of the awe-inspiring Aneto. The chosen route was along an ar\u00eate that appeared gentle and that rose up from Collado de Salenques. It was obvious, however, that things were not as they seemed. Once they reached the col, <a href=\"https:\/\/anetoseguro.com\/otras-rutas\/\"><strong><span style=\"color: windowtext; text-decoration: none; text-underline: none;\">Salenques Ar\u00eate<\/span><\/strong><\/a> quickly turned into a labyrinth of blockfields and gendarmes, and the four brave adventurers soon realised that any attempts to continue would be futile.<\/span><\/p>\n<p><strong><span lang=\"EN-GB\">Seven years would pass before another attempt was made to reach the summit<\/span><\/strong><span lang=\"EN-GB\">. This time, it was <strong>\u00c9tienne-Gabriel Arban\u00e8re<\/strong>, who started in the south, opting to stay far away from the enormous glaciers and fear-inducing mountain ranges found on the north face. He got as far as Brecha de Llosas before abandoning his attempt.<\/span><\/p>\n<p>So, during that period, there were numerous efforts to reach the summit. While some routes proved to be better than others, and some would take the explorers closer to the peak, uncovering new glaciers and identifying new cols in the process, <strong>they all shared a similar fate: none of them managed to reach the very top<\/strong><strong>.<\/strong><\/p>\n<h4>First ascent<\/h4>\n<p>In <strong>1842<\/strong>, a young Russian ex-military official by the name of <a href=\"https:\/\/fr.wikipedia.org\/wiki\/Platon_Tchikhatchov\"><strong>Platon Chikhachyov<\/strong><\/a> set out to climb a number of the mythical Pyrenean peaks: Midi, Vignemal, Monte Perdido and, of course, the seemingly unattainable Aneto. It was not easy for him to find guides in Bagn\u00e8res-de-Luchon who were willing to accompany him, as none wished to end up the same way as Barrau, who had died years before on Maladeta. By the midpoint of the summer season, he had managed to form the team that would go along with him. It was made up of the botanist <strong>Albert de Franqueville<\/strong><strong>,<\/strong> two guides (<strong>Pierre Sanio<\/strong> and <strong>Jean Sors, known as Argarot<\/strong>) and two hunters (<strong>Bernard Arrazau<\/strong> and <strong>Pierre Redonnet<\/strong>). The entire group left <strong>for the mountain on 18 July 1842<\/strong><strong>.<\/strong><\/p>\n<h4>The route<\/h4>\n<p><span lang=\"EN-GB\">The chosen itinerary passed through Benasque mountain pass, just as Dufour and Reboul had years prior, but this expedition would not make the same mistakes as the pioneers, and he instead decided to head for La <a href=\"https:\/\/anetoseguro.com\/la-renclusa\/\"><strong><span style=\"color: windowtext; text-decoration: none; text-underline: none;\">Renclusa<\/span><\/strong><\/a> in Maladeta Massif. Once there, they veered to the south-east, where they crossed over the Brecha de Alba gap, from where they could see Ib\u00f3n de Creg\u00fce\u00f1a, before continuing to Coronas. The purpose of such a roundabout route was to avoid the terrifying frozen slopes of Aneto\u2019s north face.<\/span><\/p>\n<p><span lang=\"EN-GB\">After two days of walking, they came across <a href=\"https:\/\/anetoseguro.com\/ruta-sur\/\"><strong><span style=\"color: windowtext; text-decoration: none; text-underline: none;\">Ib\u00f3n de Coronas<\/span><\/strong><\/a>, finding themselves one step closer to surpassing all who had gone before them. Even after reaching Collado de Coronas, they still had to face the giant icy slope that led to the summit, something they tried to avoid by ascending via the ridge. The decomposed rock and dense snow forced them into tackling the slopes of the glacier which, fortunately, was not such a daunting task after all, as it was covered with a good layer of snow, leaving their footprints clearly visible.<\/span><\/p>\n<p><span lang=\"EN-GB\">From the sub-peak, they managed to catch a glimpse of the summit through the fog. They had yet to reach it, and one final challenge lay ahead of them: crossing <a href=\"https:\/\/anetoseguro.com\/puente-de-mahoma\/\"><strong><span style=\"color: windowtext; text-decoration: none; text-underline: none;\">Puente de Mahoma<\/span><\/strong><\/a>, the narrow and vertigo-inducing horizontal section of ridge that separated them from the real peak, <strong>which would be baptised by Franqueville himself<\/strong>. Their successful ascent brought to a close one of the most important chapters in Pyrenean mountaineering history: <strong>Aneto had been summited for the very first time<\/strong>.<\/span><\/p>\n<p><span lang=\"EN-GB\">A <strong>stack of rocks<\/strong> and the <strong>first register containing the signatures of those triumphant few<\/strong> bore witness to the first successful ascent of the highest point in the Pyrenees.<\/span><\/p>\n<p>&nbsp;<\/p>\n<table class=\"miTabla\">\n<tbody>\n<tr>\n<td style=\"text-align: left;\"><a class=\"btn btn-default btn-lg btn-left btn-nav\" href=\"https:\/\/anetoseguro.com\/historia\/\">History<\/a><\/td>\n<td style=\"text-align: right;\"><a class=\"btn btn-default btn-lg btn-right btn-nav\" href=\"https:\/\/anetoseguro.com\/aproximacion\/\">Getting there<\/a><\/td>\n<\/tr>\n<\/tbody>\n<\/table>\n<p><\/p>","protected":false},"excerpt":{"rendered":"<p>Aneto, just like every other mountain, is replete with history: that of the conquest of the highest mountain in the Pyrenees and of its first ascent. At the easternmost point of the Maladeta Massif, Aneto looks more like the little brother of the peaks found further west, allowing it to go unnoticed when the area was being discovered by the first intrepid explorers to visit the area. It wasn&#8217;t until 1817 when Henri Reboul, backed up by advanced mathematical calculations, boldly claimed that it was N\u00e9thou, and not Monte Perdido as had been thought up until that time, that was &hellip;<\/p>\n","protected":false},"author":2,"featured_media":0,"parent":0,"menu_order":0,"comment_status":"closed","ping_status":"closed","template":"","meta":{"_joinchat":[],"footnotes":""},"class_list":["post-51","page","type-page","status-publish","hentry"],"_links":{"self":[{"href":"https:\/\/anetoseguro.com\/en\/wp-json\/wp\/v2\/pages\/51","targetHints":{"allow":["GET"]}}],"collection":[{"href":"https:\/\/anetoseguro.com\/en\/wp-json\/wp\/v2\/pages"}],"about":[{"href":"https:\/\/anetoseguro.com\/en\/wp-json\/wp\/v2\/types\/page"}],"author":[{"embeddable":true,"href":"https:\/\/anetoseguro.com\/en\/wp-json\/wp\/v2\/users\/2"}],"replies":[{"embeddable":true,"href":"https:\/\/anetoseguro.com\/en\/wp-json\/wp\/v2\/comments?post=51"}],"version-history":[{"count":22,"href":"https:\/\/anetoseguro.com\/en\/wp-json\/wp\/v2\/pages\/51\/revisions"}],"predecessor-version":[{"id":1146,"href":"https:\/\/anetoseguro.com\/en\/wp-json\/wp\/v2\/pages\/51\/revisions\/1146"}],"wp:attachment":[{"href":"https:\/\/anetoseguro.com\/en\/wp-json\/wp\/v2\/media?parent=51"}],"curies":[{"name":"wp","href":"https:\/\/api.w.org\/{rel}","templated":true}]}}