{"id":77,"date":"2017-05-03T13:06:25","date_gmt":"2017-05-03T12:06:25","guid":{"rendered":"https:\/\/anetoseguro.com\/?page_id=77"},"modified":"2022-08-02T13:56:22","modified_gmt":"2022-08-02T12:56:22","slug":"cobertura","status":"publish","type":"page","link":"https:\/\/anetoseguro.com\/en\/cobertura\/","title":{"rendered":"Telephone signal"},"content":{"rendered":"<p><a href=\"https:\/\/anetoseguro.com\/wp-content\/uploads\/2017\/05\/Llamada_montana_112.jpg\"><img loading=\"lazy\" decoding=\"async\" class=\"alignleft wp-image-101 size-medium\" title=\"Monta\u00f1ero llamando en monta\u00f1a, Monta\u00f1a Segura\" src=\"https:\/\/anetoseguro.com\/wp-content\/uploads\/2017\/05\/Llamada_montana_112-350x263.jpg\" alt=\"llamada-112-monta\u00f1a-seguridad-monta\u00f1a-segura\" width=\"350\" height=\"263\" srcset=\"https:\/\/anetoseguro.com\/wp-content\/uploads\/2017\/05\/Llamada_montana_112-350x263.jpg 350w, https:\/\/anetoseguro.com\/wp-content\/uploads\/2017\/05\/Llamada_montana_112-768x576.jpg 768w, https:\/\/anetoseguro.com\/wp-content\/uploads\/2017\/05\/Llamada_montana_112-730x548.jpg 730w, https:\/\/anetoseguro.com\/wp-content\/uploads\/2017\/05\/Llamada_montana_112-1366x1025.jpg 1366w, https:\/\/anetoseguro.com\/wp-content\/uploads\/2017\/05\/Llamada_montana_112.jpg 1600w\" sizes=\"auto, (max-width: 350px) 100vw, 350px\" \/><\/a><\/p>\n<p>If you need to <strong>call<\/strong> the emergency services on <a href=\"http:\/\/112aragon.aragon.es\/\">112<\/a> while climbing <strong>Aneto<\/strong>, you will need to know where you can find good telephone signal.<\/p>\n<h4>Do you know to contact 112?<\/h4>\n<p><strong>You can call 112 from your mobile phoneas long as you have a 2G signal with any telephone network, whether Spanish or French<\/strong>. In the mountains, signal is not always as good as in other places, but you should always take your mobile phone as you will be able to find a 2G signal from one company or another, especially high up in the mountains.<\/p>\n<p><strong>If you do not have signal, you will not be able to call 112<\/strong>. It is worth repeating that you do not need signal with your own network provider \u2013 anyone will do, even a foreign one. All you need is some kind of coverage.<\/p>\n<p><strong>Remember:<\/strong><\/p>\n<ul>\n<li>Take your <strong>phone <\/strong>with a <strong>full battery<\/strong><strong>.<\/strong><\/li>\n<li>Also take a <strong>portable charger<\/strong><strong>.<\/strong><\/li>\n<\/ul>\n<h4>Where can I find 2G signal in Aneto?<\/h4>\n<p>On the <a href=\"https:\/\/anetoseguro.com\/ruta-norte\/\">northern route<\/a> that starts in <strong>La Besurta<\/strong>, you will not have signal <strong>between La Besurta and Los Portillones<\/strong>. Once you get to the glacier, you are likely to have signal until you get to the summit.<\/p>\n<p>En la <a href=\"https:\/\/anetoseguro.com\/ruta-del-salterillo\/\"><strong>ruta de la cara norte por el Salterillo <\/strong><\/a>desde <strong>La Besurta<\/strong>, estar\u00e1s sin cobertura <strong>desde La Besurta hasta antes de llegar al Ib\u00f3n del Salterillo<\/strong>, a partir de aqu\u00ed se podr\u00e1 encontrar en algunos puntos hasta la cima.<\/p>\n<p>On the <a href=\"https:\/\/anetoseguro.com\/ruta-sur\/\">southern route<\/a> that starts at <strong>Puente de Coronas<\/strong>, you will begin to have <strong>signal at Ib\u00f3n Superior de Coronas<\/strong>. From here on, you might not get signal again until you reach the summit.<\/p>\n<p>If you do not have 2G signal, you can try sending a <strong>delayed message<\/strong> using data (a WhatsApp message, for example) to a friend requesting assistance, so that they can call 112 on your behalf.<\/p>\n<p><a href=\"https:\/\/anetoseguro.com\/wp-content\/uploads\/2017\/05\/Mapa_coberturas.jpg\"><img loading=\"lazy\" decoding=\"async\" class=\"aligncenter wp-image-515 size-large\" title=\"Mapa cobertura telef\u00f3nica Aneto\" src=\"https:\/\/anetoseguro.com\/wp-content\/uploads\/2017\/05\/Mapa_coberturas-730x1033.jpg\" alt=\"cobertura\" width=\"730\" height=\"1033\" srcset=\"https:\/\/anetoseguro.com\/wp-content\/uploads\/2017\/05\/Mapa_coberturas-730x1033.jpg 730w, https:\/\/anetoseguro.com\/wp-content\/uploads\/2017\/05\/Mapa_coberturas-350x495.jpg 350w, https:\/\/anetoseguro.com\/wp-content\/uploads\/2017\/05\/Mapa_coberturas-768x1087.jpg 768w, https:\/\/anetoseguro.com\/wp-content\/uploads\/2017\/05\/Mapa_coberturas-1366x1933.jpg 1366w, https:\/\/anetoseguro.com\/wp-content\/uploads\/2017\/05\/Mapa_coberturas.jpg 1753w\" sizes=\"auto, (max-width: 730px) 100vw, 730px\" \/><\/a><\/p>\n<p>Another option that <strong>always works<\/strong> is a <a href=\"http:\/\/www.montanasegura.com\/llamada-al-112-en-montana\/\">satellite phone<\/a>. These devices always allow you to make a call as they use a satellite network to channel the call.<\/p>\n<p><strong>If you do not have signal,<\/strong> remember that there is a telephone at <a href=\"https:\/\/anetoseguro.com\/la-renclusa\/\">La Renclusa<\/a> refuge <strong>in addition to a radio communication system<\/strong><strong>.<\/strong> On the southern route, the <strong>unmanned Coronas refuge<\/strong> features an<a href=\"https:\/\/montanasegura.com\/walkie-talkie-para-avisos-de-emergencia-en-montana\/\">emergency radio-telephone<\/a> that you can use to call 112.<\/p>\n<h4>Other options<\/h4>\n<p>With a <strong>2-metre radio band<\/strong> tuned into the <strong>146.175 Mhz frequency, sub-channel 123 Hz<\/strong>, you can <strong>get in touch with La Renclusa refuge<\/strong>, which can then contact <strong>112<\/strong> for you.<\/p>\n<p>Also try the <a href=\"http:\/\/www.canal77pmr.com\/\">#canal77PMR<\/a> option, which looks to enable <strong>small transmitters and walkie-talkies<\/strong> (licence-free and at a low price) in order to transfer emergency warnings by using <strong>channel 7, sub-channel 7. <\/strong>Using this method, anyone with their device tuned into this channel will act as a <strong>repeater for the call for help<\/strong>.<\/p>\n<p>&nbsp;<\/p>\n<table class=\"miTabla\">\n<tbody>\n<tr>\n<td style=\"text-align: left;\"><a class=\"btn btn-default btn-lg btn-left btn-nav\" href=\"https:\/\/anetoseguro.com\/meteorologia\/\">Weather<\/a><\/td>\n<td style=\"text-align: right;\"><a class=\"btn btn-default btn-lg btn-right btn-nav\" href=\"https:\/\/anetoseguro.com\/mal-de-altura\/\">Altitude sickness<\/a><\/td>\n<\/tr>\n<\/tbody>\n<\/table>\n<p><\/p>","protected":false},"excerpt":{"rendered":"<p>If you need to call the emergency services on 112 while climbing Aneto, you will need to know where you can find good telephone signal. Do you know to contact 112? You can call 112 from your mobile phoneas long as you have a 2G signal with any telephone network, whether Spanish or French. In the mountains, signal is not always as good as in other places, but you should always take your mobile phone as you will be able to find a 2G signal from one company or another, especially high up in the mountains. If you do not &hellip;<\/p>\n","protected":false},"author":2,"featured_media":0,"parent":0,"menu_order":0,"comment_status":"closed","ping_status":"closed","template":"","meta":{"_joinchat":[],"footnotes":""},"class_list":["post-77","page","type-page","status-publish","hentry"],"_links":{"self":[{"href":"https:\/\/anetoseguro.com\/en\/wp-json\/wp\/v2\/pages\/77","targetHints":{"allow":["GET"]}}],"collection":[{"href":"https:\/\/anetoseguro.com\/en\/wp-json\/wp\/v2\/pages"}],"about":[{"href":"https:\/\/anetoseguro.com\/en\/wp-json\/wp\/v2\/types\/page"}],"author":[{"embeddable":true,"href":"https:\/\/anetoseguro.com\/en\/wp-json\/wp\/v2\/users\/2"}],"replies":[{"embeddable":true,"href":"https:\/\/anetoseguro.com\/en\/wp-json\/wp\/v2\/comments?post=77"}],"version-history":[{"count":21,"href":"https:\/\/anetoseguro.com\/en\/wp-json\/wp\/v2\/pages\/77\/revisions"}],"predecessor-version":[{"id":1130,"href":"https:\/\/anetoseguro.com\/en\/wp-json\/wp\/v2\/pages\/77\/revisions\/1130"}],"wp:attachment":[{"href":"https:\/\/anetoseguro.com\/en\/wp-json\/wp\/v2\/media?parent=77"}],"curies":[{"name":"wp","href":"https:\/\/api.w.org\/{rel}","templated":true}]}}