{"id":1028,"date":"2022-07-06T11:15:44","date_gmt":"2022-07-06T10:15:44","guid":{"rendered":"https:\/\/anetoseguro.com\/?page_id=1028"},"modified":"2022-11-02T08:01:53","modified_gmt":"2022-11-02T07:01:53","slug":"ruta-del-salterillo","status":"publish","type":"page","link":"https:\/\/anetoseguro.com\/fr\/ruta-del-salterillo\/","title":{"rendered":"Ruta del Salterillo"},"content":{"rendered":"<p><img loading=\"lazy\" decoding=\"async\" class=\"size-medium wp-image-1030 alignleft\" src=\"https:\/\/anetoseguro.com\/wp-content\/uploads\/2022\/07\/Foto-portada-Salterillo-350x232.jpg\" alt=\"\" width=\"350\" height=\"232\" srcset=\"https:\/\/anetoseguro.com\/wp-content\/uploads\/2022\/07\/Foto-portada-Salterillo-350x232.jpg 350w, https:\/\/anetoseguro.com\/wp-content\/uploads\/2022\/07\/Foto-portada-Salterillo-730x485.jpg 730w, https:\/\/anetoseguro.com\/wp-content\/uploads\/2022\/07\/Foto-portada-Salterillo-768x510.jpg 768w, https:\/\/anetoseguro.com\/wp-content\/uploads\/2022\/07\/Foto-portada-Salterillo.jpg 1048w\" sizes=\"auto, (max-width: 350px) 100vw, 350px\" \/><a style=\"color: #000000;\" href=\"https:\/\/anetoseguro.com\/ruta-del-salterillo\/\">L&#8217;ascension vers Aneto via Salterillo est l&#8217;itin\u00e9raire recommand\u00e9 \u00e0 ces moments de l&#8217;ann\u00e9e (\u00e0 tout moment entre juin et septembre) lorsque le champ de neige qui recouvre habituellement le glacier d&#8217;Aneto a d\u00e9j\u00e0 fondu et que la glace du glacier est expos\u00e9e. Dans ces circonstances, il est recommand\u00e9 d&#8217;\u00e9viter l&#8217;itin\u00e9raire par le Haut Portillon et d&#8217;opter pour cet itin\u00e9raire, qui \u00e9vite autant que possible de marcher sur le glacier et de s&#8217;exposer \u00e0 de fr\u00e9quentes chutes de pierres.<\/a><\/p>\n<h4><a href=\"https:\/\/anetoseguro.com\/ruta-del-salterillo\/\">Voie par le Salterillo<\/a><\/h4>\n<p><span style=\"color: #000000;\"><a style=\"color: #000000;\" href=\"https:\/\/anetoseguro.com\/ruta-del-salterillo\/\">L&#8217;itin\u00e9raire de la face nord par Salterillo part de La Besurta (1900 m), suivre les panneaux en direction de Plan d&#8217;Aigualluts (GR 11.5), une fois l\u00e0 il faut faire le tour de tout le Plan d&#8217;Aigualluts par une s\u00e9rie de passerelles de bois en suivant les indications vers le refuge de La Renclusa (excluant le sentier par le fond de la vall\u00e9e des Barrancs vers le col de Salenques). Vous pouvez \u00e9galement acc\u00e9der au m\u00eame parcours en passant la nuit au refuge de La Renclusa.<\/a><\/span><\/p>\n<p><span style=\"color: #000000;\"><a style=\"color: #000000;\" href=\"https:\/\/anetoseguro.com\/ruta-del-salterillo\/\">Avant d&#8217;atteindre le col de La Renclusa, \u00e0 2 160 m d&#8217;altitude, quitter le GR 11,5 dans une zone plus plate avec quelques gros blocs de pierre (1 h 25 min), tourner \u00e0 gauche pour chercher un chemin jalonn\u00e9 de bornes qui nous conduira jusqu&#8217;au d\u00e9barcad\u00e8re d&#8217;Ib\u00f3n del Salterillo (2460 m, 2 h 25 min). Traverser le ravin et le long d&#8217;un sentier entrer dans la moraine et progresser le long de sa cr\u00eate. L&#8217;itin\u00e9raire atteint une zone de grandes dalles de granit (plus de 2 750 m, 3 h 25 min) d&#8217;o\u00f9 il monte en diagonale vers le sommet \u00e0 la recherche de l&#8217;itin\u00e9raire le plus logique et le plus simple.<\/a><\/span><\/p>\n<p><a href=\"http:\/\/visor.montanasegura.com\/ruta\/ficha\/463\" target=\"_blank\" rel=\"noopener\"><strong>T\u00e9l\u00e9chargez le trac\u00e9 et la carte de cet itin\u00e9raire depuis La Besurta.<\/strong><\/a><\/p>\n<p><a href=\"http:\/\/visor.montanasegura.com\/ruta\/ficha\/462\" target=\"_blank\" rel=\"noopener\"><strong>T\u00e9l\u00e9chargez le trac\u00e9 et la carte de cet itin\u00e9raire depuis refuge de la Renclusa.<\/strong><\/a><\/p>\n<h4><a href=\"https:\/\/anetoseguro.com\/ruta-del-salterillo\/\">Collado de Coronas<\/a><\/h4>\n<p><span style=\"color: #000000;\"><a style=\"color: #000000;\" href=\"https:\/\/anetoseguro.com\/ruta-del-salterillo\/\">Laisser le col de Coronas en haut \u00e0 droite mais sans l&#8217;atteindre (4 h 45 min), et en \u00e9vitant au maximum de marcher sur le glacier, longer \u00e0 gauche par une zone de roche meuble (attention particuli\u00e8re). Il sera in\u00e9vitable d&#8217;entrer dans la zone glaciaire, mais faites-le le plus haut possible, pr\u00e8s du mur qui vient du col de Coronas, d\u00e9j\u00e0 avec des crampons et un piolet, pour enfin atteindre le sommet.<\/a><\/span><\/p>\n<p><span style=\"color: #000000;\"><a style=\"color: #000000;\" href=\"https:\/\/anetoseguro.com\/ruta-del-salterillo\/\">Il ne nous reste plus qu&#8217;\u00e0 franchir la derni\u00e8re difficult\u00e9 avant le sommet : le pont Mohammed. Une \u00e9tape risqu\u00e9e entre les rochers qui demande des pr\u00e9cautions extr\u00eames. Apr\u00e8s cela, vous atteignez le v\u00e9ritable sommet de l&#8217;Aneto (3 404 m, 5 h 30 min).<\/a><\/span><\/p>\n<h4><a href=\"https:\/\/anetoseguro.com\/ruta-del-salterillo\/\">Glacier<\/a><\/h4>\n<p><span style=\"color: #000000;\"><a style=\"color: #000000;\" href=\"https:\/\/anetoseguro.com\/ruta-del-salterillo\/\">Nous essaierons de ne pas marcher sur la glace bleue du glacier dans la mesure du possible, m\u00eame si \u00e0 la fin nous devrons le faire, selon les dates plus ou moins. La travers\u00e9e du glacier n\u00e9cessite l&#8217;utilisation de crampons et de piolets tout au long de l&#8217;ann\u00e9e et vous ne devez pas le traverser si vous ne disposez pas de ce mat\u00e9riel ou si vous n&#8217;avez pas de formation \u00e0 son utilisation. Si tel est votre cas, vous pouvez louer les services d&#8217;un guide professionnel pour l&#8217;ascension.\u00a0<\/a><\/span><\/p>\n<h4><a href=\"https:\/\/anetoseguro.com\/ruta-del-salterillo\/\">La derni\u00e8re difficult\u00e9<\/a><\/h4>\n<p><span style=\"color: #000000;\"><a style=\"color: #000000;\" href=\"https:\/\/anetoseguro.com\/ruta-del-salterillo\/\">Le Pont de Mahomet est le dernier obstacle avant d&#8217;atteindre Aneto. Il se compose d&#8217;une section horizontale \u00e9troite et expos\u00e9e o\u00f9 il faut grimper sur un rocher. La sensation de vide dans ces derniers m\u00e8tres du parcours est importante et \u00e0 d\u00e9conseiller si vous avez le vertige. La densit\u00e9 de personnes dans le passage \u00e0 niveau et la fatigue peuvent compromettre la s\u00e9curit\u00e9 du passage \u00e0 niveau. L&#8217;ant\u00e9c\u00e9dent est aussi une grande r\u00e9compense.\u00a0<\/a><\/span><\/p>\n<h4>Le retour<\/h4>\n<p><span style=\"color: #000000;\"><a style=\"color: #000000;\" href=\"https:\/\/anetoseguro.com\/ruta-del-salterillo\/\"><strong>Nous reviendrons par le m\u00eame itin\u00e9raire (3 h 50 min) vers Plan d&#8217;Aiguallut et La Besurta.<\/strong><\/a><\/span><\/p>\n<table width=\"811\">\n<tbody>\n<tr>\n<td width=\"287\"><\/td>\n<td width=\"80\">Dur\u00e9e partielle<\/td>\n<td width=\"90\">Dur\u00e9e\u00a0 cumul\u00e9e<\/td>\n<td width=\"80\">D\u00e9nivel\u00e9e partiel<\/td>\n<td width=\"86\">D\u00e9nivel\u00e9 cumul\u00e9e<\/td>\n<td width=\"94\">Distance partielle<\/td>\n<td width=\"94\">Distance cumul\u00e9e<\/td>\n<\/tr>\n<tr>\n<td>\u00a0La Besurta &#8211; Desv\u00edo GR 11.5<\/td>\n<td>1 h 25 min<\/td>\n<td>1 h 25 min<\/td>\n<td>+ 300 m<\/td>\n<td>+ 300 m<\/td>\n<td>4,2 km<\/td>\n<td>4,2 km<\/td>\n<\/tr>\n<tr>\n<td>\u00a0Desv\u00edo GR 11.5 &#8211; Ib\u00f3n del Salterillo<\/td>\n<td>1 h<\/td>\n<td>2 h 25 min<\/td>\n<td>+ 310 m<\/td>\n<td>+ 610 m<\/td>\n<td>1,6 km<\/td>\n<td>5,8 km<\/td>\n<\/tr>\n<tr>\n<td>\u00a0Ib\u00f3n del Salterillo &#8211; Losas de granito (cota 2750 m)<\/td>\n<td>\u00a01 h<\/td>\n<td>3 h 25 min<\/td>\n<td>+ 280 m<\/td>\n<td>+ 890 m<\/td>\n<td>1,1 km<\/td>\n<td>6,9 km<\/td>\n<\/tr>\n<tr>\n<td>\u00a0Losas de granito &#8211; Paso bajo Collada Corones<\/td>\n<td>1 h 20 min<\/td>\n<td>4 h 45 min<\/td>\n<td>+ 410 m<\/td>\n<td>+ 1.300m<\/td>\n<td>1,7 km<\/td>\n<td>8,6 km<\/td>\n<\/tr>\n<tr>\n<td>\u00a0Paso bajo Collada Corones &#8211; Pico Aneto<\/td>\n<td>45 min<\/td>\n<td>5 h 30 min<\/td>\n<td>+ 240 m<\/td>\n<td>+ 1.540 m<\/td>\n<td>0,7 km<\/td>\n<td>9,3 km<\/td>\n<\/tr>\n<tr>\n<td>\u00a0Regreso<\/td>\n<td>3 h 50 min<\/td>\n<td>9 h 20 min<\/td>\n<td>&#8211; 1540 m<\/td>\n<td>+\/- 1.540 m<\/td>\n<td>9,3 km<\/td>\n<td>18,6 km<\/td>\n<\/tr>\n<\/tbody>\n<\/table>\n<p>&nbsp;<\/p>\n<table class=\"miTabla\">\n<tbody>\n<tr>\n<td style=\"text-align: left;\"><a class=\"btn btn-default btn-lg btn-left btn-nav\" href=\"https:\/\/anetoseguro.com\/aproximacion\/\">Acc\u00e8s<\/a><\/td>\n<td style=\"text-align: right;\"><a class=\"btn btn-default btn-lg btn-right btn-nav\" href=\"https:\/\/anetoseguro.com\/vestirse\/\">S&#8217;habiller<\/a><\/p>\n<p><a class=\"btn btn-default btn-lg btn-right btn-nav\" href=\"https:\/\/anetoseguro.com\/la-renclusa\/\">La Renclusa<\/a><\/td>\n<\/tr>\n<\/tbody>\n<\/table>\n<p><\/p>","protected":false},"excerpt":{"rendered":"<p>L&#8217;ascension vers Aneto via Salterillo est l&#8217;itin\u00e9raire recommand\u00e9 \u00e0 ces moments de l&#8217;ann\u00e9e (\u00e0 tout moment entre juin et septembre) lorsque le champ de neige qui recouvre habituellement le glacier d&#8217;Aneto a d\u00e9j\u00e0 fondu et que la glace du glacier est expos\u00e9e. Dans ces circonstances, il est recommand\u00e9 d&#8217;\u00e9viter l&#8217;itin\u00e9raire par le Haut Portillon et d&#8217;opter pour cet itin\u00e9raire, qui \u00e9vite autant que possible de marcher sur le glacier et de s&#8217;exposer \u00e0 de fr\u00e9quentes chutes de pierres. Voie par le Salterillo L&#8217;itin\u00e9raire de la face nord par Salterillo part de La Besurta (1900 m), suivre les panneaux en direction &hellip;<\/p>\n","protected":false},"author":2,"featured_media":0,"parent":0,"menu_order":0,"comment_status":"closed","ping_status":"closed","template":"","meta":{"_joinchat":[],"footnotes":""},"class_list":["post-1028","page","type-page","status-publish","hentry"],"_links":{"self":[{"href":"https:\/\/anetoseguro.com\/fr\/wp-json\/wp\/v2\/pages\/1028","targetHints":{"allow":["GET"]}}],"collection":[{"href":"https:\/\/anetoseguro.com\/fr\/wp-json\/wp\/v2\/pages"}],"about":[{"href":"https:\/\/anetoseguro.com\/fr\/wp-json\/wp\/v2\/types\/page"}],"author":[{"embeddable":true,"href":"https:\/\/anetoseguro.com\/fr\/wp-json\/wp\/v2\/users\/2"}],"replies":[{"embeddable":true,"href":"https:\/\/anetoseguro.com\/fr\/wp-json\/wp\/v2\/comments?post=1028"}],"version-history":[{"count":14,"href":"https:\/\/anetoseguro.com\/fr\/wp-json\/wp\/v2\/pages\/1028\/revisions"}],"predecessor-version":[{"id":1214,"href":"https:\/\/anetoseguro.com\/fr\/wp-json\/wp\/v2\/pages\/1028\/revisions\/1214"}],"wp:attachment":[{"href":"https:\/\/anetoseguro.com\/fr\/wp-json\/wp\/v2\/media?parent=1028"}],"curies":[{"name":"wp","href":"https:\/\/api.w.org\/{rel}","templated":true}]}}