{"id":39,"date":"2017-05-03T12:37:54","date_gmt":"2017-05-03T11:37:54","guid":{"rendered":"https:\/\/anetoseguro.com\/?page_id=39"},"modified":"2024-07-15T06:23:29","modified_gmt":"2024-07-15T05:23:29","slug":"aproximacion","status":"publish","type":"page","link":"https:\/\/anetoseguro.com\/fr\/aproximacion\/","title":{"rendered":"Acc\u00e8s"},"content":{"rendered":"<p><a href=\"https:\/\/anetoseguro.com\/wp-content\/uploads\/2017\/05\/aigullaut_aproximacion.jpg\"><img loading=\"lazy\" decoding=\"async\" class=\"wp-image-522 size-medium alignleft\" title=\"Aneto desde Aiguallut\" src=\"https:\/\/anetoseguro.com\/wp-content\/uploads\/2017\/05\/aigullaut_aproximacion-350x263.jpg\" alt=\"aproximacion\" width=\"350\" height=\"263\" srcset=\"https:\/\/anetoseguro.com\/wp-content\/uploads\/2017\/05\/aigullaut_aproximacion-350x263.jpg 350w, https:\/\/anetoseguro.com\/wp-content\/uploads\/2017\/05\/aigullaut_aproximacion-768x576.jpg 768w, https:\/\/anetoseguro.com\/wp-content\/uploads\/2017\/05\/aigullaut_aproximacion-730x548.jpg 730w, https:\/\/anetoseguro.com\/wp-content\/uploads\/2017\/05\/aigullaut_aproximacion-1366x1025.jpg 1366w, https:\/\/anetoseguro.com\/wp-content\/uploads\/2017\/05\/aigullaut_aproximacion.jpg 1920w\" sizes=\"auto, (max-width: 350px) 100vw, 350px\" \/><\/a><\/p>\n<p>Pour entreprendre l\u2019ascension de l\u2019<a href=\"https:\/\/es.wikipedia.org\/wiki\/Pico_Aneto\">Aneto<\/a>, il vous faut conna\u00eetre les <strong>points de d\u00e9partdes voies normales<\/strong> et l\u2019acc\u00e8s \u00e0 ceux-ci.<\/p>\n<p>La <a href=\"https:\/\/anetoseguro.com\/valle-de-benasque\/\">vall\u00e9e de Benasque<\/a> est la porte d\u2019entr\u00e9e naturelle des diff\u00e9rentes voies menant \u00e0 l\u2019<strong>Aneto<\/strong>. Les plus accessibles sont celle de la <a href=\"https:\/\/anetoseguro.com\/ruta-norte\/\"><strong>face nord, <\/strong>\u00e0 partir de<strong>La\u00a0Besurta<\/strong><\/a> (la plus fr\u00e9quent\u00e9e par les alpinistes), et celle de la <a href=\"https:\/\/anetoseguro.com\/ruta-sur\/\"><strong>face sud,<\/strong>depuis le<strong>pont de Coronas \u00e0 Vallibierna<\/strong><\/a><strong>.<\/strong><\/p>\n<h4><strong>Voie de la face nord: Comment se rendre \u00e0 La Besurta?<\/strong><\/h4>\n<p><a href=\"https:\/\/goo.gl\/maps\/uC8nSaWg4kLEqmZN7\">La\u00a0Besurta<\/a> est le point de d\u00e9part de la voie qui m\u00e8ne \u00e0 l\u2019Aneto par la <a href=\"https:\/\/anetoseguro.com\/ruta-norte\/\">face nord<\/a>. On y acc\u00e8de depuis <strong>Benasque<\/strong> par la route <strong>A-139<\/strong> en direction du nord.<\/p>\n<p>En \u00e9t\u00e9 (de la fin juin \u00e0 la mi-septembre), <strong>l\u2019acc\u00e8s \u00e0 La\u00a0Besurta en v\u00e9hicule particulier est interdit,<\/strong>vous devrez donc garer votre voiture sur le parking <strong>d\u2019<\/strong><a href=\"https:\/\/goo.gl\/maps\/JTi78HPPYmgBUSNg7\"><strong>El Vado<\/strong><\/a>, situ\u00e9 \u00e0 <strong>12\u00a0kilom\u00e8tres de Benasque etun kilom\u00e8tre de Llanos delHospital<\/strong><strong>.<\/strong> Des bus en partent pour <strong>La\u00a0Besurta<\/strong><strong>.<\/strong><\/p>\n<p><strong>Consultez les horaires et les conditions <\/strong><a href=\"http:\/\/turismobenasque.com\/guia-de-viaje\/transporte-urbano\/\">ici<\/a>. \u00c0 une moindre fr\u00e9quence, des bus partent \u00e9galement de Benasque.<\/p>\n<table style=\"height: 64px;\" width=\"350\">\n<tbody>\n<tr>\n<td style=\"text-align: center;\"><strong>Tarifs 2024<\/strong><\/td>\n<td style=\"text-align: center;\"><strong>ALLER<\/strong><\/td>\n<td style=\"text-align: center;\"><strong>ALLER ET RETOUR<\/strong><\/td>\n<\/tr>\n<tr>\n<td style=\"text-align: center;\">El Vado &#8211; La Besurta<\/td>\n<td style=\"text-align: center;\"><em>3,50 \u20ac<\/em><\/td>\n<td style=\"text-align: center;\"><em>6,00 \u20ac<\/em><\/td>\n<\/tr>\n<tr>\n<td style=\"text-align: center;\">Benasque &#8211; La Besurta<\/td>\n<td style=\"text-align: center;\"><em>9,00 \u20ac<\/em><\/td>\n<td style=\"text-align: center;\"><em>13,50 \u20ac<\/em><\/td>\n<\/tr>\n<\/tbody>\n<\/table>\n<p>&nbsp;<\/p>\n<p>Jusque fin juin et \u00e0 partir de mi-septembre, l\u2019acc\u00e8s \u00e0 <strong>\u00a0La\u00a0Besurta est ouvert<\/strong>et il est possible de s\u2019y rendre en voiture via <strong>3,5\u00a0kilom\u00e8tres de piste asphalt\u00e9e<\/strong>, \u00e0 partir de <a href=\"https:\/\/goo.gl\/maps\/uKoKDrBoA5yBfgjU9\"><strong>\u00a0Llanos delHospital<\/strong><\/a><strong>.<\/strong><\/p>\n<p>En <strong>hiver<\/strong> cette piste int\u00e8gre le <strong>circuit de ski de fond de Llanos del Hospital<\/strong> et n\u2019est donc pas accessible aux voitures.<\/p>\n<h4>Voie de la face sud: Comment se rendre au pont de Coronas?<\/h4>\n<p><a href=\"https:\/\/goo.gl\/maps\/rfoVbk5BEeAcoZ5X6\"><strong>Plan de Senarta<\/strong><\/a> est le point de d\u00e9part de la piste qui m\u00e8ne \u00e0 la <strong>vall\u00e9e de Vallibierna<\/strong> et au <a href=\"https:\/\/goo.gl\/maps\/byr73k245UFw5X9bA\"><strong>pont de Coronas<\/strong><\/a>, endroit o\u00f9 commence l\u2019ascension \u00e0 l\u2019Aneto par la <a href=\"https:\/\/anetoseguro.com\/ruta-sur\/\">voie sud<\/a>.<\/p>\n<p>On acc\u00e8de d\u2019abord \u00e0 Plan de Senarta en sortant de <strong>Benasque<\/strong> par l\u2019<strong>A-139<\/strong> en direction du nord. \u00c0 5,7 km de Benasque, il faut prendre une bifurcation \u00e0 droite conduisant au <strong>Plan de Senarta.<\/strong> De l\u00e0, une <strong>piste non goudronn\u00e9e de 7,7\u00a0km<\/strong> rejoint le <strong>pont de Coronas.<\/strong><\/p>\n<p><strong>En \u00e9t\u00e9 la piste de Vallibierna est ferm\u00e9e aux v\u00e9hicules particuliers<\/strong>. Vous devrez garer votre voiture au Plan de Senarta d\u2019o\u00f9 partent des bus pour le pont de Coronas six fois par jour.\u00a0Consultez les horaires et les conditions en suivant ce <a href=\"http:\/\/turismobenasque.com\/guia-de-viaje\/transporte-urbano\/\"><strong>lien\u00a0<\/strong><\/a><strong>:<\/strong><\/p>\n<table style=\"height: 71px;\" width=\"360\">\n<tbody>\n<tr>\n<td style=\"text-align: center;\"><strong>Tarifs 2024<\/strong><\/td>\n<td style=\"text-align: center;\"><strong>ALLER\u00a0<\/strong><\/td>\n<td style=\"text-align: center;\"><strong>ALLER ET RETOUR\u00a0<\/strong><\/td>\n<\/tr>\n<tr>\n<td style=\"text-align: center;\">Benasque &#8211; Puente de Coronas<\/td>\n<td style=\"text-align: center;\"><em>14,50 \u20ac<\/em><\/td>\n<td style=\"text-align: center;\"><em>22,00 \u20ac<\/em><\/td>\n<\/tr>\n<tr>\n<td style=\"text-align: center;\">Senarta &#8211; Puente de Coronas<\/td>\n<td style=\"text-align: center;\"><em>11,50 \u20ac<\/em><\/td>\n<td style=\"text-align: center;\"><em>19,00 \u20ac<\/em><\/td>\n<\/tr>\n<\/tbody>\n<\/table>\n<p>&nbsp;<\/p>\n<p><strong>Si vous souhaitez monter \u00e0 pied au pont de Coronas<\/strong>, tenez compte du fait que cela rallongera la mont\u00e9e de <strong>2\u00a0h\u00a015\u00a0min et la descente de 1\u00a0h\u00a050\u00a0min<\/strong><strong>.<\/strong><\/p>\n<p>Jusque fin juin et \u00e0 partir de mi-septembre, la piste de Vallibierna<strong>est ouverte<\/strong> et il est possible d\u2019y circuler. Renseignez-vous sur son \u00e9tat avant de l\u2019emprunter en voiture. En hiver, la piste est enneig\u00e9e et ne peut pas \u00eatre utilis\u00e9e.<\/p>\n<h4>Attention<\/h4>\n<p>Il y a plusieurs horaires de bus pour La\u00a0Besurta et le pont de Coronas, mais si vous d\u00e9cidez de <strong>monter \u00e0 l\u2019Aneto sur une journ\u00e9e,vous devrez prendre le premier<\/strong><strong>, <\/strong><strong>entre 4\u00a0h\u00a030 et 5\u00a0h\u00a030 du matin, car votre ascension risquerait d\u2019\u00eatre compromise si vous partez trop tard<\/strong>.<\/p>\n<p><strong>Afin de simplifier l\u2019acc\u00e8s et gagner quelques heures de sommeil,<\/strong> il est conseill\u00e9 de passer la nuit au refuge de <a href=\"https:\/\/anetoseguro.com\/la-renclusa\/\">La\u00a0Renclusa<\/a>, sur l\u2019itin\u00e9raire de la face nord. <a href=\"https:\/\/www.alberguesyrefugios.com\/larenclusa\/reservar\">Consultez les disponibilit\u00e9s et r\u00e9servez<\/a> avant de partir.<\/p>\n<p>&nbsp;<\/p>\n<table class=\"miTabla\">\n<tbody>\n<tr>\n<td style=\"text-align: left;\"><a class=\"btn btn-default btn-lg btn-left btn-nav\" href=\"https:\/\/anetoseguro.com\/primeras-ascensiones\/\">Premi\u00e8re ascension<\/a><\/td>\n<td style=\"text-align: right;\"><a class=\"btn btn-default btn-lg btn-right btn-nav\" href=\"https:\/\/anetoseguro.com\/ruta-norte\/\">Voie nord par le Portill\u00f3n Superieur<\/a><\/p>\n<p><a class=\"btn btn-default btn-lg btn-right btn-nav\" href=\"https:\/\/anetoseguro.com\/ruta-salterillo\/\">Voie nord par le Salterillo<\/a><\/p>\n<p><a class=\"btn btn-default btn-lg btn-right btn-nav\" href=\"https:\/\/anetoseguro.com\/ruta-sur\/\">Voie sud<\/a><\/td>\n<\/tr>\n<\/tbody>\n<\/table>\n<p><a href=\"https:\/\/anetoseguro.com\/wp-content\/uploads\/2017\/05\/aigullaut_aproximacion.jpg\"><img loading=\"lazy\" decoding=\"async\" class=\"wp-image-522 size-medium alignleft\" title=\"Aneto desde Aiguallut\" src=\"https:\/\/anetoseguro.com\/wp-content\/uploads\/2017\/05\/aigullaut_aproximacion-350x263.jpg\" alt=\"aproximacion\" width=\"350\" height=\"263\" srcset=\"https:\/\/anetoseguro.com\/wp-content\/uploads\/2017\/05\/aigullaut_aproximacion-350x263.jpg 350w, https:\/\/anetoseguro.com\/wp-content\/uploads\/2017\/05\/aigullaut_aproximacion-768x576.jpg 768w, https:\/\/anetoseguro.com\/wp-content\/uploads\/2017\/05\/aigullaut_aproximacion-730x548.jpg 730w, https:\/\/anetoseguro.com\/wp-content\/uploads\/2017\/05\/aigullaut_aproximacion-1366x1025.jpg 1366w, https:\/\/anetoseguro.com\/wp-content\/uploads\/2017\/05\/aigullaut_aproximacion.jpg 1920w\" sizes=\"auto, (max-width: 350px) 100vw, 350px\" \/><\/a><\/p>\n<p>Pour entreprendre l\u2019ascension de l\u2019<a href=\"https:\/\/es.wikipedia.org\/wiki\/Pico_Aneto\">Aneto<\/a>, il vous faut conna\u00eetre les <strong>points de d\u00e9partdes voies normales<\/strong> et l\u2019acc\u00e8s \u00e0 ceux-ci.<\/p>\n<p>La <a href=\"https:\/\/anetoseguro.com\/valle-de-benasque\/\">vall\u00e9e de Benasque<\/a> est la porte d\u2019entr\u00e9e naturelle des diff\u00e9rentes voies menant \u00e0 l\u2019<strong>Aneto<\/strong>. Les plus accessibles sont celle de la <a href=\"https:\/\/anetoseguro.com\/ruta-norte\/\"><strong>face nord, <\/strong>\u00e0 partir de<strong>La\u00a0Besurta<\/strong><\/a> (la plus fr\u00e9quent\u00e9e par les alpinistes), et celle de la <a href=\"https:\/\/anetoseguro.com\/ruta-sur\/\"><strong>face sud,<\/strong>depuis le<strong>pont de Coronas \u00e0 Vallibierna<\/strong><\/a><strong>.<\/strong><\/p>\n<h4><strong>Voie de la face nord: Comment se rendre \u00e0 La Besurta?<\/strong><\/h4>\n<p><a href=\"https:\/\/goo.gl\/maps\/uC8nSaWg4kLEqmZN7\">La\u00a0Besurta<\/a> est le point de d\u00e9part de la voie qui m\u00e8ne \u00e0 l\u2019Aneto par la <a href=\"https:\/\/anetoseguro.com\/ruta-norte\/\">face nord<\/a>. On y acc\u00e8de depuis <strong>Benasque<\/strong> par la route <strong>A-139<\/strong> en direction du nord.<\/p>\n<p>En \u00e9t\u00e9 (de la fin juin \u00e0 la mi-septembre), <strong>l\u2019acc\u00e8s \u00e0 La\u00a0Besurta en v\u00e9hicule particulier est interdit,<\/strong>vous devrez donc garer votre voiture sur le parking <strong>d\u2019<\/strong><a href=\"https:\/\/goo.gl\/maps\/JTi78HPPYmgBUSNg7\"><strong>El Vado<\/strong><\/a>, situ\u00e9 \u00e0 <strong>12\u00a0kilom\u00e8tres de Benasque etun kilom\u00e8tre de Llanos delHospital<\/strong><strong>.<\/strong> Des bus en partent pour <strong>La\u00a0Besurta<\/strong><strong>.<\/strong><\/p>\n<p><strong>Consultez les horaires et les conditions <\/strong><a href=\"http:\/\/turismobenasque.com\/guia-de-viaje\/transporte-urbano\/\">ici<\/a>. \u00c0 une moindre fr\u00e9quence, des bus partent \u00e9galement de Benasque.<\/p>\n<table style=\"height: 64px;\" width=\"350\">\n<tbody>\n<tr>\n<td style=\"text-align: center;\"><strong>Tarifs 2022<\/strong><\/td>\n<td style=\"text-align: center;\"><strong>ALLER<\/strong><\/td>\n<td style=\"text-align: center;\"><strong>ALLER ET RETOUR<\/strong><\/td>\n<\/tr>\n<tr>\n<td style=\"text-align: center;\">El Vado &#8211; La Besurta<\/td>\n<td style=\"text-align: center;\"><em>2,90 \u20ac<\/em><\/td>\n<td style=\"text-align: center;\"><em>5,20 \u20ac<\/em><\/td>\n<\/tr>\n<tr>\n<td style=\"text-align: center;\">Benasque &#8211; La Besurta<\/td>\n<td style=\"text-align: center;\"><em>8,20 \u20ac<\/em><\/td>\n<td style=\"text-align: center;\"><em>12,50 \u20ac<\/em><\/td>\n<\/tr>\n<\/tbody>\n<\/table>\n<p>&nbsp;<\/p>\n<p>Jusque fin juin et \u00e0 partir de mi-septembre, l\u2019acc\u00e8s \u00e0 <strong>\u00a0La\u00a0Besurta est ouvert<\/strong>et il est possible de s\u2019y rendre en voiture via <strong>3,5\u00a0kilom\u00e8tres de piste asphalt\u00e9e<\/strong>, \u00e0 partir de <a href=\"https:\/\/goo.gl\/maps\/uKoKDrBoA5yBfgjU9\"><strong>\u00a0Llanos delHospital<\/strong><\/a><strong>.<\/strong><\/p>\n<p>En <strong>hiver<\/strong> cette piste int\u00e8gre le <strong>circuit de ski de fond de Llanos del Hospital<\/strong> et n\u2019est donc pas accessible aux voitures.<\/p>\n<h4>Voie de la face sud: Comment se rendre au pont de Coronas?<\/h4>\n<p><a href=\"https:\/\/goo.gl\/maps\/rfoVbk5BEeAcoZ5X6\"><strong>Plan de Senarta<\/strong><\/a> est le point de d\u00e9part de la piste qui m\u00e8ne \u00e0 la <strong>vall\u00e9e de Vallibierna<\/strong> et au <a href=\"https:\/\/goo.gl\/maps\/byr73k245UFw5X9bA\"><strong>pont de Coronas<\/strong><\/a>, endroit o\u00f9 commence l\u2019ascension \u00e0 l\u2019Aneto par la <a href=\"https:\/\/anetoseguro.com\/ruta-sur\/\">voie sud<\/a>.<\/p>\n<p>On acc\u00e8de d\u2019abord \u00e0 Plan de Senarta en sortant de <strong>Benasque<\/strong> par l\u2019<strong>A-139<\/strong> en direction du nord. \u00c0 5,7 km de Benasque, il faut prendre une bifurcation \u00e0 droite conduisant au <strong>Plan de Senarta.<\/strong> De l\u00e0, une <strong>piste non goudronn\u00e9e de 7,7\u00a0km<\/strong> rejoint le <strong>pont de Coronas.<\/strong><\/p>\n<p><strong>En \u00e9t\u00e9 la piste de Vallibierna est ferm\u00e9e aux v\u00e9hicules particuliers<\/strong>. Vous devrez garer votre voiture au Plan de Senarta d\u2019o\u00f9 partent des bus pour le pont de Coronas six fois par jour.\u00a0Consultez les horaires et les conditions en suivant ce <a href=\"http:\/\/turismobenasque.com\/guia-de-viaje\/transporte-urbano\/\"><strong>lien\u00a0<\/strong><\/a><strong>:<\/strong><\/p>\n<table style=\"height: 71px;\" width=\"360\">\n<tbody>\n<tr>\n<td style=\"text-align: center;\"><strong>Tarifs 2022<\/strong><\/td>\n<td style=\"text-align: center;\"><strong>ALLER\u00a0<\/strong><\/td>\n<td style=\"text-align: center;\"><strong>ALLER ET RETOUR\u00a0<\/strong><\/td>\n<\/tr>\n<tr>\n<td style=\"text-align: center;\">Benasque &#8211; Puente de Coronas<\/td>\n<td style=\"text-align: center;\"><em>13,60 \u20ac<\/em><\/td>\n<td style=\"text-align: center;\"><em>20,20 \u20ac<\/em><\/td>\n<\/tr>\n<tr>\n<td style=\"text-align: center;\">Senarta &#8211; Puente de Coronas<\/td>\n<td style=\"text-align: center;\"><em>10,60 \u20ac<\/em><\/td>\n<td style=\"text-align: center;\"><em>17,50 \u20ac<\/em><\/td>\n<\/tr>\n<\/tbody>\n<\/table>\n<p>&nbsp;<\/p>\n<p><strong>Si vous souhaitez monter \u00e0 pied au pont de Coronas<\/strong>, tenez compte du fait que cela rallongera la mont\u00e9e de <strong>2\u00a0h\u00a015\u00a0min et la descente de 1\u00a0h\u00a050\u00a0min<\/strong><strong>.<\/strong><\/p>\n<p>Jusque fin juin et \u00e0 partir de mi-septembre, la piste de Vallibierna<strong>est ouverte<\/strong> et il est possible d\u2019y circuler. Renseignez-vous sur son \u00e9tat avant de l\u2019emprunter en voiture. En hiver, la piste est enneig\u00e9e et ne peut pas \u00eatre utilis\u00e9e.<\/p>\n<h4>Attention<\/h4>\n<p>Il y a plusieurs horaires de bus pour La\u00a0Besurta et le pont de Coronas, mais si vous d\u00e9cidez de <strong>monter \u00e0 l\u2019Aneto sur une journ\u00e9e,vous devrez prendre le premier<\/strong><strong>, <\/strong><strong>entre 4\u00a0h\u00a030 et 5\u00a0h\u00a030 du matin, car votre ascension risquerait d\u2019\u00eatre compromise si vous partez trop tard<\/strong>.<\/p>\n<p><strong>Afin de simplifier l\u2019acc\u00e8s et gagner quelques heures de sommeil,<\/strong> il est conseill\u00e9 de passer la nuit au refuge de <a href=\"https:\/\/anetoseguro.com\/la-renclusa\/\">La\u00a0Renclusa<\/a>, sur l\u2019itin\u00e9raire de la face nord. <a href=\"https:\/\/www.alberguesyrefugios.com\/larenclusa\/reservar\">Consultez les disponibilit\u00e9s et r\u00e9servez<\/a> avant de partir.<\/p>\n<p>&nbsp;<\/p>\n<table class=\"miTabla\">\n<tbody>\n<tr>\n<td style=\"text-align: left;\"><a class=\"btn btn-default btn-lg btn-left btn-nav\" href=\"https:\/\/anetoseguro.com\/primeras-ascensiones\/\">Premi\u00e8re ascension<\/a><\/td>\n<td style=\"text-align: right;\"><a class=\"btn btn-default btn-lg btn-right btn-nav\" href=\"https:\/\/anetoseguro.com\/ruta-norte\/\">Voie nord par le Portill\u00f3n Superieur<\/a><\/p>\n<p><a class=\"btn btn-default btn-lg btn-right btn-nav\" href=\"https:\/\/anetoseguro.com\/ruta-salterillo\/\">Voie nord par le Salterillo<\/a><\/p>\n<p><a class=\"btn btn-default btn-lg btn-right btn-nav\" href=\"https:\/\/anetoseguro.com\/ruta-sur\/\">Voie sud<\/a><\/td>\n<\/tr>\n<\/tbody>\n<\/table>\n<p>&nbsp;<\/p>","protected":false},"excerpt":{"rendered":"<p>Pour entreprendre l\u2019ascension de l\u2019Aneto, il vous faut conna\u00eetre les points de d\u00e9partdes voies normales et l\u2019acc\u00e8s \u00e0 ceux-ci. La vall\u00e9e de Benasque est la porte d\u2019entr\u00e9e naturelle des diff\u00e9rentes voies menant \u00e0 l\u2019Aneto. Les plus accessibles sont celle de la face nord, \u00e0 partir deLa\u00a0Besurta (la plus fr\u00e9quent\u00e9e par les alpinistes), et celle de la face sud,depuis lepont de Coronas \u00e0 Vallibierna. Voie de la face nord: Comment se rendre \u00e0 La Besurta? La\u00a0Besurta est le point de d\u00e9part de la voie qui m\u00e8ne \u00e0 l\u2019Aneto par la face nord. On y acc\u00e8de depuis Benasque par la route A-139 &hellip;<\/p>\n","protected":false},"author":2,"featured_media":0,"parent":0,"menu_order":0,"comment_status":"closed","ping_status":"closed","template":"","meta":{"_joinchat":[],"footnotes":""},"class_list":["post-39","page","type-page","status-publish","hentry"],"_links":{"self":[{"href":"https:\/\/anetoseguro.com\/fr\/wp-json\/wp\/v2\/pages\/39","targetHints":{"allow":["GET"]}}],"collection":[{"href":"https:\/\/anetoseguro.com\/fr\/wp-json\/wp\/v2\/pages"}],"about":[{"href":"https:\/\/anetoseguro.com\/fr\/wp-json\/wp\/v2\/types\/page"}],"author":[{"embeddable":true,"href":"https:\/\/anetoseguro.com\/fr\/wp-json\/wp\/v2\/users\/2"}],"replies":[{"embeddable":true,"href":"https:\/\/anetoseguro.com\/fr\/wp-json\/wp\/v2\/comments?post=39"}],"version-history":[{"count":43,"href":"https:\/\/anetoseguro.com\/fr\/wp-json\/wp\/v2\/pages\/39\/revisions"}],"predecessor-version":[{"id":1267,"href":"https:\/\/anetoseguro.com\/fr\/wp-json\/wp\/v2\/pages\/39\/revisions\/1267"}],"wp:attachment":[{"href":"https:\/\/anetoseguro.com\/fr\/wp-json\/wp\/v2\/media?parent=39"}],"curies":[{"name":"wp","href":"https:\/\/api.w.org\/{rel}","templated":true}]}}