{"id":41,"date":"2017-05-03T12:32:49","date_gmt":"2017-05-03T11:32:49","guid":{"rendered":"https:\/\/anetoseguro.com\/?page_id=41"},"modified":"2022-08-02T13:28:39","modified_gmt":"2022-08-02T12:28:39","slug":"la-renclusa","status":"publish","type":"page","link":"https:\/\/anetoseguro.com\/fr\/la-renclusa\/","title":{"rendered":"La Renclusa"},"content":{"rendered":"<p><a href=\"https:\/\/anetoseguro.com\/wp-content\/uploads\/2017\/05\/renclusa.jpg\"><img loading=\"lazy\" decoding=\"async\" class=\"alignleft wp-image-181 size-medium\" title=\"Refugio de La Renclusa. Monta\u00f1a Segura\" src=\"https:\/\/anetoseguro.com\/wp-content\/uploads\/2017\/05\/renclusa-350x262.jpg\" alt=\"refugio-la renclusa-monta\u00f1a-segura\" width=\"350\" height=\"262\" srcset=\"https:\/\/anetoseguro.com\/wp-content\/uploads\/2017\/05\/renclusa-350x262.jpg 350w, https:\/\/anetoseguro.com\/wp-content\/uploads\/2017\/05\/renclusa-768x576.jpg 768w, https:\/\/anetoseguro.com\/wp-content\/uploads\/2017\/05\/renclusa-730x547.jpg 730w, https:\/\/anetoseguro.com\/wp-content\/uploads\/2017\/05\/renclusa.jpg 1134w\" sizes=\"auto, (max-width: 350px) 100vw, 350px\" \/><\/a><\/p>\n<p>Le refuge de La Renclusa est situ\u00e9 sur la face nord du massif de la Maladeta, \u00e0 <strong>2\u00a0140\u00a0m\u00e8tres d\u2019altitude<\/strong> et au sein du <a href=\"https:\/\/anetoseguro.com\/parque-natural-posets-maladeta\/\">Parc naturel Posets-Maladeta<\/a>.<\/p>\n<h4>La Renclusa<\/h4>\n<p>\u00c0 <strong>50\u00a0minutes de La\u00a0Besurta, point de d\u00e9part de l\u2019itin\u00e9raire<\/strong> par la <a href=\"https:\/\/anetoseguro.com\/ruta-norte\/\">face nord<\/a>, c\u2019est l\u2019endroit id\u00e9al pour passer la nuit et accoutumer le corps \u00e0 l\u2019altitude.<\/p>\n<p>Dormir \u00e0 La\u00a0Renclusa aide \u00e0 pr\u00e9venir le <a href=\"https:\/\/anetoseguro.com\/mal-de-altura\/\"><strong>MAM<\/strong><\/a> (mal aigu des montagnes). Le <strong>MAM<\/strong>commence \u00e0 se manifester \u00e0 partir de 2\u00a0500\u00a0m\u00e8tres d\u2019altitude et peut rendre l\u2019ascension \u00e0 l\u2019Aneto difficile.<\/p>\n<h4>Que propose le refuge?<\/h4>\n<p>Le refuge de La Renclusa est ouvert toute l\u2019ann\u00e9e. Il offre <strong>92\u00a0places<\/strong>, des <strong>douches, un bar, un service de restauration, des couvertures et des casiers ferm\u00e9s. <\/strong>Il dispose \u00e9galement d\u2019une <strong>infirmerie et d\u2019un d\u00e9fibrillateur automatis\u00e9 externe <\/strong>\u00a0(<a href=\"https:\/\/es.wikipedia.org\/wiki\/Desfibrilador_externo_autom\u00e1tico\">DAE<\/a>).<\/p>\n<p><strong>Vous pourrez vous renseigner sur l\u2019\u00e9tat de la voieaupr\u00e8s des gardiens du refuge<\/strong>. Depuis son site internet, vous pouvez\u00a0:<\/p>\n<ul>\n<li><a href=\"https:\/\/www.alberguesyrefugios.com\/larenclusa\/\"><strong>R\u00e9server\u00a0<\/strong><\/a>: en \u00e9t\u00e9 , le refuge est souvent complet. Anticipez pour \u00eatre s\u00fbr d\u2019avoir une place.<\/li>\n<li><a href=\"https:\/\/www.alberguesyrefugios.com\/larenclusa\/#gallery-webcam-refugio-1\"><strong>Observer les conditions en montagne via ses 2\u00a0webcams<\/strong><\/a><\/li>\n<li><a href=\"https:\/\/www.alberguesyrefugios.com\/larenclusa\/montanasegura\"><strong>Consulter l\u2019\u00e9tat des voies<\/strong><\/a>depuis et jusqu\u2019au refuge<\/li>\n<\/ul>\n<p>Si vous passez la nuit au refuge, vous <strong>devez apportervotre drap ou sac de couchage <\/strong>\u00a0(couvertures \u00e0 disposition).<\/p>\n<p>Ce refuge est cog\u00e9r\u00e9 par la <a href=\"http:\/\/www.fam.es\/\">F\u00e9d\u00e9ration aragonaise de montagne<\/a> (FAM), le <a href=\"http:\/\/cec.cat\/\">Centre excursionniste de Catalogne<\/a> (CEC) et la <a href=\"http:\/\/www.benasque.es\/\"><strong>municipalit\u00e9 de Benasque<\/strong><\/a>. Il propose des services aux alpinistes qui abordent le massif de la Maladeta.<\/p>\n<table class=\"miTabla\">\n<tbody>\n<tr>\n<td style=\"text-align: left;\"><a class=\"btn btn-default btn-lg btn-left btn-nav\" href=\"https:\/\/anetoseguro.com\/piolet-y-crampones\/\">Piolet et Crampons<\/a><\/td>\n<td style=\"text-align: right;\"><a class=\"btn btn-default btn-lg btn-right btn-nav\" href=\"https:\/\/anetoseguro.com\/el-glaciar-del-aneto\/\">Le glacier d&#8217;Aneto<\/a><\/td>\n<\/tr>\n<\/tbody>\n<\/table>\n<p><\/p>","protected":false},"excerpt":{"rendered":"<p>Le refuge de La Renclusa est situ\u00e9 sur la face nord du massif de la Maladeta, \u00e0 2\u00a0140\u00a0m\u00e8tres d\u2019altitude et au sein du Parc naturel Posets-Maladeta. La Renclusa \u00c0 50\u00a0minutes de La\u00a0Besurta, point de d\u00e9part de l\u2019itin\u00e9raire par la face nord, c\u2019est l\u2019endroit id\u00e9al pour passer la nuit et accoutumer le corps \u00e0 l\u2019altitude. Dormir \u00e0 La\u00a0Renclusa aide \u00e0 pr\u00e9venir le MAM (mal aigu des montagnes). Le MAMcommence \u00e0 se manifester \u00e0 partir de 2\u00a0500\u00a0m\u00e8tres d\u2019altitude et peut rendre l\u2019ascension \u00e0 l\u2019Aneto difficile. Que propose le refuge? Le refuge de La Renclusa est ouvert toute l\u2019ann\u00e9e. Il offre 92\u00a0places, des &hellip;<\/p>\n","protected":false},"author":2,"featured_media":0,"parent":0,"menu_order":0,"comment_status":"closed","ping_status":"closed","template":"","meta":{"_joinchat":[],"footnotes":""},"class_list":["post-41","page","type-page","status-publish","hentry"],"_links":{"self":[{"href":"https:\/\/anetoseguro.com\/fr\/wp-json\/wp\/v2\/pages\/41","targetHints":{"allow":["GET"]}}],"collection":[{"href":"https:\/\/anetoseguro.com\/fr\/wp-json\/wp\/v2\/pages"}],"about":[{"href":"https:\/\/anetoseguro.com\/fr\/wp-json\/wp\/v2\/types\/page"}],"author":[{"embeddable":true,"href":"https:\/\/anetoseguro.com\/fr\/wp-json\/wp\/v2\/users\/2"}],"replies":[{"embeddable":true,"href":"https:\/\/anetoseguro.com\/fr\/wp-json\/wp\/v2\/comments?post=41"}],"version-history":[{"count":24,"href":"https:\/\/anetoseguro.com\/fr\/wp-json\/wp\/v2\/pages\/41\/revisions"}],"predecessor-version":[{"id":1154,"href":"https:\/\/anetoseguro.com\/fr\/wp-json\/wp\/v2\/pages\/41\/revisions\/1154"}],"wp:attachment":[{"href":"https:\/\/anetoseguro.com\/fr\/wp-json\/wp\/v2\/media?parent=41"}],"curies":[{"name":"wp","href":"https:\/\/api.w.org\/{rel}","templated":true}]}}