{"id":45,"date":"2017-05-03T12:10:03","date_gmt":"2017-05-03T11:10:03","guid":{"rendered":"https:\/\/anetoseguro.com\/?page_id=45"},"modified":"2022-11-02T08:05:34","modified_gmt":"2022-11-02T07:05:34","slug":"ruta-sur-coronas","status":"publish","type":"page","link":"https:\/\/anetoseguro.com\/fr\/ruta-sur-coronas\/","title":{"rendered":"Voie sud por Coronas"},"content":{"rendered":"<p><a href=\"https:\/\/anetoseguro.com\/wp-content\/uploads\/2017\/05\/subida_corones.jpg\"><img loading=\"lazy\" decoding=\"async\" class=\"alignleft wp-image-190 size-medium\" title=\"Ib\u00f3n de Coronas. Monta\u00f1a Segura\" src=\"https:\/\/anetoseguro.com\/wp-content\/uploads\/2017\/05\/subida_corones-350x262.jpg\" alt=\"ruta sur-ibon-de-coronas-aneto\" width=\"350\" height=\"262\" srcset=\"https:\/\/anetoseguro.com\/wp-content\/uploads\/2017\/05\/subida_corones-350x262.jpg 350w, https:\/\/anetoseguro.com\/wp-content\/uploads\/2017\/05\/subida_corones-768x576.jpg 768w, https:\/\/anetoseguro.com\/wp-content\/uploads\/2017\/05\/subida_corones-730x547.jpg 730w, https:\/\/anetoseguro.com\/wp-content\/uploads\/2017\/05\/subida_corones.jpg 1134w\" sizes=\"auto, (max-width: 350px) 100vw, 350px\" \/><\/a><\/p>\n<p>L\u2019itin\u00e9raire par la voie sud d\u00e9bute au <strong>pont de Coronas<\/strong> (1\u00a0995\u00a0m) de la <strong>vall\u00e9e de Vallibierna<\/strong>, au <strong>refuge non gard\u00e9 avec radio-secours de Coronas ou \u00e0 Les\u00a0Riberetes<\/strong><strong>.<\/strong> Pour acc\u00e9der au pont de Coronas, reportez-vous <a href=\"https:\/\/anetoseguro.com\/aproximacion\/\"><strong>ici<\/strong><\/a><strong>.<\/strong><\/p>\n<h4>Voie sud<\/h4>\n<p>\u00c0 partir du <strong>pont de Coronas<\/strong> (1\u00a0930\u00a0m), empruntez le <strong>GR. 11<\/strong> et abandonnez-le au bout 5\u00a0minutes pour monter par la <strong>vall\u00e9e de Coronas<\/strong>, sur un sentier trac\u00e9, jusqu\u2019au <strong>Lac de Coronas<\/strong> (2\u00a0230\u00a0m, 1\u00a0h).<\/p>\n<p>\u00c0 partir de l\u00e0, vous entrez en<a href=\"https:\/\/anetoseguro.com\/progresion-y-senalizacion\/\"><strong> terrain de haute montagne<\/strong><\/a>, le sentier devient moins net et il faut \u00eatre attentif aux <strong>bornes (cairns)<\/strong> qui indiquent l\u2019itin\u00e9raire. Remontez sous la <a href=\"https:\/\/anetoseguro.com\/otras-rutas\/\"><strong>cr\u00eate de Llosas<\/strong><\/a> jusqu\u2019au <strong>lac Baixo de Coronas<\/strong> (2\u00a0630\u00a0m, 1\u00a0h\u00a010\u00a0min.) d\u2019abord, puis direction nord-ouest jusqu\u2019aux <strong>lacs Altos de Coronas<\/strong> (2\u00a0740\u00a0m, 30\u00a0min.).<\/p>\n<p><a href=\"http:\/\/visor.montanasegura.com\/ruta\/ficha\/308\" target=\"_blank\" rel=\"noopener\"><strong>T\u00e9l\u00e9charger le trac\u00e9 et la carte de cet itin\u00e9raire.<\/strong><\/a><\/p>\n<h4>Le cirque de Coronas<\/h4>\n<p>Une fois aux <strong>lacs Altos de Coronas<\/strong>, suivre la grande mor\u00e8ne glaciaire sur son c\u00f4t\u00e9 gauche jusqu\u2019\u00e0 la base du <strong>Col de Coronas<\/strong>(3\u00a0208\u00a0m, 1\u00a0h\u00a025\u00a0min.). Avant d\u2019atteindre le col, vous devez franchir une chemin\u00e9e, par une mont\u00e9e qui peut s\u2019av\u00e9rer plus compliqu\u00e9e en pr\u00e9sence de neige.<\/p>\n<p>Au niveau du <strong>Col de Coronas<\/strong>, le parcours de la face sud rejoint la <a href=\"https:\/\/anetoseguro.com\/ruta-norte\/\"><strong>voie qui monte par le nord <\/strong><\/a>depuis <strong>La\u00a0Besurta<\/strong> et le refuge de <a href=\"https:\/\/anetoseguro.com\/la-renclusa\/\"><strong>La\u00a0Renclusa<\/strong><\/a><strong>.<\/strong><\/p>\n<p>Selon la p\u00e9riode de l\u2019ann\u00e9e, vous ne rencontrerez pas de neige avant le <strong>Col de Coronas<\/strong>, mais \u00e0 ce point vous arriverez sur le <a href=\"https:\/\/anetoseguro.com\/el-glaciar-del-aneto\/\"><strong>glacier de l\u2019Aneto<\/strong><\/a> et devrez imp\u00e9rativement utiliser <a href=\"https:\/\/anetoseguro.com\/piolet-y-crampones\/\"><strong>les crampons, le piolet<\/strong><\/a><strong>et le casque<\/strong>. \u00c9voluer sur le glacier si vous ne disposez pas de cet \u00e9quipement ou n\u2019avez pas appris \u00e0 vous en servir n\u2019est pas envisageable. Si tel est votre cas, il serait judicieux d\u2019avoir recours aux services d\u2019un <a href=\"https:\/\/anetoseguro.com\/los-guias\/\"><strong>guide de montagne<\/strong><\/a>.<\/p>\n<p>Depuis le <strong>Col de Coronas<\/strong> (3\u00a0208\u00a0m), on monte par la zone la plus pentue du glacier jusqu\u2019au<strong>pr\u00e9-sommet<\/strong> et, de l\u00e0, au <strong>sommet de l\u2019Aneto<\/strong> (3\u00a0404\u00a0m, 40\u00a0min.).<\/p>\n<h4>Le pont du Mahomet<\/h4>\n<p><a href=\"https:\/\/anetoseguro.com\/puente-de-mahoma\/\"><strong>Le Pont de Mahomet<\/strong><\/a> est le dernier obstacle avant d\u2019arriver \u00e0 l\u2019Aneto. Il s\u2019agit d\u2019une section horizontale \u00e9troite et expos\u00e9e qui n\u00e9cessite de grimper sur des rochers. Le <strong>vide<\/strong> de chaque c\u00f4t\u00e9 de ces derniers m\u00e8tres est impressionnant et le passage est d\u00e9conseill\u00e9 en cas de vertige. Le tr\u00e8s grand nombre de personnes \u00e0 cet endroit, et la fatigue peuvent compromettre la s\u00e9curit\u00e9. Le pr\u00e9-sommet est, en soi, une grande r\u00e9compense.<\/p>\n<h4>Le retour<\/h4>\n<p>Le retour emprunte le m\u00eame itin\u00e9raire jusqu\u2019au <strong>pont de Coronas<\/strong> (3\u00a0h\u00a030\u00a0min.). Une autre option est de descendre par la<a href=\"https:\/\/anetoseguro.com\/ruta-norte\/\"><strong>voie nord<\/strong><\/a> jusqu\u2019\u00e0 <strong>La\u00a0Besurta<\/strong> et, de l\u00e0, revenir au <strong>Plan de Senarta<\/strong> en bus. N\u2019oubliez pas de <a href=\"http:\/\/turismobenasque.com\/guia-de-viaje\/transporte-urbano\/\"><strong>consulter les horaires<\/strong><\/a> si vous retenez cette option.<\/p>\n<table>\n<tbody>\n<tr>\n<td><\/td>\n<td style=\"text-align: center;\">Dur\u00e9e partielle<\/td>\n<td style=\"text-align: center;\">Dur\u00e9e cumul\u00e9e<\/td>\n<td style=\"text-align: center;\">D\u00e9nivel\u00e9 partiel<\/td>\n<td style=\"text-align: center;\">D\u00e9nivel\u00e9 cumul\u00e9<\/td>\n<td style=\"text-align: center;\">Distance partielle<\/td>\n<td style=\"text-align: center;\">Distance cumul\u00e9e<\/td>\n<\/tr>\n<tr>\n<td>Pont de Coronas &#8211; Ibonet de Coronas<\/td>\n<td style=\"text-align: center; vertical-align: middle;\">1 h<\/td>\n<td style=\"text-align: center; vertical-align: middle;\">1 h<\/td>\n<td style=\"text-align: center; vertical-align: middle;\">+ 290 m<\/td>\n<td style=\"text-align: center; vertical-align: middle;\">+ 290 m<\/td>\n<td style=\"text-align: center; vertical-align: middle;\">1,6 km<\/td>\n<td style=\"text-align: center; vertical-align: middle;\">1,6 km<\/td>\n<\/tr>\n<tr>\n<td>Ibonet de Corones &#8211; Ib\u00f3n Baixo de Corones<\/td>\n<td style=\"vertical-align: middle; text-align: center;\">1 h 10 min<\/td>\n<td style=\"vertical-align: middle; text-align: center;\">2 h 10 min<\/td>\n<td style=\"vertical-align: middle; text-align: center;\">+ 390 m<\/td>\n<td style=\"vertical-align: middle; text-align: center;\">+ 680 m<\/td>\n<td style=\"text-align: center; vertical-align: middle;\">1,1 km<\/td>\n<td style=\"text-align: center; vertical-align: middle;\">2,7 km<\/td>\n<\/tr>\n<tr>\n<td>Ib\u00f3n Baixo de Corones &#8211; Ibones de Corones<\/td>\n<td style=\"text-align: center; vertical-align: middle;\">30 min<\/td>\n<td style=\"text-align: center; vertical-align: middle;\">2 h 40 min<\/td>\n<td style=\"text-align: center; vertical-align: middle;\">+ 110 m<\/td>\n<td style=\"text-align: center; vertical-align: middle;\">+ 790 m<\/td>\n<td style=\"text-align: center; vertical-align: middle;\">0,7 km<\/td>\n<td style=\"text-align: center; vertical-align: middle;\">3,4 km<\/td>\n<\/tr>\n<tr>\n<td>Ibones de Corones &#8211; Col de Corones<\/td>\n<td style=\"vertical-align: middle; text-align: center;\">1 h 25 min<\/td>\n<td style=\"vertical-align: middle; text-align: center;\">4 h 5 min<\/td>\n<td style=\"vertical-align: middle; text-align: center;\">+ 460 m<\/td>\n<td style=\"vertical-align: middle; text-align: center;\">+ 1250 m<\/td>\n<td style=\"text-align: center; vertical-align: middle;\">1,7 km<\/td>\n<td style=\"text-align: center; vertical-align: middle;\">5,1 km<\/td>\n<\/tr>\n<tr>\n<td style=\"text-align: left;\">Col Corones &#8211; Pico Aneto<\/td>\n<td style=\"text-align: center;\">40 min<\/td>\n<td style=\"text-align: center;\">4 h 45 min<\/td>\n<td style=\"text-align: center;\">+ 200 m<\/td>\n<td style=\"text-align: center;\">+ 1450 m<\/td>\n<td style=\"text-align: center;\">0,6 km<\/td>\n<td style=\"text-align: center;\">5,7 km<\/td>\n<\/tr>\n<tr>\n<td>Regreso<\/td>\n<td style=\"text-align: center; vertical-align: middle;\">3 h 30 min<\/td>\n<td style=\"text-align: center; vertical-align: middle;\">8 h 15 min<\/td>\n<td style=\"text-align: center; vertical-align: middle;\">&#8211; 1 450 m<\/td>\n<td style=\"text-align: center; vertical-align: middle;\">+\/- 1450 m<\/td>\n<td style=\"text-align: center; vertical-align: middle;\">5,7 km<\/td>\n<td style=\"text-align: center; vertical-align: middle;\">11,4 km<\/td>\n<\/tr>\n<\/tbody>\n<\/table>\n<p>&nbsp;<\/p>\n<table class=\"miTabla\">\n<tbody>\n<tr>\n<td style=\"text-align: left;\"><a class=\"btn btn-default btn-lg btn-left btn-nav\" href=\"https:\/\/anetoseguro.com\/aproximacion\/\">Acc\u00e8s<\/a><\/td>\n<td style=\"text-align: right;\"><a class=\"btn btn-default btn-lg btn-right btn-nav\" href=\"https:\/\/anetoseguro.com\/vestirse\/\">S&#8217;habiller<\/a><\/td>\n<\/tr>\n<\/tbody>\n<\/table>\n<p>&nbsp;<\/p>\n<p><a href=\"https:\/\/anetoseguro.com\/wp-content\/uploads\/2017\/05\/subida_corones.jpg\"><img loading=\"lazy\" decoding=\"async\" class=\"alignleft wp-image-190 size-medium\" title=\"Ib\u00f3n de Coronas. Monta\u00f1a Segura\" src=\"https:\/\/anetoseguro.com\/wp-content\/uploads\/2017\/05\/subida_corones-350x262.jpg\" alt=\"ruta sur-ibon-de-coronas-aneto\" width=\"350\" height=\"262\" srcset=\"https:\/\/anetoseguro.com\/wp-content\/uploads\/2017\/05\/subida_corones-350x262.jpg 350w, https:\/\/anetoseguro.com\/wp-content\/uploads\/2017\/05\/subida_corones-768x576.jpg 768w, https:\/\/anetoseguro.com\/wp-content\/uploads\/2017\/05\/subida_corones-730x547.jpg 730w, https:\/\/anetoseguro.com\/wp-content\/uploads\/2017\/05\/subida_corones.jpg 1134w\" sizes=\"auto, (max-width: 350px) 100vw, 350px\" \/><\/a><\/p>\n<p>L\u2019itin\u00e9raire par la voie sud d\u00e9bute au <strong>pont de Coronas<\/strong> (1\u00a0995\u00a0m) de la <strong>vall\u00e9e de Vallibierna<\/strong>, au <strong>refuge non gard\u00e9 avec radio-secours de Coronas ou \u00e0 Les\u00a0Riberetes<\/strong><strong>.<\/strong> Pour acc\u00e9der au pont de Coronas, reportez-vous <a href=\"https:\/\/anetoseguro.com\/aproximacion\/\"><strong>ici<\/strong><\/a><strong>.<\/strong><\/p>\n<h4>Voie sud<\/h4>\n<p>\u00c0 partir du <strong>pont de Coronas<\/strong> (1\u00a0930\u00a0m), empruntez le <strong>GR. 11<\/strong> et abandonnez-le au bout 5\u00a0minutes pour monter par la <strong>vall\u00e9e de Coronas<\/strong>, sur un sentier trac\u00e9, jusqu\u2019au <strong>Lac de Coronas<\/strong> (2\u00a0230\u00a0m, 1\u00a0h).<\/p>\n<p>\u00c0 partir de l\u00e0, vous entrez en<a href=\"https:\/\/anetoseguro.com\/progresion-y-senalizacion\/\"><strong> terrain de haute montagne<\/strong><\/a>, le sentier devient moins net et il faut \u00eatre attentif aux <strong>bornes (cairns)<\/strong> qui indiquent l\u2019itin\u00e9raire. Remontez sous la <a href=\"https:\/\/anetoseguro.com\/otras-rutas\/\"><strong>cr\u00eate de Llosas<\/strong><\/a> jusqu\u2019au <strong>lac Baixo de Coronas<\/strong> (2\u00a0630\u00a0m, 1\u00a0h\u00a010\u00a0min.) d\u2019abord, puis direction nord-ouest jusqu\u2019aux <strong>lacs Altos de Coronas<\/strong> (2\u00a0740\u00a0m, 30\u00a0min.).<\/p>\n<h4>Le cirque de Coronas<\/h4>\n<p>Une fois aux <strong>lacs Altos de Coronas<\/strong>, suivre la grande mor\u00e8ne glaciaire sur son c\u00f4t\u00e9 gauche jusqu\u2019\u00e0 la base du <strong>Col de Coronas<\/strong>(3\u00a0208\u00a0m, 1\u00a0h\u00a025\u00a0min.). Avant d\u2019atteindre le col, vous devez franchir une chemin\u00e9e, par une mont\u00e9e qui peut s\u2019av\u00e9rer plus compliqu\u00e9e en pr\u00e9sence de neige.<\/p>\n<p>Au niveau du <strong>Col de Coronas<\/strong>, le parcours de la face sud rejoint la <a href=\"https:\/\/anetoseguro.com\/ruta-norte\/\"><strong>voie qui monte par le nord <\/strong><\/a>depuis <strong>La\u00a0Besurta<\/strong> et le refuge de <a href=\"https:\/\/anetoseguro.com\/la-renclusa\/\"><strong>La\u00a0Renclusa<\/strong><\/a><strong>.<\/strong><\/p>\n<p>Selon la p\u00e9riode de l\u2019ann\u00e9e, vous ne rencontrerez pas de neige avant le <strong>Col de Coronas<\/strong>, mais \u00e0 ce point vous arriverez sur le <a href=\"https:\/\/anetoseguro.com\/el-glaciar-del-aneto\/\"><strong>glacier de l\u2019Aneto<\/strong><\/a> et devrez imp\u00e9rativement utiliser <a href=\"https:\/\/anetoseguro.com\/piolet-y-crampones\/\"><strong>les crampons, le piolet<\/strong><\/a><strong>et le casque<\/strong>. \u00c9voluer sur le glacier si vous ne disposez pas de cet \u00e9quipement ou n\u2019avez pas appris \u00e0 vous en servir n\u2019est pas envisageable. Si tel est votre cas, il serait judicieux d\u2019avoir recours aux services d\u2019un <a href=\"https:\/\/anetoseguro.com\/los-guias\/\"><strong>guide de montagne<\/strong><\/a>.<\/p>\n<p>Depuis le <strong>Col de Coronas<\/strong> (3\u00a0208\u00a0m), on monte par la zone la plus pentue du glacier jusqu\u2019au<strong>pr\u00e9-sommet<\/strong> et, de l\u00e0, au <strong>sommet de l\u2019Aneto<\/strong> (3\u00a0404\u00a0m, 40\u00a0min.).<\/p>\n<h4>Le pont du Mahomet<\/h4>\n<p><a href=\"https:\/\/anetoseguro.com\/puente-de-mahoma\/\"><strong>Le Pont de Mahomet<\/strong><\/a> est le dernier obstacle avant d\u2019arriver \u00e0 l\u2019Aneto. Il s\u2019agit d\u2019une section horizontale \u00e9troite et expos\u00e9e qui n\u00e9cessite de grimper sur des rochers. Le <strong>vide<\/strong> de chaque c\u00f4t\u00e9 de ces derniers m\u00e8tres est impressionnant et le passage est d\u00e9conseill\u00e9 en cas de vertige. Le tr\u00e8s grand nombre de personnes \u00e0 cet endroit, et la fatigue peuvent compromettre la s\u00e9curit\u00e9. Le pr\u00e9-sommet est, en soi, une grande r\u00e9compense.<\/p>\n<h4>Le retour<\/h4>\n<p>Le retour emprunte le m\u00eame itin\u00e9raire jusqu\u2019au <strong>pont de Coronas<\/strong> (3\u00a0h\u00a030\u00a0min.). Une autre option est de descendre par la<a href=\"https:\/\/anetoseguro.com\/ruta-norte\/\"><strong>voie nord<\/strong><\/a> jusqu\u2019\u00e0 <strong>La\u00a0Besurta<\/strong> et, de l\u00e0, revenir au <strong>Plan de Senarta<\/strong> en bus. N\u2019oubliez pas de <a href=\"http:\/\/turismobenasque.com\/guia-de-viaje\/transporte-urbano\/\"><strong>consulter les horaires<\/strong><\/a> si vous retenez cette option.<\/p>\n<table>\n<tbody>\n<tr>\n<td><\/td>\n<td style=\"text-align: center;\">Dur\u00e9e partielle<\/td>\n<td style=\"text-align: center;\">Dur\u00e9e cumul\u00e9e<\/td>\n<td style=\"text-align: center;\">D\u00e9nivel\u00e9 partiel<\/td>\n<td style=\"text-align: center;\">D\u00e9nivel\u00e9 cumul\u00e9<\/td>\n<td style=\"text-align: center;\">Distance partielle<\/td>\n<td style=\"text-align: center;\">Distance cumul\u00e9e<\/td>\n<\/tr>\n<tr>\n<td>Pont de Coronas &#8211; Ibonet de Coronas<\/td>\n<td style=\"text-align: center; vertical-align: middle;\">1 h<\/td>\n<td style=\"text-align: center; vertical-align: middle;\">1 h<\/td>\n<td style=\"text-align: center; vertical-align: middle;\">+ 290 m<\/td>\n<td style=\"text-align: center; vertical-align: middle;\">+ 290 m<\/td>\n<td style=\"text-align: center; vertical-align: middle;\">1,6 km<\/td>\n<td style=\"text-align: center; vertical-align: middle;\">1,6 km<\/td>\n<\/tr>\n<tr>\n<td>Ibonet de Corones &#8211; Ib\u00f3n Baixo de Corones<\/td>\n<td style=\"vertical-align: middle; text-align: center;\">1 h 10 min<\/td>\n<td style=\"vertical-align: middle; text-align: center;\">2 h 10 min<\/td>\n<td style=\"vertical-align: middle; text-align: center;\">+ 390 m<\/td>\n<td style=\"vertical-align: middle; text-align: center;\">+ 680 m<\/td>\n<td style=\"text-align: center; vertical-align: middle;\">1,1 km<\/td>\n<td style=\"text-align: center; vertical-align: middle;\">2,7 km<\/td>\n<\/tr>\n<tr>\n<td>Ib\u00f3n Baixo de Corones &#8211; Ibones de Corones<\/td>\n<td style=\"text-align: center; vertical-align: middle;\">30 min<\/td>\n<td style=\"text-align: center; vertical-align: middle;\">2 h 40 min<\/td>\n<td style=\"text-align: center; vertical-align: middle;\">+ 110 m<\/td>\n<td style=\"text-align: center; vertical-align: middle;\">+ 790 m<\/td>\n<td style=\"text-align: center; vertical-align: middle;\">0,7 km<\/td>\n<td style=\"text-align: center; vertical-align: middle;\">3,4 km<\/td>\n<\/tr>\n<tr>\n<td>Ibones de Corones &#8211; Col de Corones<\/td>\n<td style=\"vertical-align: middle; text-align: center;\">1 h 25 min<\/td>\n<td style=\"vertical-align: middle; text-align: center;\">4 h 5 min<\/td>\n<td style=\"vertical-align: middle; text-align: center;\">+ 460 m<\/td>\n<td style=\"vertical-align: middle; text-align: center;\">+ 1250 m<\/td>\n<td style=\"text-align: center; vertical-align: middle;\">1,7 km<\/td>\n<td style=\"text-align: center; vertical-align: middle;\">5,1 km<\/td>\n<\/tr>\n<tr>\n<td style=\"text-align: left;\">Col Corones &#8211; Pico Aneto<\/td>\n<td style=\"text-align: center;\">40 min<\/td>\n<td style=\"text-align: center;\">4 h 45 min<\/td>\n<td style=\"text-align: center;\">+ 200 m<\/td>\n<td style=\"text-align: center;\">+ 1450 m<\/td>\n<td style=\"text-align: center;\">0,6 km<\/td>\n<td style=\"text-align: center;\">5,7 km<\/td>\n<\/tr>\n<tr>\n<td>Regreso<\/td>\n<td style=\"text-align: center; vertical-align: middle;\">3 h 30 min<\/td>\n<td style=\"text-align: center; vertical-align: middle;\">8 h 15 min<\/td>\n<td style=\"text-align: center; vertical-align: middle;\">&#8211; 1 450 m<\/td>\n<td style=\"text-align: center; vertical-align: middle;\">+\/- 1450 m<\/td>\n<td style=\"text-align: center; vertical-align: middle;\">5,7 km<\/td>\n<td style=\"text-align: center; vertical-align: middle;\">11,4 km<\/td>\n<\/tr>\n<\/tbody>\n<\/table>\n<p>&nbsp;<\/p>\n<table class=\"miTabla\">\n<tbody>\n<tr>\n<td style=\"text-align: left;\"><a class=\"btn btn-default btn-lg btn-left btn-nav\" href=\"https:\/\/anetoseguro.com\/aproximacion\/\">Acc\u00e8s<\/a><\/td>\n<td style=\"text-align: right;\"><a class=\"btn btn-default btn-lg btn-right btn-nav\" href=\"https:\/\/anetoseguro.com\/vestirse\/\">S&#8217;habiller<\/a><\/td>\n<\/tr>\n<\/tbody>\n<\/table>\n<p>&nbsp;<\/p>\n<p>&nbsp;<\/p>","protected":false},"excerpt":{"rendered":"<p>L\u2019itin\u00e9raire par la voie sud d\u00e9bute au pont de Coronas (1\u00a0995\u00a0m) de la vall\u00e9e de Vallibierna, au refuge non gard\u00e9 avec radio-secours de Coronas ou \u00e0 Les\u00a0Riberetes. Pour acc\u00e9der au pont de Coronas, reportez-vous ici. Voie sud \u00c0 partir du pont de Coronas (1\u00a0930\u00a0m), empruntez le GR. 11 et abandonnez-le au bout 5\u00a0minutes pour monter par la vall\u00e9e de Coronas, sur un sentier trac\u00e9, jusqu\u2019au Lac de Coronas (2\u00a0230\u00a0m, 1\u00a0h). \u00c0 partir de l\u00e0, vous entrez en terrain de haute montagne, le sentier devient moins net et il faut \u00eatre attentif aux bornes (cairns) qui indiquent l\u2019itin\u00e9raire. Remontez sous la &hellip;<\/p>\n","protected":false},"author":2,"featured_media":0,"parent":0,"menu_order":0,"comment_status":"closed","ping_status":"closed","template":"","meta":{"_joinchat":[],"footnotes":""},"class_list":["post-45","page","type-page","status-publish","hentry"],"_links":{"self":[{"href":"https:\/\/anetoseguro.com\/fr\/wp-json\/wp\/v2\/pages\/45","targetHints":{"allow":["GET"]}}],"collection":[{"href":"https:\/\/anetoseguro.com\/fr\/wp-json\/wp\/v2\/pages"}],"about":[{"href":"https:\/\/anetoseguro.com\/fr\/wp-json\/wp\/v2\/types\/page"}],"author":[{"embeddable":true,"href":"https:\/\/anetoseguro.com\/fr\/wp-json\/wp\/v2\/users\/2"}],"replies":[{"embeddable":true,"href":"https:\/\/anetoseguro.com\/fr\/wp-json\/wp\/v2\/comments?post=45"}],"version-history":[{"count":22,"href":"https:\/\/anetoseguro.com\/fr\/wp-json\/wp\/v2\/pages\/45\/revisions"}],"predecessor-version":[{"id":1216,"href":"https:\/\/anetoseguro.com\/fr\/wp-json\/wp\/v2\/pages\/45\/revisions\/1216"}],"wp:attachment":[{"href":"https:\/\/anetoseguro.com\/fr\/wp-json\/wp\/v2\/media?parent=45"}],"curies":[{"name":"wp","href":"https:\/\/api.w.org\/{rel}","templated":true}]}}