{"id":47,"date":"2017-05-03T16:13:26","date_gmt":"2017-05-03T15:13:26","guid":{"rendered":"https:\/\/anetoseguro.com\/?page_id=47"},"modified":"2022-08-02T13:26:21","modified_gmt":"2022-08-02T12:26:21","slug":"otras-rutas","status":"publish","type":"page","link":"https:\/\/anetoseguro.com\/fr\/otras-rutas\/","title":{"rendered":"Autres voies"},"content":{"rendered":"<p><a href=\"https:\/\/anetoseguro.com\/wp-content\/uploads\/2017\/05\/aneto_invierno.jpg\"><img loading=\"lazy\" decoding=\"async\" class=\"alignleft wp-image-193 size-medium\" title=\"Panor\u00e1mica antecima Aneto. M\u00e1s Pirineo\" src=\"https:\/\/anetoseguro.com\/wp-content\/uploads\/2017\/05\/aneto_invierno-350x197.jpg\" alt=\"otras rutas\" width=\"350\" height=\"197\" srcset=\"https:\/\/anetoseguro.com\/wp-content\/uploads\/2017\/05\/aneto_invierno-350x197.jpg 350w, https:\/\/anetoseguro.com\/wp-content\/uploads\/2017\/05\/aneto_invierno-768x432.jpg 768w, https:\/\/anetoseguro.com\/wp-content\/uploads\/2017\/05\/aneto_invierno-730x411.jpg 730w, https:\/\/anetoseguro.com\/wp-content\/uploads\/2017\/05\/aneto_invierno.jpg 1328w\" sizes=\"auto, (max-width: 350px) 100vw, 350px\" \/><\/a><\/p>\n<p>En plus des <strong>itin\u00e9raires \u00ab\u00a0normaux\u00a0\u00bb,<\/strong><a href=\"https:\/\/anetoseguro.com\/ruta-norte\/\"><strong>\u00e0 partir de La\u00a0Besurta par la face nord<\/strong><\/a> ou \u00e0 partir de La Besurta par le Salterillo et du <a href=\"https:\/\/anetoseguro.com\/ruta-sur\/\"><strong>pont de Coronas par la face sud<\/strong><\/a>, d\u2019autres voies mennent aussi \u00e0 l\u2019Aneto.<\/p>\n<p>Elles <strong>pr\u00e9sentent toutes de plus grandes difficult\u00e9s techniques<\/strong> mais m\u00e9ritent d\u2019\u00eatre cit\u00e9es car ce sont de grands classiques pyr\u00e9n\u00e9ens.<\/p>\n<ul>\n<li>\u00c0 partir du refuge <a href=\"http:\/\/www.refugiocapdellauset.com\/\">Cap de Llauset<\/a>. Apr\u00e8s une <strong>longue travers\u00e9e de haute montagne<\/strong> et le franchissement de plusieurs cols, le parcours \u00e0 partir de Llauset rejoint la <a href=\"https:\/\/anetoseguro.com\/ruta-sur\/\"><strong>voie montant du sud<\/strong><\/a> dans la zone haute de la <strong>vall\u00e9e de Coronas<\/strong>. Plus d\u2019informations sur la voie <a href=\"http:\/\/refugiocapdellauset.blogspot.com.es\/p\/blog-page_18.html\">ici<\/a>.<\/li>\n<\/ul>\n<h4>\u00c0 l&#8217;Aneto par d&#8217;autres voies<\/h4>\n<ul>\n<li><strong>Cr\u00eate de Salenques &#8211; Tempestades<\/strong>. C\u2019est un <strong>parcours techniquement et physiquement tr\u00e8s exigeant<\/strong> qui suit la ligne des cr\u00eates menant \u00e0 l\u2019Aneto par le sud-est. Il emprunte <strong>3\u00a0kilom\u00e8tres de cr\u00eate<\/strong>, avec plusieurs <strong>passages d\u2019escalade et des terrains expos\u00e9s<\/strong><strong>. <\/strong>Apr\u00e8s avoir encha\u00een\u00e9 plusieurs pics de 3\u00a0000\u00a0m\u00e8tres, on atteint l\u2019Aneto (itin\u00e9raire d\u2019escalade).<\/li>\n<li><strong>Cr\u00eate de Llosas<\/strong>. La cr\u00eate de Llosas est un autre <strong>parcours d\u2019escalade<\/strong> classique sur cr\u00eate. Moins long que celui de Salenques &#8211; Tempestades, il grimpe \u00e0 l\u2019Aneto entre des aiguilles par la cr\u00eate sud (itin\u00e9raire d\u2019escalade).<\/li>\n<li><strong>Couloir Estasen<\/strong>. Couloir de neige classique qui donne acc\u00e8s \u00e0 l\u2019Aneto. <strong>Ces 300\u00a0m\u00e8tres de couloir sur la face sud-ouest<\/strong> de l\u2019Aneto pr\u00e9sentant <strong>des pentes proches de 50\u00b0<\/strong> est une possibilit\u00e9 qui s\u2019offre aux <strong>alpinistes chevronn\u00e9s<\/strong>, \u00e0 condition que les conditions soient bonnes (couloir hivernal).<\/li>\n<li><strong>Ski de montagne<\/strong><strong>. <\/strong>Il existe plusieurs options pour faire l\u2019ascension de l\u2019Aneto \u00e0 ski. D\u00e9couvrez-les <a href=\"https:\/\/anetoseguro.com\/ascension-al-aneto-con-esquis\/\"><strong>ici<\/strong><\/a><strong>.<\/strong><\/li>\n<\/ul>\n<p><strong>N\u2019OUBLIEZ PAS QUE CES PARCOURS SONT PLUS DIFFICILES TECHNIQUEMENT ET PHYSIQUEMENT QUE LES VOIES \u00ab CLASSIQUES \u00bb VERS L\u2019ANETO!<\/strong><\/p>\n<p>&nbsp;<\/p>\n<table class=\"miTabla\">\n<tbody>\n<tr>\n<td style=\"text-align: left;\"><a class=\"btn btn-default btn-lg btn-left btn-nav\" href=\"https:\/\/anetoseguro.com\/los-guias\/\">Les guides<\/a><\/td>\n<td style=\"text-align: right;\"><a class=\"btn btn-default btn-lg btn-right btn-nav\" href=\"https:\/\/anetoseguro.com\/valle-de-benasque\/\">Vall\u00e9e de Benasque<\/a><\/td>\n<\/tr>\n<\/tbody>\n<\/table>\n<p><\/p>","protected":false},"excerpt":{"rendered":"<p>En plus des itin\u00e9raires \u00ab\u00a0normaux\u00a0\u00bb,\u00e0 partir de La\u00a0Besurta par la face nord ou \u00e0 partir de La Besurta par le Salterillo et du pont de Coronas par la face sud, d\u2019autres voies mennent aussi \u00e0 l\u2019Aneto. Elles pr\u00e9sentent toutes de plus grandes difficult\u00e9s techniques mais m\u00e9ritent d\u2019\u00eatre cit\u00e9es car ce sont de grands classiques pyr\u00e9n\u00e9ens. \u00c0 partir du refuge Cap de Llauset. Apr\u00e8s une longue travers\u00e9e de haute montagne et le franchissement de plusieurs cols, le parcours \u00e0 partir de Llauset rejoint la voie montant du sud dans la zone haute de la vall\u00e9e de Coronas. Plus d\u2019informations sur la &hellip;<\/p>\n","protected":false},"author":1,"featured_media":0,"parent":0,"menu_order":0,"comment_status":"closed","ping_status":"closed","template":"","meta":{"_joinchat":[],"footnotes":""},"class_list":["post-47","page","type-page","status-publish","hentry"],"_links":{"self":[{"href":"https:\/\/anetoseguro.com\/fr\/wp-json\/wp\/v2\/pages\/47","targetHints":{"allow":["GET"]}}],"collection":[{"href":"https:\/\/anetoseguro.com\/fr\/wp-json\/wp\/v2\/pages"}],"about":[{"href":"https:\/\/anetoseguro.com\/fr\/wp-json\/wp\/v2\/types\/page"}],"author":[{"embeddable":true,"href":"https:\/\/anetoseguro.com\/fr\/wp-json\/wp\/v2\/users\/1"}],"replies":[{"embeddable":true,"href":"https:\/\/anetoseguro.com\/fr\/wp-json\/wp\/v2\/comments?post=47"}],"version-history":[{"count":20,"href":"https:\/\/anetoseguro.com\/fr\/wp-json\/wp\/v2\/pages\/47\/revisions"}],"predecessor-version":[{"id":1177,"href":"https:\/\/anetoseguro.com\/fr\/wp-json\/wp\/v2\/pages\/47\/revisions\/1177"}],"wp:attachment":[{"href":"https:\/\/anetoseguro.com\/fr\/wp-json\/wp\/v2\/media?parent=47"}],"curies":[{"name":"wp","href":"https:\/\/api.w.org\/{rel}","templated":true}]}}