{"id":49,"date":"2017-05-04T08:03:06","date_gmt":"2017-05-04T07:03:06","guid":{"rendered":"https:\/\/anetoseguro.com\/?page_id=49"},"modified":"2022-08-02T13:53:25","modified_gmt":"2022-08-02T12:53:25","slug":"historia","status":"publish","type":"page","link":"https:\/\/anetoseguro.com\/fr\/historia\/","title":{"rendered":"Histoire"},"content":{"rendered":"<p><a href=\"https:\/\/anetoseguro.com\/wp-content\/uploads\/2017\/05\/historia_aneto.jpg\"><img loading=\"lazy\" decoding=\"async\" class=\"alignleft wp-image-141 size-medium\" title=\"Macizo de las Maladetas. AFCEC\" src=\"https:\/\/anetoseguro.com\/wp-content\/uploads\/2017\/05\/historia_aneto-350x300.jpg\" alt=\"historia-macizo-maladetas-afcec\" width=\"350\" height=\"300\" srcset=\"https:\/\/anetoseguro.com\/wp-content\/uploads\/2017\/05\/historia_aneto-350x300.jpg 350w, https:\/\/anetoseguro.com\/wp-content\/uploads\/2017\/05\/historia_aneto-768x658.jpg 768w, https:\/\/anetoseguro.com\/wp-content\/uploads\/2017\/05\/historia_aneto-730x626.jpg 730w, https:\/\/anetoseguro.com\/wp-content\/uploads\/2017\/05\/historia_aneto.jpg 896w\" sizes=\"auto, (max-width: 350px) 100vw, 350px\" \/><\/a><\/p>\n<p><span lang=\"FR\">Toute grande montagne a sa l\u00e9gende. Le massif de la Maladeta ne fait pas exception et poss\u00e8de lui aussi son histoire.<\/span><\/p>\n<h4>Son histoire<\/h4>\n<p><span lang=\"FR\">\u00c9loign\u00e9s de tout, le massif de la Maladeta et l\u2019Aneto constituaient une terre inconnue pour les montagnards profond\u00e9ment attach\u00e9s \u00e0 leurs croyances pa\u00efennes, aux mythes et l\u00e9gendes des montagnes.<\/span><\/p>\n<p><span lang=\"FR\">Celles-ci racontent qu\u2019autrefois huit bergers et leur troupeau de plus de mille t\u00eates se d\u00e9lecttaient des verts p\u00e2turages de cette montagne. Mais l\u2019avarice des bergers qui avaient refus\u00e9 l\u2019hospitalit\u00e9 \u00e0 un p\u00e8lerin \u00e9gar\u00e9 provoqua la col\u00e8re des divinit\u00e9s de la terre qui condamn\u00e8rent ce petit \u00e9den \u00e0 se refroidir pour toujours. Les p\u00e2turages gel\u00e8rent et \u00e0 leur place s\u2019install\u00e8rent les glaciers. Sur la glace, les moutons se chang\u00e8rent en rochers et les huit bergers dress\u00e9s vers le ciel devinrent les huit pics du massif.<\/span><\/p>\n<p><span lang=\"FR\">Beaucoup d\u2019autres mythes entourent ce sommet, mais cette histoire est probablement la plus ancienne.<\/span><\/p>\n<p>&nbsp;<\/p>\n<h4>La fin du silence<\/h4>\n<p>C\u2019est au <strong>XVIII<sup>e<\/sup><\/strong>\u00a0si\u00e8cle que l\u2019int\u00e9r\u00eat pour les montagnes s\u2019est \u00e9veill\u00e9. Jusque-l\u00e0 personne n\u2019y montait et seuls les passages les plus accessibles par les ports et les coteaux \u00e9taient emprunt\u00e9s comme voies de communication entre les villages.<\/p>\n<p><span lang=\"FR\">Les exigences du contr\u00f4le militaire requ\u00e9raient alors de cartographier le territoire et ce sont les cartographes qui devinrent les premiers alpinistes de l\u2019histoire, les premiers hommes \u00e0 regarder les hauts sommets, \u00e0 les dessiner et les mesurer avec plus ou moins de pr\u00e9cision.<\/span><\/p>\n<p>\u00c0 cette \u00e9poque, l\u2019intuition du cartographe fran\u00e7ais <strong>La\u00a0Blotti\u00e8re<\/strong> l\u2019amena \u00e0 d\u00e9tr\u00f4ner le Mont\u00a0Perdu jusqu\u2019alors plus haut sommet des Pyr\u00e9n\u00e9es, au profit du Massif de la Maladeta. Son hypoth\u00e8se, qui serait confirm\u00e9e quelques ann\u00e9es plus tard, se fondait sur la pr\u00e9sence de neiges \u00e9ternelles et sur l\u2019\u00e9paisseur de la masse de glace.<\/p>\n<h4><\/h4>\n<h4>Ramond de Carbonni\u00e8res<\/h4>\n<p>Ramond de Carbonni\u00e8res, Fran\u00e7ais clairvoyant, et <strong>Vidal et Reboul<\/strong>, se lass\u00e8rent de dessiner et de mesurer les montagnes et commenc\u00e8rent \u00e0 les parcourir, documentant les roches, les fossiles et les plantes. Ils voulaient d\u00e9couvrir et \u00eatre les premiers l\u00e0 o\u00f9 personne n\u2019\u00e9tait all\u00e9.<\/p>\n<p>Ce m\u00eame \u00e9lan poussa le jeune <strong>Ramond<\/strong> \u00e0 tenter l\u2019ascension du relief maudit aux yeux des montagnards, celui dont les p\u00e2turages avaient jadis gel\u00e9\u00a0: la Maladeta.<\/p>\n<p>Cette tentative d\u2019ascension rat\u00e9e permit \u00e0 Ramond d\u2019observer sous un meilleur angle la taille r\u00e9elle d\u2019un pic cach\u00e9 derri\u00e8re la cr\u00eate des Portillons\u00a0: l\u2019<a href=\"https:\/\/es.wikipedia.org\/wiki\/Pico_Aneto\">Aneto<\/a>.<\/p>\n<p>&nbsp;<\/p>\n<table class=\"miTabla\">\n<tbody>\n<tr>\n<td style=\"text-align: left;\"><\/td>\n<td style=\"text-align: right;\"><a class=\"btn btn-default btn-lg btn-right btn-nav\" href=\"https:\/\/anetoseguro.com\/primeras-ascensiones\/\">Premi\u00e8re ascension<\/a><\/td>\n<\/tr>\n<\/tbody>\n<\/table>\n<p><\/p>","protected":false},"excerpt":{"rendered":"<p>Toute grande montagne a sa l\u00e9gende. Le massif de la Maladeta ne fait pas exception et poss\u00e8de lui aussi son histoire. Son histoire \u00c9loign\u00e9s de tout, le massif de la Maladeta et l\u2019Aneto constituaient une terre inconnue pour les montagnards profond\u00e9ment attach\u00e9s \u00e0 leurs croyances pa\u00efennes, aux mythes et l\u00e9gendes des montagnes. Celles-ci racontent qu\u2019autrefois huit bergers et leur troupeau de plus de mille t\u00eates se d\u00e9lecttaient des verts p\u00e2turages de cette montagne. Mais l\u2019avarice des bergers qui avaient refus\u00e9 l\u2019hospitalit\u00e9 \u00e0 un p\u00e8lerin \u00e9gar\u00e9 provoqua la col\u00e8re des divinit\u00e9s de la terre qui condamn\u00e8rent ce petit \u00e9den \u00e0 se &hellip;<\/p>\n","protected":false},"author":2,"featured_media":0,"parent":0,"menu_order":0,"comment_status":"closed","ping_status":"closed","template":"","meta":{"_joinchat":[],"footnotes":""},"class_list":["post-49","page","type-page","status-publish","hentry"],"_links":{"self":[{"href":"https:\/\/anetoseguro.com\/fr\/wp-json\/wp\/v2\/pages\/49","targetHints":{"allow":["GET"]}}],"collection":[{"href":"https:\/\/anetoseguro.com\/fr\/wp-json\/wp\/v2\/pages"}],"about":[{"href":"https:\/\/anetoseguro.com\/fr\/wp-json\/wp\/v2\/types\/page"}],"author":[{"embeddable":true,"href":"https:\/\/anetoseguro.com\/fr\/wp-json\/wp\/v2\/users\/2"}],"replies":[{"embeddable":true,"href":"https:\/\/anetoseguro.com\/fr\/wp-json\/wp\/v2\/comments?post=49"}],"version-history":[{"count":15,"href":"https:\/\/anetoseguro.com\/fr\/wp-json\/wp\/v2\/pages\/49\/revisions"}],"predecessor-version":[{"id":1135,"href":"https:\/\/anetoseguro.com\/fr\/wp-json\/wp\/v2\/pages\/49\/revisions\/1135"}],"wp:attachment":[{"href":"https:\/\/anetoseguro.com\/fr\/wp-json\/wp\/v2\/media?parent=49"}],"curies":[{"name":"wp","href":"https:\/\/api.w.org\/{rel}","templated":true}]}}