{"id":51,"date":"2017-05-03T16:11:32","date_gmt":"2017-05-03T15:11:32","guid":{"rendered":"https:\/\/anetoseguro.com\/?page_id=51"},"modified":"2022-08-02T14:06:22","modified_gmt":"2022-08-02T13:06:22","slug":"primera-ascension","status":"publish","type":"page","link":"https:\/\/anetoseguro.com\/fr\/primera-ascension\/","title":{"rendered":"Premi\u00e8re ascension"},"content":{"rendered":"<p><a href=\"https:\/\/anetoseguro.com\/wp-content\/uploads\/2017\/05\/historia_glaciar_aneto03.jpg\"><img loading=\"lazy\" decoding=\"async\" class=\"alignleft wp-image-231 size-medium\" title=\"Rimaya glaciar Aneto. AFCEC\" src=\"https:\/\/anetoseguro.com\/wp-content\/uploads\/2017\/05\/historia_glaciar_aneto03-350x526.jpg\" alt=\"primera ascension-rimaya-glaciar-aneto-historia\" width=\"350\" height=\"526\" srcset=\"https:\/\/anetoseguro.com\/wp-content\/uploads\/2017\/05\/historia_glaciar_aneto03-350x526.jpg 350w, https:\/\/anetoseguro.com\/wp-content\/uploads\/2017\/05\/historia_glaciar_aneto03.jpg 511w\" sizes=\"auto, (max-width: 350px) 100vw, 350px\" \/><\/a><\/p>\n<p>Comme toutes les montagnes, <strong>l\u2019Aneto<\/strong> est riche d\u2019histoire, l\u2019histoire de la conqu\u00eate du plus haut sommet des Pyr\u00e9n\u00e9es, de sa premi\u00e8re ascension.<\/p>\n<p>Dans la partie plus orientale du <strong>massif de la Maladeta<\/strong>, l\u2019Aneto fait figure de petit fr\u00e8re des sommets du secteur occidental, ce qui explique qu\u2019il soit pass\u00e9 inaper\u00e7u des premiers pyr\u00e9n\u00e9istes. C\u2019est en <strong>1817<\/strong> qu\u2019<strong>Henri Reboul<\/strong><strong>,<\/strong> s\u2019appuyant sur des calculs math\u00e9matiques approfondis, d\u00e9montra que le N\u00e9thou, et non le Mont\u00a0Perdu comme on le croyait alors, \u00e9tait le sommet le plus haut des Pyr\u00e9n\u00e9es. La nouvelle lan\u00e7a le signal d\u2019une nouvelle course \u00e0 la conqu\u00eate du \u2018toit\u2019 des Pyr\u00e9n\u00e9es.<\/p>\n<h4>Premi\u00e8res tentatives<\/h4>\n<p>C\u2019est en <strong>1820<\/strong> qu\u2019eut lieu la <strong>premi\u00e8re tentative d\u2019ascension de l\u2019Aneto<\/strong>. L\u2019\u00e9quipe se composait de <strong>L\u00e9on Dufour<\/strong> et d\u2019<strong>Henri Reboul<\/strong>, accompagn\u00e9s par les guides de Luchon <strong>Martre<\/strong> et <strong>Barrau<\/strong>. Partis de Luchon, ils s\u2019arr\u00eat\u00e8rent apr\u00e8s le port de Benasque pour observer le g\u00e9ant et d\u00e9cider de la voie qu\u2019ils allaient emprunter pour l\u2019ascension de l\u2019Aneto. L\u2019itin\u00e9raire choisi \u00e9tait une ar\u00eate d\u2019apparence aimable qui s\u2019\u00e9levait \u00e0 partir du col de Salenques. L\u2019impression \u00e9tait trompeuse\u00a0: une fois arriv\u00e9s au col, l\u2019<a href=\"https:\/\/anetoseguro.com\/otras-rutas\/\"><strong>ar\u00eate de Salenques<\/strong><\/a> se mat\u00e9rialisa en un chaos de blocs et gendarmes, impossibles \u00e0 escalader pour ces quatre aventuriers.<\/p>\n<p><strong>Sept ans allaient passer avant que quelqu\u2019un ne tente \u00e0 nouveau d\u2019atteindre le sommet<\/strong>. Il s\u2019agissait cette fois d\u2019<strong>\u00c9tienne-Gabriel Arban\u00e8re<\/strong>, qui essaya par le sud, s\u2019\u00e9loignant des grands glaciers et des terribles cr\u00eates de la face nord. Mais il dut abandonner \u00e0 la br\u00e8che de Llosas.<\/p>\n<p>Au fil des ans, diff\u00e9rentes tentatives se succ\u00e9d\u00e8rent avec plus ou moins de bonheur dans les itin\u00e9raires choisis, approchant plus ou moins de la cime, traversant de nouveaux glaciers et franchissant de nouveaux cols. Elles eurent <strong>toutes pour point commun d\u2019\u00e9chouer avant d\u2019atteindre le sommet<\/strong><strong>.<\/strong><\/p>\n<h4>Premi\u00e8re ascension<\/h4>\n<p>En <strong>1842<\/strong>, le jeune <a href=\"https:\/\/fr.wikipedia.org\/wiki\/Platon_Tchikhatchov\"><strong>Platon de Tchihatcheff<\/strong><\/a>, ancien officier russe, d\u00e9cida de tenter l\u2019ascension de divers pics pyr\u00e9n\u00e9ens mythiques\u00a0: Midi, Vignemal, Mont\u00a0Perdu et, pourquoi pas, le tr\u00e8s convoit\u00e9 pic Aneto. Trouver des guides \u00e0 Luchon qui accepteraient de l\u2019accompagner ne fut pas une mince affaire, car personne ne voulait subir le m\u00eame sort que Barrau qui avait trouv\u00e9 la mort dans la Maladeta. Au mitan de la saison estivale il avait n\u00e9anmoins r\u00e9ussi \u00e0 rassembler l\u2019\u00e9quipe qui l\u2019accompagnerait. Elle se composait du botaniste <strong>Albert de\u00a0Franqueville<\/strong><strong>,<\/strong> des guides (<strong>Pierre Sanio<\/strong> et <strong>Jean Sors, surnomm\u00e9 \u00ab\u00a0Argarot\u00a0\u00bb<\/strong>) et de deux chasseurs, (<strong>Bernard Arrazau<\/strong> et <strong>Pierre Redonnet<\/strong>). Ensemble, ils <strong>partirent \u00e0 l\u2019assaut de la montagne le 18\u00a0juillet 1842<\/strong><strong>.<\/strong><\/p>\n<h4>La voie<\/h4>\n<p>Sur leur voie ils pass\u00e8rent par le port de Benasque, comme l\u2019avaient fait avant eux Dufour et Reboul, mais ils ne commirent pas la m\u00eame erreur que ces pionniers et s\u2019engag\u00e8rent vers La\u00a0<a href=\"https:\/\/anetoseguro.com\/la-renclusa\/\"><strong>Renclusa<\/strong><\/a> de la Maladeta. Une fois l\u00e0, ils se dirig\u00e8rent vers le sud-ouest pour franchir la br\u00e8che d\u2019Alba, d\u2019o\u00f9 ils aper\u00e7urent le lac de Creg\u00fce\u00f1a et travers\u00e8rent en direction de Coronas. En contournant la montagne, ils voulaient \u00e9viter les terribles pentes gel\u00e9es de la face nord de l\u2019Aneto.<\/p>\n<p>Apr\u00e8s deux jours de marche, ils \u00e9taient arriv\u00e9s au <a href=\"https:\/\/anetoseguro.com\/ruta-sur\/\"><strong>lac de Coronas<\/strong><\/a>, plus pr\u00e8s du but que personne avant eux. Au col de Coronas, il leur restait encore la grande rampe de glace finale avant d\u2019arriver au sommet, rampe qu\u2019ils tent\u00e8rent d\u2019\u00e9viter en montant par la cr\u00eate. La roche d\u00e9compos\u00e9e et la neige \u00e9paisse les oblig\u00e8rent \u00e0 remonter les rampes du glacier qui, cette fois, se montra aimable, recouvert d\u2019une couche de neige o\u00f9 leurs pieds accrochaient sans probl\u00e8me.<\/p>\n<p>Arriv\u00e9s au pr\u00e9-sommet, le brouillard leur permit de voir la cime. Mais ils n\u2019\u00e9taient pas encore arriv\u00e9s, un dernier obstacle les attendait, une section de cr\u00eate horizontale \u00e9troite et vertigineuse qui les s\u00e9parait de l\u2019ultime sommet\u00a0: le <a href=\"https:\/\/anetoseguro.com\/puente-de-mahoma\/\"><strong>Pont de Mahomet<\/strong><\/a>\u00a0<strong>, ainsi baptis\u00e9 par Franqueville<\/strong>. Apr\u00e8s cette victoire, un important chapitre du pyr\u00e9n\u00e9isme se refermait\u00a0: <strong>des hommes avaient atteint le sommet de l\u2019Aneto<\/strong>.<\/p>\n<p>Un <strong>monticule de pierres<\/strong> et le <strong>premier registre sign\u00e9 par les alpinistes<\/strong> t\u00e9moignent de cette aventure o\u00f9 le plus haut sommet des Pyr\u00e9n\u00e9es fut foul\u00e9 pour la premi\u00e8re fois.<\/p>\n<p>&nbsp;<\/p>\n<table class=\"miTabla\">\n<tbody>\n<tr>\n<td style=\"text-align: left;\"><a class=\"btn btn-default btn-lg btn-left btn-nav\" href=\"https:\/\/anetoseguro.com\/historia\/\">Histoire<\/a><\/td>\n<td style=\"text-align: right;\"><a class=\"btn btn-default btn-lg btn-right btn-nav\" href=\"https:\/\/anetoseguro.com\/aproximacion\/\">Acc\u00e8s<\/a><\/td>\n<\/tr>\n<\/tbody>\n<\/table>\n<p><\/p>","protected":false},"excerpt":{"rendered":"<p>Comme toutes les montagnes, l\u2019Aneto est riche d\u2019histoire, l\u2019histoire de la conqu\u00eate du plus haut sommet des Pyr\u00e9n\u00e9es, de sa premi\u00e8re ascension. Dans la partie plus orientale du massif de la Maladeta, l\u2019Aneto fait figure de petit fr\u00e8re des sommets du secteur occidental, ce qui explique qu\u2019il soit pass\u00e9 inaper\u00e7u des premiers pyr\u00e9n\u00e9istes. C\u2019est en 1817 qu\u2019Henri Reboul, s\u2019appuyant sur des calculs math\u00e9matiques approfondis, d\u00e9montra que le N\u00e9thou, et non le Mont\u00a0Perdu comme on le croyait alors, \u00e9tait le sommet le plus haut des Pyr\u00e9n\u00e9es. La nouvelle lan\u00e7a le signal d\u2019une nouvelle course \u00e0 la conqu\u00eate du \u2018toit\u2019 des Pyr\u00e9n\u00e9es. &hellip;<\/p>\n","protected":false},"author":2,"featured_media":0,"parent":0,"menu_order":0,"comment_status":"closed","ping_status":"closed","template":"","meta":{"_joinchat":[],"footnotes":""},"class_list":["post-51","page","type-page","status-publish","hentry"],"_links":{"self":[{"href":"https:\/\/anetoseguro.com\/fr\/wp-json\/wp\/v2\/pages\/51","targetHints":{"allow":["GET"]}}],"collection":[{"href":"https:\/\/anetoseguro.com\/fr\/wp-json\/wp\/v2\/pages"}],"about":[{"href":"https:\/\/anetoseguro.com\/fr\/wp-json\/wp\/v2\/types\/page"}],"author":[{"embeddable":true,"href":"https:\/\/anetoseguro.com\/fr\/wp-json\/wp\/v2\/users\/2"}],"replies":[{"embeddable":true,"href":"https:\/\/anetoseguro.com\/fr\/wp-json\/wp\/v2\/comments?post=51"}],"version-history":[{"count":22,"href":"https:\/\/anetoseguro.com\/fr\/wp-json\/wp\/v2\/pages\/51\/revisions"}],"predecessor-version":[{"id":1146,"href":"https:\/\/anetoseguro.com\/fr\/wp-json\/wp\/v2\/pages\/51\/revisions\/1146"}],"wp:attachment":[{"href":"https:\/\/anetoseguro.com\/fr\/wp-json\/wp\/v2\/media?parent=51"}],"curies":[{"name":"wp","href":"https:\/\/api.w.org\/{rel}","templated":true}]}}