{"id":53,"date":"2017-05-03T12:08:06","date_gmt":"2017-05-03T11:08:06","guid":{"rendered":"https:\/\/anetoseguro.com\/?page_id=53"},"modified":"2022-08-02T14:07:59","modified_gmt":"2022-08-02T13:07:59","slug":"valle-de-benasque","status":"publish","type":"page","link":"https:\/\/anetoseguro.com\/fr\/valle-de-benasque\/","title":{"rendered":"Vall\u00e9e de Benasque"},"content":{"rendered":"<p><a href=\"https:\/\/anetoseguro.com\/wp-content\/uploads\/2017\/05\/benasque-copy1200.jpg\"><img loading=\"lazy\" decoding=\"async\" class=\"alignleft wp-image-158 size-medium\" title=\"Mapa Valle Benasque. Prames\" src=\"https:\/\/anetoseguro.com\/wp-content\/uploads\/2017\/05\/benasque-copy1200-350x362.jpg\" alt=\"valle de benasque-mapa-localizacion\" width=\"350\" height=\"362\" srcset=\"https:\/\/anetoseguro.com\/wp-content\/uploads\/2017\/05\/benasque-copy1200-350x362.jpg 350w, https:\/\/anetoseguro.com\/wp-content\/uploads\/2017\/05\/benasque-copy1200-768x794.jpg 768w, https:\/\/anetoseguro.com\/wp-content\/uploads\/2017\/05\/benasque-copy1200-730x754.jpg 730w, https:\/\/anetoseguro.com\/wp-content\/uploads\/2017\/05\/benasque-copy1200.jpg 1200w\" sizes=\"auto, (max-width: 350px) 100vw, 350px\" \/><\/a><\/p>\n<p>La <strong>vall\u00e9e de Benasque<\/strong> se situe au <strong>nord-est de l\u2019Aragon<\/strong>, dans la <a href=\"https:\/\/www.turismoribagorza.org\/es\/\"><strong>r\u00e9gion de La\u00a0Ribagorza<\/strong><\/a>, au c\u0153ur de la cha\u00eene des Pyr\u00e9n\u00e9es.<\/p>\n<h4>La vall\u00e9e de Benasque<\/h4>\n<p>La vall\u00e9e compte <strong>26\u00a0localit\u00e9s regroup\u00e9es en 7\u00a0communes<\/strong>, la plus importante \u00e9tant la <a href=\"https:\/\/www.turismobenasque.com\/\"><strong>Villa de Benasque<\/strong><\/a><strong>.<\/strong><\/p>\n<p>Aujourd\u2019hui, la vie traditionnelle des montagnes cohabite avec le <strong>tourisme sportif et de nature<\/strong><strong>. <\/strong><strong>Canyoning, escalade, trekking, randonn\u00e9e, parapente, ascensions<\/strong>&#8230; sont quelques-unes des activit\u00e9s que les entreprises de tourisme actif de la vall\u00e9e proposent aux visiteurs. En hiver, les stations de ski alpin d\u2019<a href=\"http:\/\/www.cerler.com\/\">Aram\u00f3nCerler<\/a> et de ski de fond de <a href=\"http:\/\/www.llanosdelhospital.com\/esl\/Estacion-de-esqui-y-montana\">Llanos delHospital<\/a> g\u00e8rent l\u2019offre de sports de neige.<\/p>\n<p><span lang=\"FR\">Un vaste r\u00e9seau de services (h\u00f4tels, auberges, refuges, restaurants et bars) permet d\u2019accueillir les visiteurs de ces montagnes.<\/span><\/p>\n<h4>Une vall\u00e9e entre montagnes<\/h4>\n<p>Le secteur <strong>compte la majeure partie des pics de plus de 3\u00a0000\u00a0m de la cha\u00eene pyr\u00e9n\u00e9enne<\/strong>, avec pr\u00e8s d\u2019une centaine de sommets r\u00e9partis dans les <strong>massifs de Posets, Perdiguero et Maladeta<\/strong><strong>.<\/strong> C\u2019est dans ce dernier que se trouve l\u2019<strong>Aneto<\/strong> qui, avec ses 3\u00a0404\u00a0m\u00e8tres d\u2019altitude, est le toit des Pyr\u00e9n\u00e9es.<\/p>\n<p>Les hauts sommets gardent les traces des grands glaciers du pass\u00e9 (qui font partie du <a href=\"https:\/\/anetoseguro.com\/monumento-natural-de-los-glaciares\/\"><strong>Monument naturel des glaciers pyr\u00e9n\u00e9ens<\/strong><\/a>) dans cette zone appartenant au <a href=\"https:\/\/anetoseguro.com\/parque-natural-posets-maladeta\/\"><strong>Parc naturel Posets-Maladeta<\/strong><\/a><strong>.<\/strong><\/p>\n<p>Pendant la saison estivale, l\u2019Aneto conna\u00eet une forte affluence d\u2019alpinistes qui viennent en faire l\u2019ascension\u00a0; les voies les plus fr\u00e9quent\u00e9es sont celle de la <a href=\"https:\/\/anetoseguro.com\/ruta-sur\/\">face sud depuis le pont de Coronas<\/a>, et celle de la <a href=\"https:\/\/anetoseguro.com\/ruta-norte\/\">face nord \u00e0 partir de La\u00a0Besurta<\/a> (qui b\u00e9n\u00e9ficie des installations confortables du refuge de <a href=\"https:\/\/anetoseguro.com\/la-renclusa\/\">La\u00a0Renclusa)<\/a>.<\/p>\n<p><span lang=\"FR\">Or, la vall\u00e9e de Benasque n\u2019est pas que la destination des alpinistes qui veulent faire l\u2019ascension de l\u2019Aneto\u00a0: si vous aimez la nature et la montagne, cette vall\u00e9e offre une multitude d\u2019activit\u00e9s \u00e0 pratiquer toute l\u2019ann\u00e9e.<\/span><\/p>\n<p>&nbsp;<\/p>\n<table class=\"miTabla\">\n<tbody>\n<tr>\n<td style=\"text-align: left;\"><a class=\"btn btn-default btn-lg btn-left btn-nav\" href=\"https:\/\/anetoseguro.com\/los-guias\/\">Les Guides<\/a><\/td>\n<td style=\"text-align: right;\"><a class=\"btn btn-default btn-lg btn-right btn-nav\" href=\"https:\/\/anetoseguro.com\/pn-posets-maladeta\/\">PN Posets-Maladeta<\/a><\/td>\n<\/tr>\n<\/tbody>\n<\/table>\n<p><\/p>","protected":false},"excerpt":{"rendered":"<p>La vall\u00e9e de Benasque se situe au nord-est de l\u2019Aragon, dans la r\u00e9gion de La\u00a0Ribagorza, au c\u0153ur de la cha\u00eene des Pyr\u00e9n\u00e9es. La vall\u00e9e de Benasque La vall\u00e9e compte 26\u00a0localit\u00e9s regroup\u00e9es en 7\u00a0communes, la plus importante \u00e9tant la Villa de Benasque. Aujourd\u2019hui, la vie traditionnelle des montagnes cohabite avec le tourisme sportif et de nature. Canyoning, escalade, trekking, randonn\u00e9e, parapente, ascensions&#8230; sont quelques-unes des activit\u00e9s que les entreprises de tourisme actif de la vall\u00e9e proposent aux visiteurs. En hiver, les stations de ski alpin d\u2019Aram\u00f3nCerler et de ski de fond de Llanos delHospital g\u00e8rent l\u2019offre de sports de neige. Un &hellip;<\/p>\n","protected":false},"author":2,"featured_media":0,"parent":0,"menu_order":0,"comment_status":"closed","ping_status":"closed","template":"","meta":{"_joinchat":[],"footnotes":""},"class_list":["post-53","page","type-page","status-publish","hentry"],"_links":{"self":[{"href":"https:\/\/anetoseguro.com\/fr\/wp-json\/wp\/v2\/pages\/53","targetHints":{"allow":["GET"]}}],"collection":[{"href":"https:\/\/anetoseguro.com\/fr\/wp-json\/wp\/v2\/pages"}],"about":[{"href":"https:\/\/anetoseguro.com\/fr\/wp-json\/wp\/v2\/types\/page"}],"author":[{"embeddable":true,"href":"https:\/\/anetoseguro.com\/fr\/wp-json\/wp\/v2\/users\/2"}],"replies":[{"embeddable":true,"href":"https:\/\/anetoseguro.com\/fr\/wp-json\/wp\/v2\/comments?post=53"}],"version-history":[{"count":18,"href":"https:\/\/anetoseguro.com\/fr\/wp-json\/wp\/v2\/pages\/53\/revisions"}],"predecessor-version":[{"id":1151,"href":"https:\/\/anetoseguro.com\/fr\/wp-json\/wp\/v2\/pages\/53\/revisions\/1151"}],"wp:attachment":[{"href":"https:\/\/anetoseguro.com\/fr\/wp-json\/wp\/v2\/media?parent=53"}],"curies":[{"name":"wp","href":"https:\/\/api.w.org\/{rel}","templated":true}]}}