{"id":55,"date":"2017-05-03T12:06:36","date_gmt":"2017-05-03T11:06:36","guid":{"rendered":"https:\/\/anetoseguro.com\/?page_id=55"},"modified":"2022-08-02T13:55:44","modified_gmt":"2022-08-02T12:55:44","slug":"parque-natural-posets-maladeta","status":"publish","type":"page","link":"https:\/\/anetoseguro.com\/fr\/parque-natural-posets-maladeta\/","title":{"rendered":"Parc Naturel Posets &#8211; Maladeta"},"content":{"rendered":"<p><strong><br \/>\n<a href=\"https:\/\/anetoseguro.com\/wp-content\/uploads\/2017\/05\/aneto_cara_sur.jpg\" target=\"_blank\" rel=\"noopener noreferrer\"><img loading=\"lazy\" decoding=\"async\" class=\"alignleft wp-image-160 \" title=\"Panor\u00e1mica vertiente sur cima Aneto. Monta\u00f1a Segura\" src=\"https:\/\/anetoseguro.com\/wp-content\/uploads\/2017\/05\/aneto_cara_sur-350x242.jpg\" alt=\"parque natural posets-maladeta\" width=\"362\" height=\"250\" srcset=\"https:\/\/anetoseguro.com\/wp-content\/uploads\/2017\/05\/aneto_cara_sur-350x242.jpg 350w, https:\/\/anetoseguro.com\/wp-content\/uploads\/2017\/05\/aneto_cara_sur-768x532.jpg 768w, https:\/\/anetoseguro.com\/wp-content\/uploads\/2017\/05\/aneto_cara_sur-730x506.jpg 730w, https:\/\/anetoseguro.com\/wp-content\/uploads\/2017\/05\/aneto_cara_sur-1366x946.jpg 1366w, https:\/\/anetoseguro.com\/wp-content\/uploads\/2017\/05\/aneto_cara_sur.jpg 1712w\" sizes=\"auto, (max-width: 362px) 100vw, 362px\" \/><\/a><\/strong><\/p>\n<p><strong>Le <\/strong><a href=\"https:\/\/www.aragon.es\/-\/parque-natural-de-posets-maladeta\">Parc naturel Posets-Maladeta<\/a> est un espace naturel prot\u00e9g\u00e9 situ\u00e9 au <strong>nord de la <\/strong><a href=\"https:\/\/www.turismoribagorza.org\/es\/\">r\u00e9gion de La\u00a0Ribagorza<\/a> et au\u00a0<strong>nord-est de celle de<\/strong><a href=\"http:\/\/www.turismosobrarbe.com\/\">Sobrarbe<\/a>. Il comprend deux des massifs les plus \u00e9lev\u00e9s des Pyr\u00e9n\u00e9es\u00a0: le massif de Posets et le massif de la Maladeta.<\/p>\n<p>Avec <strong>plus de 70\u00a0% de la superficie totale du parc <\/strong>\u00a0(33\u00a0440\u00a0ha) <strong>au-dessus de 1\u00a0800\u00a0m\u00e8tres d\u2019altitude<\/strong>, le principal int\u00e9r\u00eat de cet espace naturel r\u00e9side dans les paysages de haute montagne et leur model\u00e9 glaciaire (vall\u00e9es, lacs, ar\u00eates&#8230;).<\/p>\n<p>Certains des plus grands glaciers des Pyr\u00e9n\u00e9es, comme le <a href=\"https:\/\/anetoseguro.com\/el-glaciar-del-aneto\/\"><strong>glacier d\u2019Aneto<\/strong><\/a>, se trouvent \u00e0 l\u2019int\u00e9rieur du parc. Cet ensemble de glaces \u00e9ternelles fait lui-m\u00eame partie du <a href=\"https:\/\/anetoseguro.com\/monumento-natural-de-los-glaciares\/\"><strong>Monument naturel des glaciers pyr\u00e9n\u00e9ens<\/strong><\/a><strong>.<\/strong><\/p>\n<h4>La biodiversit\u00e9 dans le Parc naturel Posets-Maladeta<\/h4>\n<p>Le parc <strong>abrite<\/strong> une <strong>grande diversit\u00e9 faunistique et floristique<\/strong>. La diversit\u00e9 altitudinale et lithologique favorise l\u2019apparition de diff\u00e9rents \u00e9cosyst\u00e8mes qui vont des habitats ripicoles en fonds de vall\u00e9es aux milieux glaciaires de la haute montagne, en passant par les for\u00eats de montagne, les tourbi\u00e8res, les lacs et les zones rocheuses.<\/p>\n<p><strong>La richesse naturelle du parc est compl\u00e9t\u00e9e par la mise en valeur durable<\/strong> de ces montagnes par les habitants des communes de San Juan de Plan, Gista\u00edn, Sah\u00fan, Benasque et Montanuy. Cette harmonie entre la nature et l\u2019\u00e9conomie traditionnelle des zones de montagne a produit des paysages tels que les <strong>estives<\/strong> (zones de p\u00e2turage d\u2019altitude), les<strong>pletas<\/strong> (cabanes de bergers), les <strong>pr\u00e9s de fauche<\/strong>, les <strong>bordas (bergeries)<\/strong>&#8230;, ainsi que les ports de montagne, lieux traditionnels de passage au pied desquels se trouvaient des \u00ab\u00a0hospices\u00a0\u00bb, dont certains existent encore comme celui de <a href=\"http:\/\/www.llanosdelhospital.com\/eng\/Media\/Files\/Historia-de-los-Hospitales\"><strong>Benasque<\/strong><\/a><strong>.<\/strong><\/p>\n<h4>L&#8217;Aneto au sein du parc naturel<\/h4>\n<p>L\u2019Aneto, toit des Pyr\u00e9n\u00e9es et tour de guet sur le parc, est un symbole et un d\u00e9fi pour les alpinistes qui viennent dans ce parc pour s\u2019\u00e9lever \u00e0 ses 3\u00a0404\u00a0m\u00e8tres d\u2019altitude. Les voies les plus fr\u00e9quent\u00e9es sont celles de la <a href=\"https:\/\/anetoseguro.com\/ruta-norte\/\"><strong>face nord\u00a0<\/strong>depuis<strong>La\u00a0Besurta<\/strong><\/a>, et celle de la <a href=\"https:\/\/anetoseguro.com\/ruta-sur\/\"><strong>face sud<\/strong><strong>\u00a0<\/strong>depuis le<strong>pont de Coronas \u00e0 Vallibierna<\/strong><\/a>.<\/p>\n<p>&nbsp;<\/p>\n<table class=\"miTabla\">\n<tbody>\n<tr>\n<td style=\"text-align: left;\"><a class=\"btn btn-default btn-lg btn-left btn-nav\" href=\"https:\/\/anetoseguro.com\/valle-de-benasque\/\">Vall\u00e9e de Benasque<\/a><\/td>\n<td style=\"text-align: right;\"><a class=\"btn btn-default btn-lg btn-right btn-nav\" href=\"https:\/\/anetoseguro.com\/monumento-natural-de-los-glaciares\/\">Monument Naturel des Glaciers<\/a><\/td>\n<\/tr>\n<\/tbody>\n<\/table>\n<p><\/p>","protected":false},"excerpt":{"rendered":"<p>Le Parc naturel Posets-Maladeta est un espace naturel prot\u00e9g\u00e9 situ\u00e9 au nord de la r\u00e9gion de La\u00a0Ribagorza et au\u00a0nord-est de celle deSobrarbe. Il comprend deux des massifs les plus \u00e9lev\u00e9s des Pyr\u00e9n\u00e9es\u00a0: le massif de Posets et le massif de la Maladeta. Avec plus de 70\u00a0% de la superficie totale du parc \u00a0(33\u00a0440\u00a0ha) au-dessus de 1\u00a0800\u00a0m\u00e8tres d\u2019altitude, le principal int\u00e9r\u00eat de cet espace naturel r\u00e9side dans les paysages de haute montagne et leur model\u00e9 glaciaire (vall\u00e9es, lacs, ar\u00eates&#8230;). Certains des plus grands glaciers des Pyr\u00e9n\u00e9es, comme le glacier d\u2019Aneto, se trouvent \u00e0 l\u2019int\u00e9rieur du parc. Cet ensemble de glaces \u00e9ternelles &hellip;<\/p>\n","protected":false},"author":2,"featured_media":0,"parent":0,"menu_order":0,"comment_status":"closed","ping_status":"closed","template":"","meta":{"_joinchat":[],"footnotes":""},"class_list":["post-55","page","type-page","status-publish","hentry"],"_links":{"self":[{"href":"https:\/\/anetoseguro.com\/fr\/wp-json\/wp\/v2\/pages\/55","targetHints":{"allow":["GET"]}}],"collection":[{"href":"https:\/\/anetoseguro.com\/fr\/wp-json\/wp\/v2\/pages"}],"about":[{"href":"https:\/\/anetoseguro.com\/fr\/wp-json\/wp\/v2\/types\/page"}],"author":[{"embeddable":true,"href":"https:\/\/anetoseguro.com\/fr\/wp-json\/wp\/v2\/users\/2"}],"replies":[{"embeddable":true,"href":"https:\/\/anetoseguro.com\/fr\/wp-json\/wp\/v2\/comments?post=55"}],"version-history":[{"count":20,"href":"https:\/\/anetoseguro.com\/fr\/wp-json\/wp\/v2\/pages\/55\/revisions"}],"predecessor-version":[{"id":1143,"href":"https:\/\/anetoseguro.com\/fr\/wp-json\/wp\/v2\/pages\/55\/revisions\/1143"}],"wp:attachment":[{"href":"https:\/\/anetoseguro.com\/fr\/wp-json\/wp\/v2\/media?parent=55"}],"curies":[{"name":"wp","href":"https:\/\/api.w.org\/{rel}","templated":true}]}}