{"id":57,"date":"2017-05-03T14:21:36","date_gmt":"2017-05-03T13:21:36","guid":{"rendered":"https:\/\/anetoseguro.com\/?page_id=57"},"modified":"2022-08-02T13:54:57","modified_gmt":"2022-08-02T12:54:57","slug":"monumento-natural-de-los-glaciares","status":"publish","type":"page","link":"https:\/\/anetoseguro.com\/fr\/monumento-natural-de-los-glaciares\/","title":{"rendered":"Monument naturel des glaciers"},"content":{"rendered":"<p><div id=\"attachment_151\" style=\"width: 360px\" class=\"wp-caption alignleft\"><a href=\"https:\/\/anetoseguro.com\/wp-content\/uploads\/2017\/05\/historia_glaciar_aneto05.jpg\"><img loading=\"lazy\" decoding=\"async\" aria-describedby=\"caption-attachment-151\" class=\"wp-image-151 size-medium\" title=\"Glaciar Aneto. Jos\u00e9 Luis Garc\u00eda y Mariano Martinez\" src=\"https:\/\/anetoseguro.com\/wp-content\/uploads\/2017\/05\/historia_glaciar_aneto05-350x229.jpg\" alt=\"monumento natural de los glaciares-glaciar-aneto\" width=\"350\" height=\"229\" srcset=\"https:\/\/anetoseguro.com\/wp-content\/uploads\/2017\/05\/historia_glaciar_aneto05-350x229.jpg 350w, https:\/\/anetoseguro.com\/wp-content\/uploads\/2017\/05\/historia_glaciar_aneto05-768x501.jpg 768w, https:\/\/anetoseguro.com\/wp-content\/uploads\/2017\/05\/historia_glaciar_aneto05-730x477.jpg 730w, https:\/\/anetoseguro.com\/wp-content\/uploads\/2017\/05\/historia_glaciar_aneto05-1366x892.jpg 1366w, https:\/\/anetoseguro.com\/wp-content\/uploads\/2017\/05\/historia_glaciar_aneto05.jpg 1798w\" sizes=\"auto, (max-width: 350px) 100vw, 350px\" \/><\/a><p id=\"caption-attachment-151\" class=\"wp-caption-text\">Foto: Jos\u00e9 Luis Garc\u00eda y Mariano Martinez<\/p><\/div><\/p>\n<p>Le paysage des Pyr\u00e9n\u00e9es ne peut se comprendre si l\u2019on n\u2019\u00e9voque pas l\u2019<strong>activit\u00e9 glaciaire<\/strong>. Ce sont les glaciers qui ont model\u00e9 ces montagnes, creusant les vall\u00e9es et d\u00e9coupant les ar\u00eates. Leur retrait progressif nous a laiss\u00e9 leur empreinte sous la forme de <strong>lacs et de moraines<\/strong>.<\/p>\n<p>Sur la <strong>face nord de l\u2019Aneto<\/strong> se trouve le <strong>plus grand glacier des Pyr\u00e9n\u00e9es<\/strong>, qui s\u2019\u00e9tend <strong>sur une soixantaine d\u2019hectares<\/strong> et atteint pr\u00e8s de <strong>20\u00a0m\u00e8tres d\u2019\u00e9paisseur maximale (ces chiffres diminuant rapidement chaque ann\u00e9e en raison du r\u00e9chauffement global)<\/strong>. Sur votre chemin vers l\u2019Aneto, vous allez devoir marcher sur ce <a href=\"https:\/\/anetoseguro.com\/el-glaciar-del-aneto\/\">glacier<\/a>, et vous devrez utiliser <a href=\"https:\/\/anetoseguro.com\/piolet-y-crampones\/\"><strong>les crampons et le piolet<\/strong><\/a><strong>.<\/strong><\/p>\n<p>&nbsp;<\/p>\n<p>Notre passage sur le <strong>glacier d\u2019Aneto<\/strong> est in\u00e9vitable, mais il doit \u00eatre invisible. La seule trace que nous devons laisser est celle de nos crampons. <strong>Ces \u00e9cosyst\u00e8mes sont d\u2019une grande fragilit\u00e9\u00a0: contribuer \u00e0 leur conservation et \u00e0 leur pr\u00e9servation est l\u2019affaire de tous. Et il convient, pour des raisons de s\u00e9curit\u00e9 l\u00e0 encore, d\u2019\u00e9viter autant que possible de marcher sur la glace centenaire.<\/strong><\/p>\n<h4>Monument naturel des glaciers<\/h4>\n<p>Les masses de glace qui subsistent aujourd\u2019hui \u00e0 l\u2019abri des grands sommets pyr\u00e9n\u00e9ens sont les vestiges des grands g\u00e9ants d\u2019il y a <strong>50\u00a0000\u00a0ans<\/strong>. Ces glaciers et les zones avoisinantes ont \u00e9t\u00e9 d\u00e9clar\u00e9s <a href=\"https:\/\/www.aragon.es\/-\/monumento-natural-de-los-glaciares-pirenaicos\"><strong>Monument naturel des glaciers pyr\u00e9n\u00e9ens<\/strong><\/a> le 21\u00a0mars 1990. Cet <strong>espace prot\u00e9g\u00e9<\/strong> couvre <strong>16\u00a0087\u00a0hectares, r\u00e9partis sur huit massifs montagneux des Pyr\u00e9n\u00e9es aragonaises<\/strong>\u00a0: massif du Balait\u00fas, pics de l\u2019Enfer, pic Vi\u00f1amala, La\u00a0Munia, pic Posets, pic Perdiguero, massif de la Maladeta et Mont\u00a0Perdu.<\/p>\n<p>\u00c0 Eriste, le <a href=\"https:\/\/www.aragon.es\/-\/centro-de-interpretacion-de-eriste\"><strong>centre d\u2019interpr\u00e9tation des glaciers pyr\u00e9n\u00e9ens<\/strong><\/a>permet de comprendre le pass\u00e9 et le pr\u00e9sent de ces g\u00e9ants agonisants.<\/p>\n<h4>Les glaciers aujourd&#8217;hui<\/h4>\n<p>En raison du r\u00e9chauffement progressif de la plan\u00e8te, ces masses de glace semblent condamn\u00e9es \u00e0 dispara\u00eetre. <strong>Au cours du si\u00e8cle pass\u00e9<\/strong>, les glaciers des Pyr\u00e9n\u00e9es ont connu un fort recul, <strong>passant de 1\u00a0500\u00a0hectares estim\u00e9s en 1894 \u00e0 moins de 400 \u00e0 l\u2019heure actuelle<\/strong><strong>.<\/strong><\/p>\n<p>Sur l\u2019ensemble des Pyr\u00e9n\u00e9es, <strong>il ne reste que 19\u00a0masses glaciaires<\/strong>, dont <strong>10 seulement peuvent \u00eatre consid\u00e9r\u00e9es comme des glaciers<\/strong><strong>, <\/strong>les 9\u00a0autres \u00e9tant des n\u00e9v\u00e9s qui ne pr\u00e9sentent aucun mouvement.<\/p>\n<p><a href=\"https:\/\/anetoseguro.com\/wp-content\/uploads\/2017\/05\/panoramica_glaciar.jpg\"><img loading=\"lazy\" decoding=\"async\" class=\"aligncenter wp-image-152 size-full\" title=\"Glaciar Aneto desde Maladeta. M\u00e1s Pirineo\" src=\"https:\/\/anetoseguro.com\/wp-content\/uploads\/2017\/05\/panoramica_glaciar.jpg\" alt=\"glaciar-aneto-maladeta\" width=\"1891\" height=\"768\" srcset=\"https:\/\/anetoseguro.com\/wp-content\/uploads\/2017\/05\/panoramica_glaciar.jpg 1891w, https:\/\/anetoseguro.com\/wp-content\/uploads\/2017\/05\/panoramica_glaciar-350x142.jpg 350w, https:\/\/anetoseguro.com\/wp-content\/uploads\/2017\/05\/panoramica_glaciar-768x312.jpg 768w, https:\/\/anetoseguro.com\/wp-content\/uploads\/2017\/05\/panoramica_glaciar-730x296.jpg 730w, https:\/\/anetoseguro.com\/wp-content\/uploads\/2017\/05\/panoramica_glaciar-1366x555.jpg 1366w\" sizes=\"auto, (max-width: 1891px) 100vw, 1891px\" \/><\/a><\/p>\n<p>&nbsp;<\/p>\n<table class=\"miTabla\">\n<tbody>\n<tr>\n<td style=\"text-align: left;\"><a class=\"btn btn-default btn-lg btn-left btn-nav\" href=\"https:\/\/anetoseguro.com\/pn-posets-maladeta\/\">PN Posets-Maladeta<\/a><\/td>\n<td style=\"text-align: right;\"><a class=\"btn btn-default btn-lg btn-right btn-nav\" href=\"https:\/\/anetoseguro.com\/otras-rutas\/\">Autres voies<\/a><\/td>\n<\/tr>\n<\/tbody>\n<\/table>\n<p><\/p>","protected":false},"excerpt":{"rendered":"<p>Le paysage des Pyr\u00e9n\u00e9es ne peut se comprendre si l\u2019on n\u2019\u00e9voque pas l\u2019activit\u00e9 glaciaire. Ce sont les glaciers qui ont model\u00e9 ces montagnes, creusant les vall\u00e9es et d\u00e9coupant les ar\u00eates. Leur retrait progressif nous a laiss\u00e9 leur empreinte sous la forme de lacs et de moraines. Sur la face nord de l\u2019Aneto se trouve le plus grand glacier des Pyr\u00e9n\u00e9es, qui s\u2019\u00e9tend sur une soixantaine d\u2019hectares et atteint pr\u00e8s de 20\u00a0m\u00e8tres d\u2019\u00e9paisseur maximale (ces chiffres diminuant rapidement chaque ann\u00e9e en raison du r\u00e9chauffement global). Sur votre chemin vers l\u2019Aneto, vous allez devoir marcher sur ce glacier, et vous devrez utiliser &hellip;<\/p>\n","protected":false},"author":2,"featured_media":0,"parent":0,"menu_order":0,"comment_status":"closed","ping_status":"closed","template":"","meta":{"_joinchat":[],"footnotes":""},"class_list":["post-57","page","type-page","status-publish","hentry"],"_links":{"self":[{"href":"https:\/\/anetoseguro.com\/fr\/wp-json\/wp\/v2\/pages\/57","targetHints":{"allow":["GET"]}}],"collection":[{"href":"https:\/\/anetoseguro.com\/fr\/wp-json\/wp\/v2\/pages"}],"about":[{"href":"https:\/\/anetoseguro.com\/fr\/wp-json\/wp\/v2\/types\/page"}],"author":[{"embeddable":true,"href":"https:\/\/anetoseguro.com\/fr\/wp-json\/wp\/v2\/users\/2"}],"replies":[{"embeddable":true,"href":"https:\/\/anetoseguro.com\/fr\/wp-json\/wp\/v2\/comments?post=57"}],"version-history":[{"count":23,"href":"https:\/\/anetoseguro.com\/fr\/wp-json\/wp\/v2\/pages\/57\/revisions"}],"predecessor-version":[{"id":1144,"href":"https:\/\/anetoseguro.com\/fr\/wp-json\/wp\/v2\/pages\/57\/revisions\/1144"}],"wp:attachment":[{"href":"https:\/\/anetoseguro.com\/fr\/wp-json\/wp\/v2\/media?parent=57"}],"curies":[{"name":"wp","href":"https:\/\/api.w.org\/{rel}","templated":true}]}}