{"id":59,"date":"2017-05-03T16:01:21","date_gmt":"2017-05-03T15:01:21","guid":{"rendered":"https:\/\/anetoseguro.com\/?page_id=59"},"modified":"2022-08-02T13:55:19","modified_gmt":"2022-08-02T12:55:19","slug":"numeros","status":"publish","type":"page","link":"https:\/\/anetoseguro.com\/fr\/numeros\/","title":{"rendered":"Chiffres"},"content":{"rendered":"<p><a href=\"https:\/\/anetoseguro.com\/wp-content\/uploads\/2017\/05\/helicoptero.jpg\"><img loading=\"lazy\" decoding=\"async\" class=\"alignleft wp-image-139 size-medium\" title=\"Helic\u00f3ptero Rescate. Guardia Civil\" src=\"https:\/\/anetoseguro.com\/wp-content\/uploads\/2017\/05\/helicoptero-350x187.jpg\" alt=\"rescate-guardia-civil-helicoptero-monta\u00f1a-segura-numeros\" width=\"350\" height=\"187\" srcset=\"https:\/\/anetoseguro.com\/wp-content\/uploads\/2017\/05\/helicoptero-350x187.jpg 350w, https:\/\/anetoseguro.com\/wp-content\/uploads\/2017\/05\/helicoptero-768x410.jpg 768w, https:\/\/anetoseguro.com\/wp-content\/uploads\/2017\/05\/helicoptero-730x390.jpg 730w, https:\/\/anetoseguro.com\/wp-content\/uploads\/2017\/05\/helicoptero.jpg 919w\" sizes=\"auto, (max-width: 350px) 100vw, 350px\" \/><\/a><\/p>\n<p>L\u2019Aneto est l\u2019un des sommets les <strong>plus fr\u00e9quent\u00e9s des Pyr\u00e9n\u00e9es durant la p\u00e9riode estivale<\/strong><strong>.<\/strong> On estime que <strong>sur une journ\u00e9e<\/strong> d\u2019affluence maximale durant les mois d\u2019\u00e9t\u00e9, <strong>240\u00a0personnes en tentent l\u2019ascension<\/strong>.\u00a0Cette importante affluence entra\u00eene une <strong>augmentation du nombre d\u2019op\u00e9rations de sauvetage<\/strong>.<\/p>\n<p>En Aragon, les sauvetages en montagne sont effectu\u00e9s par le <a href=\"http:\/\/www.guardiacivil.es\/es\/institucional\/Conocenos\/especialidades\/Greim\/index.html\"><strong>Service de montagne de la Guardia Civil<\/strong><\/a>. Ces professionnels<strong>ont la charge de r\u00e9soudre les probl\u00e8mes <\/strong>lorsque les alpinistes ne sont plus autonomes.<\/p>\n<p><span lang=\"FR\">En suivant ce lien, vous trouverez les derniers chiffres donn\u00e9s par ce service sur les sauvetages dans l\u2019Aneto.<\/span><\/p>\n<p>Le pourcentage des indemnes montre qu\u2019<strong>une grande partie des personnes secourues ne pr\u00e9sentaient pas de l\u00e9sions<\/strong> et que c\u2019est \u00e0 la suite d\u2019une<strong>erreur dans la prise de d\u00e9cision qu\u2019elles ont d\u00fb \u00eatre secourues<\/strong><strong>.<\/strong> Les sauvetages de <strong>groupes dont tous les membres \u00e9taient indemnes<\/strong>repr\u00e9sentent 15\u00a0% du total.Soyez responsable\u00a0: \u00e9valuez les capacit\u00e9s physiques et techniques du groupe et agissez en cons\u00e9quence.<\/p>\n<h4>Chiffres cl\u00e9s sur le sauvetages dans l&#8217;Aneto:<\/h4>\n<p><strong>60\u00a0% des sauvetages sont li\u00e9s \u00e0 une sur\u00e9valuation des capacit\u00e9s individuelles.<\/strong><\/p>\n<p><strong>66\u00a0% ont lieu en \u00e9t\u00e9<\/strong> (juillet, ao\u00fbt et septembre), p\u00e9riode o\u00f9 les alpinistes sont les plus nombreux \u00e0 faire l\u2019ascension et o\u00f9, par cons\u00e9quent, les profils sont les plus vari\u00e9s.<\/p>\n<p><strong>53\u00a0% ont lieu sur la descente<\/strong>. N\u2019oubliez pas que cette activit\u00e9 ne se s\u2019ach\u00e8ve pas au sommet. Il faut rester vigilant pendant la descente\u00a0: vous serez plus fatigu\u00e9s et toute erreur peut g\u00e9n\u00e9rer une situation de danger. Gardez des forces pour la descente.<\/p>\n<p><strong>70\u00a0% sont li\u00e9s \u00e0 des heurts et des chutes<\/strong>. Il est essentiel d\u2019avoir des chaussures adapt\u00e9es, ainsi que des crampons et un piolet, dont vous devez savoir vous servir\u00a0!<\/p>\n<p><strong>Tous les sauvetages dans l\u2019Aneto ne sont pas dus au \u00ab\u00a0manque d\u2019exp\u00e9rience\u00a0\u00bb<\/strong>. Il arrive aussi qu\u2019<strong>un \u00ab\u00a0\u201cexc\u00e8s d\u2019exp\u00e9rience\u00a0\u00bb fasse baisser la garde, <\/strong>\u00a0favorisant l\u2019accident. <strong>Soyez toujours attentif \u00e0 votre \u00e9tat, \u00e0 celui du reste du groupeet \u00e0 l\u2019environnement <\/strong>durant votre excursion. De cette mani\u00e8re, vous nous aiderez \u00e0 rendre l\u2019Aneto s\u00fbr.<\/p>\n<p><em>Fuente: <\/em><em>Rescates realizados por el Servicio de Monta\u00f1a de la Guardia Civil, durante el 2021. <\/em><\/p>","protected":false},"excerpt":{"rendered":"<p>L\u2019Aneto est l\u2019un des sommets les plus fr\u00e9quent\u00e9s des Pyr\u00e9n\u00e9es durant la p\u00e9riode estivale. On estime que sur une journ\u00e9e d\u2019affluence maximale durant les mois d\u2019\u00e9t\u00e9, 240\u00a0personnes en tentent l\u2019ascension.\u00a0Cette importante affluence entra\u00eene une augmentation du nombre d\u2019op\u00e9rations de sauvetage. En Aragon, les sauvetages en montagne sont effectu\u00e9s par le Service de montagne de la Guardia Civil. Ces professionnelsont la charge de r\u00e9soudre les probl\u00e8mes lorsque les alpinistes ne sont plus autonomes. En suivant ce lien, vous trouverez les derniers chiffres donn\u00e9s par ce service sur les sauvetages dans l\u2019Aneto. Le pourcentage des indemnes montre qu\u2019une grande partie des personnes &hellip;<\/p>\n","protected":false},"author":2,"featured_media":0,"parent":0,"menu_order":0,"comment_status":"closed","ping_status":"closed","template":"","meta":{"_joinchat":[],"footnotes":""},"class_list":["post-59","page","type-page","status-publish","hentry"],"_links":{"self":[{"href":"https:\/\/anetoseguro.com\/fr\/wp-json\/wp\/v2\/pages\/59","targetHints":{"allow":["GET"]}}],"collection":[{"href":"https:\/\/anetoseguro.com\/fr\/wp-json\/wp\/v2\/pages"}],"about":[{"href":"https:\/\/anetoseguro.com\/fr\/wp-json\/wp\/v2\/types\/page"}],"author":[{"embeddable":true,"href":"https:\/\/anetoseguro.com\/fr\/wp-json\/wp\/v2\/users\/2"}],"replies":[{"embeddable":true,"href":"https:\/\/anetoseguro.com\/fr\/wp-json\/wp\/v2\/comments?post=59"}],"version-history":[{"count":19,"href":"https:\/\/anetoseguro.com\/fr\/wp-json\/wp\/v2\/pages\/59\/revisions"}],"predecessor-version":[{"id":1118,"href":"https:\/\/anetoseguro.com\/fr\/wp-json\/wp\/v2\/pages\/59\/revisions\/1118"}],"wp:attachment":[{"href":"https:\/\/anetoseguro.com\/fr\/wp-json\/wp\/v2\/media?parent=59"}],"curies":[{"name":"wp","href":"https:\/\/api.w.org\/{rel}","templated":true}]}}