{"id":67,"date":"2017-05-03T15:14:37","date_gmt":"2017-05-03T14:14:37","guid":{"rendered":"https:\/\/anetoseguro.com\/?page_id=67"},"modified":"2022-08-02T13:57:13","modified_gmt":"2022-08-02T12:57:13","slug":"entrena-en-casa","status":"publish","type":"page","link":"https:\/\/anetoseguro.com\/fr\/entrena-en-casa\/","title":{"rendered":"Entra\u00eenez-vous chez vous"},"content":{"rendered":"<p><a href=\"https:\/\/anetoseguro.com\/wp-content\/uploads\/2017\/05\/aiguallut.jpg\"><img loading=\"lazy\" decoding=\"async\" class=\"alignleft wp-image-511 size-medium\" title=\"Aiguallut\" src=\"https:\/\/anetoseguro.com\/wp-content\/uploads\/2017\/05\/aiguallut-350x263.jpg\" alt=\"Entrena en casa\" width=\"350\" height=\"263\" srcset=\"https:\/\/anetoseguro.com\/wp-content\/uploads\/2017\/05\/aiguallut-350x263.jpg 350w, https:\/\/anetoseguro.com\/wp-content\/uploads\/2017\/05\/aiguallut-768x576.jpg 768w, https:\/\/anetoseguro.com\/wp-content\/uploads\/2017\/05\/aiguallut-730x548.jpg 730w, https:\/\/anetoseguro.com\/wp-content\/uploads\/2017\/05\/aiguallut-1366x1025.jpg 1366w\" sizes=\"auto, (max-width: 350px) 100vw, 350px\" \/><\/a><\/p>\n<p><span lang=\"FR\">Monter \u00e0 l\u2019Aneto suppose <strong>plus de dix heures d\u2019activit\u00e9 physique intense<\/strong> sur un terrain de haute montagne avec n\u00e9v\u00e9 ou glacier. Entra\u00eenez-vous chez vous pour arriver au top de votre forme.<\/span><\/p>\n<h4>\u00c9valuez votre condition physique<\/h4>\n<p>Il est indispensable d\u2019\u00eatre en pleine forme pour profiter de l\u2019ascension d\u2019une part mais aussi pour la faire en toute s\u00e9curit\u00e9.\u00a0Il faut donc <strong>se pr\u00e9parer physiquement<\/strong> avant de s\u2019attaquer \u00e0 cette ascension et <strong>s\u2019entra\u00eener<\/strong><strong>.<\/strong><\/p>\n<p>&nbsp;<\/p>\n<p>&nbsp;<\/p>\n<table class=\"miTabla\">\n<tbody>\n<tr>\n<td style=\"text-align: left;\"><a class=\"btn btn-default btn-lg btn-left btn-nav\" href=\"https:\/\/anetoseguro.com\/estas-preparado\/\">\u00cates-vous pr\u00eat?<\/a><\/td>\n<td style=\"text-align: right;\"><a class=\"btn btn-default btn-lg btn-right btn-nav\" href=\"https:\/\/anetoseguro.com\/entrena-en-el-valle\/\">Entra\u00eenez-vous dans la vall\u00e9e<\/a><\/td>\n<\/tr>\n<\/tbody>\n<\/table>\n<p><\/p>","protected":false},"excerpt":{"rendered":"<p>Monter \u00e0 l\u2019Aneto suppose plus de dix heures d\u2019activit\u00e9 physique intense sur un terrain de haute montagne avec n\u00e9v\u00e9 ou glacier. Entra\u00eenez-vous chez vous pour arriver au top de votre forme. \u00c9valuez votre condition physique Il est indispensable d\u2019\u00eatre en pleine forme pour profiter de l\u2019ascension d\u2019une part mais aussi pour la faire en toute s\u00e9curit\u00e9.\u00a0Il faut donc se pr\u00e9parer physiquement avant de s\u2019attaquer \u00e0 cette ascension et s\u2019entra\u00eener. &nbsp; &nbsp; \u00cates-vous pr\u00eat? Entra\u00eenez-vous dans la vall\u00e9e<\/p>\n","protected":false},"author":2,"featured_media":0,"parent":0,"menu_order":0,"comment_status":"closed","ping_status":"closed","template":"","meta":{"_joinchat":[],"footnotes":""},"class_list":["post-67","page","type-page","status-publish","hentry"],"_links":{"self":[{"href":"https:\/\/anetoseguro.com\/fr\/wp-json\/wp\/v2\/pages\/67","targetHints":{"allow":["GET"]}}],"collection":[{"href":"https:\/\/anetoseguro.com\/fr\/wp-json\/wp\/v2\/pages"}],"about":[{"href":"https:\/\/anetoseguro.com\/fr\/wp-json\/wp\/v2\/types\/page"}],"author":[{"embeddable":true,"href":"https:\/\/anetoseguro.com\/fr\/wp-json\/wp\/v2\/users\/2"}],"replies":[{"embeddable":true,"href":"https:\/\/anetoseguro.com\/fr\/wp-json\/wp\/v2\/comments?post=67"}],"version-history":[{"count":11,"href":"https:\/\/anetoseguro.com\/fr\/wp-json\/wp\/v2\/pages\/67\/revisions"}],"predecessor-version":[{"id":1133,"href":"https:\/\/anetoseguro.com\/fr\/wp-json\/wp\/v2\/pages\/67\/revisions\/1133"}],"wp:attachment":[{"href":"https:\/\/anetoseguro.com\/fr\/wp-json\/wp\/v2\/media?parent=67"}],"curies":[{"name":"wp","href":"https:\/\/api.w.org\/{rel}","templated":true}]}}