{"id":71,"date":"2017-05-03T15:34:27","date_gmt":"2017-05-03T14:34:27","guid":{"rendered":"https:\/\/anetoseguro.com\/?page_id=71"},"modified":"2022-08-02T13:58:05","modified_gmt":"2022-08-02T12:58:05","slug":"horarios","status":"publish","type":"page","link":"https:\/\/anetoseguro.com\/fr\/horarios\/","title":{"rendered":"Dur\u00e9es"},"content":{"rendered":"<p><a href=\"https:\/\/anetoseguro.com\/wp-content\/uploads\/2017\/05\/bajada_portillones.jpg\"><img loading=\"lazy\" decoding=\"async\" class=\"alignleft wp-image-196 size-medium\" title=\"Monta\u00f1eros bajando del Portill\u00f3n. Monta\u00f1a Segura\" src=\"https:\/\/anetoseguro.com\/wp-content\/uploads\/2017\/05\/bajada_portillones-350x262.jpg\" alt=\"portillon-renclusa-ascension-aneto-maladeta- horarios\" width=\"350\" height=\"262\" srcset=\"https:\/\/anetoseguro.com\/wp-content\/uploads\/2017\/05\/bajada_portillones-350x262.jpg 350w, https:\/\/anetoseguro.com\/wp-content\/uploads\/2017\/05\/bajada_portillones-768x576.jpg 768w, https:\/\/anetoseguro.com\/wp-content\/uploads\/2017\/05\/bajada_portillones-730x547.jpg 730w, https:\/\/anetoseguro.com\/wp-content\/uploads\/2017\/05\/bajada_portillones.jpg 1134w\" sizes=\"auto, (max-width: 350px) 100vw, 350px\" \/><\/a><\/p>\n<p>En montagne, <strong>chacun marche \u00e0 sa propre allure<\/strong>en fonction de sa forme physique, de son exp\u00e9rience ou de son habitude du milieu. Disposer de dur\u00e9es de r\u00e9f\u00e9rence est essentiel pour d\u00e9cider correctement du rythme \u00e0 adopter.<\/p>\n<p><strong>Sur l\u2019Aneto, 67\u00a0% des sauvetages interviennent sur la descente<\/strong>. N\u2019oubliez pas que vous avez march\u00e9 longtemps, que vous avez franchi un d\u00e9nivel\u00e9 important et, qui plus est, sur un terrain de haute montagne. La fatigue accumul\u00e9e au cours de la journ\u00e9e va jouer sur le rythme de la descente\u00a0: il est normal qu\u2019il vous co\u00fbte autant de descendre que de monter.<\/p>\n<p>Pouvoir se r\u00e9f\u00e9rer aux <strong>dur\u00e9es interm\u00e9diaires<\/strong> permet d\u2019avoir une vision objective de la vitesse du groupe. Si vous constatez que vous prenez trop de retard, vous devrez vous demander s\u2019il faut \u00e9courter l\u2019activit\u00e9 ou faire demi-tour.<\/p>\n<p>Vous pouvez vous baser sur les<strong>dur\u00e9es partielles et cumul\u00e9es, calcul\u00e9es sans pause, indiqu\u00e9es ci-dessous.<\/strong><\/p>\n<ul>\n<li>Dur\u00e9es pour la <a href=\"https:\/\/anetoseguro.com\/ruta-norte\/\"><strong>voie nord depuis La\u00a0Besurta<\/strong><\/a>\u00a0:<\/li>\n<\/ul>\n<table>\n<tbody>\n<tr>\n<td><\/td>\n<td>Dur\u00e9e partielle<\/td>\n<td>Dur\u00e9e cumul\u00e9e<\/td>\n<td>\n<table style=\"height: 27px;\" width=\"84\">\n<tbody>\n<tr>\n<td>D\u00e9nivel\u00e9 partiel<\/td>\n<\/tr>\n<\/tbody>\n<\/table>\n<\/td>\n<td>D\u00e9nivel\u00e9 cumul\u00e9<\/td>\n<td>\n<table>\n<tbody>\n<tr>\n<td>Distance partielle<\/td>\n<\/tr>\n<\/tbody>\n<\/table>\n<\/td>\n<td>\n<table>\n<tbody>\n<tr>\n<td>Distance cumul\u00e9e<\/td>\n<\/tr>\n<\/tbody>\n<\/table>\n<\/td>\n<\/tr>\n<tr>\n<td>La Besurta &#8211; Refugio de La Renclusa<\/td>\n<td style=\"text-align: center; vertical-align: middle;\">50 min<\/td>\n<td style=\"text-align: center; vertical-align: middle;\">50 min<\/td>\n<td style=\"text-align: center; vertical-align: middle;\">+ 240 m<\/td>\n<td style=\"text-align: center; vertical-align: middle;\">+ 240 m<\/td>\n<td style=\"text-align: center; vertical-align: middle;\">1,8 km<\/td>\n<td style=\"text-align: center; vertical-align: middle;\">1,8 km<\/td>\n<\/tr>\n<tr>\n<td>Refugio de la Renclusa &#8211; Portill\u00f3n Inferior<\/td>\n<td style=\"vertical-align: middle; text-align: center;\">1 h 50 min<\/td>\n<td style=\"vertical-align: middle; text-align: center;\">2 h 40 min<\/td>\n<td style=\"vertical-align: middle; text-align: center;\">+ 600 m<\/td>\n<td style=\"vertical-align: middle; text-align: center;\">+ 840 m<\/td>\n<td style=\"text-align: center; vertical-align: middle;\">1,9 km<\/td>\n<td style=\"text-align: center; vertical-align: middle;\">3,7 km<\/td>\n<\/tr>\n<tr>\n<td>Portill\u00f3n Inferior &#8211; Portill\u00f3n Superior<\/td>\n<td style=\"text-align: center; vertical-align: middle;\">30 min<\/td>\n<td style=\"text-align: center; vertical-align: middle;\">3 h 10 min<\/td>\n<td style=\"text-align: center; vertical-align: middle;\">+ 160 m<\/td>\n<td style=\"text-align: center; vertical-align: middle;\">+ 1000 m<\/td>\n<td style=\"text-align: center; vertical-align: middle;\">0,6 km<\/td>\n<td style=\"text-align: center; vertical-align: middle;\">4,3 km<\/td>\n<\/tr>\n<tr>\n<td>Portill\u00f3n Superior &#8211; Collada Corones<\/td>\n<td style=\"vertical-align: middle; text-align: center;\">1 h 20 min<\/td>\n<td style=\"vertical-align: middle; text-align: center;\">4 h 30 min<\/td>\n<td style=\"vertical-align: middle; text-align: center;\">+ 360 m<\/td>\n<td style=\"vertical-align: middle; text-align: center;\">+ 1360 m<\/td>\n<td style=\"text-align: center; vertical-align: middle;\">2,7 km<\/td>\n<td style=\"text-align: center; vertical-align: middle;\">7,0 km<\/td>\n<\/tr>\n<tr>\n<td style=\"text-align: left;\">Collada Corones &#8211; Pico Aneto<\/td>\n<td style=\"text-align: center; vertical-align: middle;\">40 min<\/td>\n<td style=\"text-align: center; vertical-align: middle;\">\u00a05 h 10 min<\/td>\n<td style=\"text-align: center; vertical-align: middle;\">+ 190 m<\/td>\n<td style=\"text-align: center; vertical-align: middle;\">+ 1550 m<\/td>\n<td style=\"text-align: center; vertical-align: middle;\">0,6 km<\/td>\n<td style=\"text-align: center; vertical-align: middle;\">7,6 km<\/td>\n<\/tr>\n<tr>\n<td>Regreso<\/td>\n<td style=\"text-align: center; vertical-align: middle;\">3 h 50 min<\/td>\n<td style=\"text-align: center; vertical-align: middle;\">9 h<\/td>\n<td style=\"text-align: center; vertical-align: middle;\">&#8211; 1 550 m<\/td>\n<td style=\"text-align: center; vertical-align: middle;\">+ \/ 1550 m<\/td>\n<td style=\"text-align: center; vertical-align: middle;\">7,6 km<\/td>\n<td style=\"text-align: center; vertical-align: middle;\">15,2 km<\/td>\n<\/tr>\n<\/tbody>\n<\/table>\n<p>&nbsp;<\/p>\n<ul>\n<li>Horarios para la\u00a0<a href=\"https:\/\/anetoseguro.com\/ruta-del-salterillo\/\"><strong>ruta norte desde La Besurta por el Salterillo:<\/strong><\/a><\/li>\n<\/ul>\n<table width=\"811\">\n<tbody>\n<tr>\n<td width=\"287\"><\/td>\n<td width=\"80\">Dur\u00e9e partielle<\/td>\n<td width=\"90\">Dur\u00e9e cumul\u00e9e<\/td>\n<td width=\"80\">\n<table>\n<tbody>\n<tr>\n<td>D\u00e9nivel\u00e9 partiel<\/td>\n<\/tr>\n<\/tbody>\n<\/table>\n<\/td>\n<td width=\"86\">D\u00e9nivel\u00e9 cumul\u00e9<\/td>\n<td width=\"94\">\n<table>\n<tbody>\n<tr>\n<td>Distance partielle<\/td>\n<\/tr>\n<\/tbody>\n<\/table>\n<\/td>\n<td width=\"94\">\n<table>\n<tbody>\n<tr>\n<td>Distance cumul\u00e9e<\/td>\n<\/tr>\n<\/tbody>\n<\/table>\n<\/td>\n<\/tr>\n<tr>\n<td>\u00a0La Besurta &#8211; Desv\u00edo GR 11.5<\/td>\n<td>1 h 25 min<\/td>\n<td>1 h 25 min<\/td>\n<td>+ 300 m<\/td>\n<td>+ 300 m<\/td>\n<td>4,2 km<\/td>\n<td>4,2 km<\/td>\n<\/tr>\n<tr>\n<td>\u00a0Desv\u00edo GR 11.5 &#8211; Ib\u00f3n del Salterillo<\/td>\n<td>1 h<\/td>\n<td>2 h 25 min<\/td>\n<td>+ 310 m<\/td>\n<td>+ 610 m<\/td>\n<td>1,6 km<\/td>\n<td>5,8 km<\/td>\n<\/tr>\n<tr>\n<td>\u00a0Ib\u00f3n del Salterillo &#8211; Losas de granito (cota 2750 m)<\/td>\n<td>\u00a01 h<\/td>\n<td>3 h 25 min<\/td>\n<td>+ 280 m<\/td>\n<td>+ 890 m<\/td>\n<td>1,1 km<\/td>\n<td>6,9 km<\/td>\n<\/tr>\n<tr>\n<td>\u00a0Losas de granito &#8211; Paso bajo Collada Corones<\/td>\n<td>1 h 20 min<\/td>\n<td>4 h 45 min<\/td>\n<td>+ 410 m<\/td>\n<td>+ 1.300m<\/td>\n<td>1,7 km<\/td>\n<td>8,6 km<\/td>\n<\/tr>\n<tr>\n<td>\u00a0Paso bajo Collada Corones &#8211; Pico Aneto<\/td>\n<td>45 min<\/td>\n<td>5 h 30 min<\/td>\n<td>+ 240 m<\/td>\n<td>+ 1.540 m<\/td>\n<td>0,7 km<\/td>\n<td>9,3 km<\/td>\n<\/tr>\n<tr>\n<td>\u00a0Regreso<\/td>\n<td>3 h 50 min<\/td>\n<td>9 h 20 min<\/td>\n<td>&#8211; 1540 m<\/td>\n<td>+\/- 1.540 m<\/td>\n<td>9,3 km<\/td>\n<td>18,6 km<\/td>\n<\/tr>\n<\/tbody>\n<\/table>\n<p>&nbsp;<\/p>\n<ul>\n<li>Dur\u00e9es pour la <a href=\"https:\/\/anetoseguro.com\/ruta-sur\/\">voie sud depuis le pont de Coronas<\/a>:<\/li>\n<\/ul>\n<table>\n<tbody>\n<tr>\n<td><\/td>\n<td style=\"text-align: center;\">Dur\u00e9e partielle<\/td>\n<td style=\"text-align: center;\">Dur\u00e9e cumul\u00e9e<\/td>\n<td style=\"text-align: center;\">\n<table>\n<tbody>\n<tr>\n<td>D\u00e9nivel\u00e9 partiel<\/td>\n<\/tr>\n<\/tbody>\n<\/table>\n<\/td>\n<td style=\"text-align: center;\">D\u00e9nivel\u00e9 cumul\u00e9<\/td>\n<td style=\"text-align: center;\">\n<table>\n<tbody>\n<tr>\n<td>Distance partielle<\/td>\n<\/tr>\n<\/tbody>\n<\/table>\n<\/td>\n<td style=\"text-align: center;\">\n<table>\n<tbody>\n<tr>\n<td>Distance cumul\u00e9e<\/td>\n<\/tr>\n<\/tbody>\n<\/table>\n<\/td>\n<\/tr>\n<tr>\n<td>Puente Corones &#8211; Ibonet de Corones<\/td>\n<td style=\"text-align: center; vertical-align: middle;\">1 h<\/td>\n<td style=\"text-align: center; vertical-align: middle;\">1 h<\/td>\n<td style=\"text-align: center; vertical-align: middle;\">+ 290 m<\/td>\n<td style=\"text-align: center; vertical-align: middle;\">+ 290 m<\/td>\n<td style=\"text-align: center; vertical-align: middle;\">1,6 km<\/td>\n<td style=\"text-align: center; vertical-align: middle;\">1,6 km<\/td>\n<\/tr>\n<tr>\n<td>Ibonet de Corones &#8211; Ib\u00f3n Baixo de Corones<\/td>\n<td style=\"vertical-align: middle; text-align: center;\">1 h 10 min<\/td>\n<td style=\"vertical-align: middle; text-align: center;\">2 h 10 min<\/td>\n<td style=\"vertical-align: middle; text-align: center;\">+ 390 m<\/td>\n<td style=\"vertical-align: middle; text-align: center;\">+ 680 m<\/td>\n<td style=\"text-align: center; vertical-align: middle;\">1,1 km<\/td>\n<td style=\"text-align: center; vertical-align: middle;\">2,7 km<\/td>\n<\/tr>\n<tr>\n<td>Ib\u00f3n Baixo de Corones &#8211; Ibones de Corones<\/td>\n<td style=\"text-align: center; vertical-align: middle;\">30 min<\/td>\n<td style=\"text-align: center; vertical-align: middle;\">2 h 40 min<\/td>\n<td style=\"text-align: center; vertical-align: middle;\">+ 110 m<\/td>\n<td style=\"text-align: center; vertical-align: middle;\">+ 790 m<\/td>\n<td style=\"text-align: center; vertical-align: middle;\">0,7 km<\/td>\n<td style=\"text-align: center; vertical-align: middle;\">3,4 km<\/td>\n<\/tr>\n<tr>\n<td>Ibones de Corones &#8211; Collada de Corones<\/td>\n<td style=\"vertical-align: middle; text-align: center;\">1 h 25 min<\/td>\n<td style=\"vertical-align: middle; text-align: center;\">4 h 5 min<\/td>\n<td style=\"vertical-align: middle; text-align: center;\">+ 460 m<\/td>\n<td style=\"vertical-align: middle; text-align: center;\">+ 1250 m<\/td>\n<td style=\"text-align: center; vertical-align: middle;\">1,7 km<\/td>\n<td style=\"text-align: center; vertical-align: middle;\">5,1 km<\/td>\n<\/tr>\n<tr>\n<td style=\"text-align: left;\">Collada Corones &#8211; Pico Aneto<\/td>\n<td style=\"text-align: center;\">40 min<\/td>\n<td style=\"text-align: center;\">4 h 45 min<\/td>\n<td style=\"text-align: center;\">+ 200 m<\/td>\n<td style=\"text-align: center;\">+ 1450 m<\/td>\n<td style=\"text-align: center;\">0,6 km<\/td>\n<td style=\"text-align: center;\">5,7 km<\/td>\n<\/tr>\n<tr>\n<td>Regreso<\/td>\n<td style=\"text-align: center; vertical-align: middle;\">3 h 30 min<\/td>\n<td style=\"text-align: center; vertical-align: middle;\">8 h 15 min<\/td>\n<td style=\"text-align: center; vertical-align: middle;\">&#8211; 1 450 m<\/td>\n<td style=\"text-align: center; vertical-align: middle;\">+\/- 1450 m<\/td>\n<td style=\"text-align: center; vertical-align: middle;\">5,7 km<\/td>\n<td style=\"text-align: center; vertical-align: middle;\">11,4 km<\/td>\n<\/tr>\n<\/tbody>\n<\/table>\n<p>&nbsp;<\/p>\n<p>\u00c0 ces <strong>dur\u00e9es sans arr\u00eats<\/strong> vous devez ajouter les pauses que vous allez faire pour manger, vous hydrater, vous reposer, chausser les <a href=\"https:\/\/anetoseguro.com\/piolet-y-crampones\/\"><strong>crampons<\/strong><\/a> et vous pr\u00e9parer \u00e0 franchir le <a href=\"https:\/\/anetoseguro.com\/puente-de-mahoma\/\"><strong>Pont de Mahomet.<\/strong><\/a> La taille du groupe est aussi un facteur \u00e0 prendre en compte. Les grands groupes progressent plus lentement que les petits. Sans oublier les impr\u00e9vus qui peuvent retarder la marche\u00a0: changements m\u00e9t\u00e9o, motivation et condition physique du groupe, etc.<\/p>\n<p>D\u2019une mani\u00e8re g\u00e9n\u00e9rale, <strong>il convient d\u2019ajouter 30\u00a0% \u00e0 la dur\u00e9e initialement calcul\u00e9e<\/strong><strong>.<\/strong><\/p>\n<p><strong>Les dur\u00e9es partielles vous permettent de d\u00e9cider de faire demi-tour si vous n\u2019\u00eates pas dans les temps<\/strong><strong>.<\/strong> Si vous pensez ne pas pouvoir revenir dans la vall\u00e9e dans de bonnes conditions (fatigue excessive) ou que, en cas d\u2019accident, votre marge de man\u0153uvre ne sera pas suffisante (<strong>il doit rester au moins 3\u00a0heures de jour entre votre arriv\u00e9e \u00e0 la vall\u00e9e et l\u2019heure pr\u00e9vue de la tomb\u00e9e de la nuit<\/strong>), mieux vaut abandonner et revenir un prochaine fois.<\/p>\n<p>&nbsp;<\/p>\n<table class=\"miTabla\">\n<tbody>\n<tr>\n<td style=\"text-align: left;\"><a class=\"btn btn-default btn-lg btn-left btn-nav\" href=\"https:\/\/anetoseguro.com\/puente-de-mahoma\/\">Pont de Mahomet<\/a><\/td>\n<td style=\"text-align: right;\"><a class=\"btn btn-default btn-lg btn-right btn-nav\" href=\"https:\/\/anetoseguro.com\/meteorologia\/\">M\u00e9t\u00e9o<\/a><\/td>\n<\/tr>\n<\/tbody>\n<\/table>\n<p><\/p>","protected":false},"excerpt":{"rendered":"<p>En montagne, chacun marche \u00e0 sa propre allureen fonction de sa forme physique, de son exp\u00e9rience ou de son habitude du milieu. Disposer de dur\u00e9es de r\u00e9f\u00e9rence est essentiel pour d\u00e9cider correctement du rythme \u00e0 adopter. Sur l\u2019Aneto, 67\u00a0% des sauvetages interviennent sur la descente. N\u2019oubliez pas que vous avez march\u00e9 longtemps, que vous avez franchi un d\u00e9nivel\u00e9 important et, qui plus est, sur un terrain de haute montagne. La fatigue accumul\u00e9e au cours de la journ\u00e9e va jouer sur le rythme de la descente\u00a0: il est normal qu\u2019il vous co\u00fbte autant de descendre que de monter. Pouvoir se r\u00e9f\u00e9rer &hellip;<\/p>\n","protected":false},"author":2,"featured_media":0,"parent":0,"menu_order":0,"comment_status":"closed","ping_status":"closed","template":"","meta":{"_joinchat":[],"footnotes":""},"class_list":["post-71","page","type-page","status-publish","hentry"],"_links":{"self":[{"href":"https:\/\/anetoseguro.com\/fr\/wp-json\/wp\/v2\/pages\/71","targetHints":{"allow":["GET"]}}],"collection":[{"href":"https:\/\/anetoseguro.com\/fr\/wp-json\/wp\/v2\/pages"}],"about":[{"href":"https:\/\/anetoseguro.com\/fr\/wp-json\/wp\/v2\/types\/page"}],"author":[{"embeddable":true,"href":"https:\/\/anetoseguro.com\/fr\/wp-json\/wp\/v2\/users\/2"}],"replies":[{"embeddable":true,"href":"https:\/\/anetoseguro.com\/fr\/wp-json\/wp\/v2\/comments?post=71"}],"version-history":[{"count":19,"href":"https:\/\/anetoseguro.com\/fr\/wp-json\/wp\/v2\/pages\/71\/revisions"}],"predecessor-version":[{"id":1136,"href":"https:\/\/anetoseguro.com\/fr\/wp-json\/wp\/v2\/pages\/71\/revisions\/1136"}],"wp:attachment":[{"href":"https:\/\/anetoseguro.com\/fr\/wp-json\/wp\/v2\/media?parent=71"}],"curies":[{"name":"wp","href":"https:\/\/api.w.org\/{rel}","templated":true}]}}