{"id":73,"date":"2017-05-03T15:00:19","date_gmt":"2017-05-03T14:00:19","guid":{"rendered":"https:\/\/anetoseguro.com\/?page_id=73"},"modified":"2022-08-02T14:07:26","modified_gmt":"2022-08-02T13:07:26","slug":"puente-de-mahoma","status":"publish","type":"page","link":"https:\/\/anetoseguro.com\/fr\/puente-de-mahoma\/","title":{"rendered":"Pont de Mahomet"},"content":{"rendered":"<p><a href=\"https:\/\/anetoseguro.com\/wp-content\/uploads\/2017\/06\/20170610Maspirineo_PuenteMahoma.jpg\"><img loading=\"lazy\" decoding=\"async\" class=\"alignleft wp-image-631 size-medium\" title=\"Puente de Mahoma\" src=\"https:\/\/anetoseguro.com\/wp-content\/uploads\/2017\/06\/20170610Maspirineo_PuenteMahoma-350x177.jpg\" alt=\"Puente de Mahoma\" width=\"350\" height=\"177\" srcset=\"https:\/\/anetoseguro.com\/wp-content\/uploads\/2017\/06\/20170610Maspirineo_PuenteMahoma-350x177.jpg 350w, https:\/\/anetoseguro.com\/wp-content\/uploads\/2017\/06\/20170610Maspirineo_PuenteMahoma-768x389.jpg 768w, https:\/\/anetoseguro.com\/wp-content\/uploads\/2017\/06\/20170610Maspirineo_PuenteMahoma-730x370.jpg 730w, https:\/\/anetoseguro.com\/wp-content\/uploads\/2017\/06\/20170610Maspirineo_PuenteMahoma.jpg 1350w\" sizes=\"auto, (max-width: 350px) 100vw, 350px\" \/><\/a><\/p>\n<p>Le Pont de Mahomet, <strong>passage horizontal de 40\u00a0m\u00e8tres de long<\/strong> et d\u2019une impressionnante verticalit\u00e9 des deux c\u00f4t\u00e9s, s\u00e9pare le pr\u00e9-sommet du sommet. C\u2019est aussi <strong>le dernier obstacle \u00e0 franchir avant d\u2019atteindre l\u2019Aneto<\/strong><strong>.<\/strong><\/p>\n<p>Il doit son nom \u00e0 <strong>Albert de Franqueville<\/strong>, l\u2019un des<a href=\"https:\/\/anetoseguro.com\/primera-ascension\/\"> premiers hommes \u00e0 avoir fait le pic Aneto<\/a>. <em>\u00ab\u00a0Plus fin qu\u2019un cheveu et plus tranchant qu\u2019un sabre\u00a0\u00bb,<\/em> tel est le pont de Mahomet selon la l\u00e9gende\u00a0: l\u2019entr\u00e9e au Paradis &#8211;\u00a0au sommet de l\u2019Aneto\u00a0&#8211; selon Albert de Franqueville.<\/p>\n<p><span lang=\"FR\">Plusieurs facteurs rendent ce passage dangereux\u00a0:<\/span><\/p>\n<ul>\n<li>La <strong>verticalit\u00e9<\/strong> des deux c\u00f4t\u00e9s et l\u2019in\u00e9vitable <strong>sensation de vertige<\/strong> qu\u2019elle provoque. Une chute serait mortelle.<\/li>\n<li>Sur certains tron\u00e7ons il est n\u00e9cessaire de grimper en <strong>s\u2019aidant des mains<\/strong>.<\/li>\n<li>La <strong>circulation sur ce passage peut \u00eatre dense<\/strong>. Tous les alpinistes qui montent \u00e0 l\u2019Aneto doivent emprunter deux fois ce passage\u00a0: \u00e0 l\u2019aller et au retour. \u00c0 certains endroits, deux personnes ne peuvent pas se croiser. Soyez patient.<\/li>\n<li>L\u2019\u00e9ventuelle <strong>pr\u00e9sence d\u2019eau, de glace et de neige<\/strong>, peuvent rendre le passage glissant.<\/li>\n<li>L\u2019<strong>exposition \u00e0 la foudre <\/strong>\u00a0en cas d\u2019orage.<\/li>\n<\/ul>\n<p><span lang=\"FR\">Pour toutes ces raisons, il ne faut en aucun cas entreprendre cette section de l\u2019ascension si vous ne vous sentez pas totalement s\u00fbr, ni obliger quiconque \u00e0 passer. La fatigue accumul\u00e9e et l\u2019appr\u00e9hension ne font pas bon m\u00e9nage et pourraient provoquer une catastrophe.<\/span><\/p>\n<h4>Peut-on se s\u00e9curiser avec une corde, au passage du Pont?<\/h4>\n<p>Si vous poss\u00e9dez un harnais, du mat\u00e9riel d\u2019assurage et une corde, vous pouvez s\u00e9curiser votre passage, mais cela requiert des man\u0153uvres techniques qu\u2019il faut savoir ex\u00e9cuter. Si vous ne poss\u00e9dez pas cet \u00e9quipement ou n\u2019\u00eates pas s\u00fbr de vous, envisagez de vous faire accompagner par un <a href=\"https:\/\/anetoseguro.com\/los-guias\/\">guide professionnel<\/a> qui g\u00e9rera le passage de fa\u00e7on s\u00fbre.<\/p>\n<p>Atteindre le sommet n\u2019est pas ce qu\u2019il y a de plus important, <strong>l\u2019important est de revenir en bonne sant\u00e9<\/strong> et en ayant appr\u00e9ci\u00e9 la sortie. Si le doute vous assaille devant le Pont de Mahomet&#8230; profitez du pr\u00e9-sommet\u00a0!\u00a0Ne vous g\u00e2chez pas le plaisir pour quelques m\u00e8tres d\u2019ascension de plus ou de moins.<\/p>\n<p><a href=\"https:\/\/anetoseguro.com\/wp-content\/uploads\/2017\/05\/Puente_de_Mahoma05.jpg\"><img loading=\"lazy\" decoding=\"async\" class=\"aligncenter wp-image-172 size-large\" src=\"https:\/\/anetoseguro.com\/wp-content\/uploads\/2017\/05\/Puente_de_Mahoma05-730x411.jpg\" alt=\"\" width=\"730\" height=\"411\" srcset=\"https:\/\/anetoseguro.com\/wp-content\/uploads\/2017\/05\/Puente_de_Mahoma05-730x411.jpg 730w, https:\/\/anetoseguro.com\/wp-content\/uploads\/2017\/05\/Puente_de_Mahoma05-350x197.jpg 350w, https:\/\/anetoseguro.com\/wp-content\/uploads\/2017\/05\/Puente_de_Mahoma05-768x432.jpg 768w, https:\/\/anetoseguro.com\/wp-content\/uploads\/2017\/05\/Puente_de_Mahoma05-1366x768.jpg 1366w\" sizes=\"auto, (max-width: 730px) 100vw, 730px\" \/><\/a><\/p>\n<p><a href=\"https:\/\/anetoseguro.com\/wp-content\/uploads\/2017\/05\/Puente_de_Mahoma_cuerda.jpg\"><img loading=\"lazy\" decoding=\"async\" class=\"aligncenter wp-image-173 size-large\" title=\"Paso de Mahoma - Foto: Maspirineo\" src=\"https:\/\/anetoseguro.com\/wp-content\/uploads\/2017\/05\/Puente_de_Mahoma_cuerda-730x411.jpg\" alt=\"puente de mahoma\" width=\"730\" height=\"411\" srcset=\"https:\/\/anetoseguro.com\/wp-content\/uploads\/2017\/05\/Puente_de_Mahoma_cuerda-730x411.jpg 730w, https:\/\/anetoseguro.com\/wp-content\/uploads\/2017\/05\/Puente_de_Mahoma_cuerda-350x197.jpg 350w, https:\/\/anetoseguro.com\/wp-content\/uploads\/2017\/05\/Puente_de_Mahoma_cuerda-768x432.jpg 768w, https:\/\/anetoseguro.com\/wp-content\/uploads\/2017\/05\/Puente_de_Mahoma_cuerda-1366x768.jpg 1366w\" sizes=\"auto, (max-width: 730px) 100vw, 730px\" \/><\/a><\/p>\n<p>&nbsp;<\/p>\n<table class=\"miTabla\">\n<tbody>\n<tr>\n<td style=\"text-align: left;\"><a class=\"btn btn-default btn-lg btn-left btn-nav\" href=\"https:\/\/anetoseguro.com\/el-glaciar-del-aneto\/\">Le glacier d&#8217;Aneto<\/a><\/td>\n<td style=\"text-align: right;\"><a class=\"btn btn-default btn-lg btn-right btn-nav\" href=\"https:\/\/anetoseguro.com\/horarios\/\">Dur\u00e9es<\/a><\/td>\n<\/tr>\n<\/tbody>\n<\/table>\n<p><\/p>","protected":false},"excerpt":{"rendered":"<p>Le Pont de Mahomet, passage horizontal de 40\u00a0m\u00e8tres de long et d\u2019une impressionnante verticalit\u00e9 des deux c\u00f4t\u00e9s, s\u00e9pare le pr\u00e9-sommet du sommet. C\u2019est aussi le dernier obstacle \u00e0 franchir avant d\u2019atteindre l\u2019Aneto. Il doit son nom \u00e0 Albert de Franqueville, l\u2019un des premiers hommes \u00e0 avoir fait le pic Aneto. \u00ab\u00a0Plus fin qu\u2019un cheveu et plus tranchant qu\u2019un sabre\u00a0\u00bb, tel est le pont de Mahomet selon la l\u00e9gende\u00a0: l\u2019entr\u00e9e au Paradis &#8211;\u00a0au sommet de l\u2019Aneto\u00a0&#8211; selon Albert de Franqueville. Plusieurs facteurs rendent ce passage dangereux\u00a0: La verticalit\u00e9 des deux c\u00f4t\u00e9s et l\u2019in\u00e9vitable sensation de vertige qu\u2019elle provoque. Une chute serait &hellip;<\/p>\n","protected":false},"author":2,"featured_media":0,"parent":0,"menu_order":0,"comment_status":"closed","ping_status":"closed","template":"","meta":{"_joinchat":[],"footnotes":""},"class_list":["post-73","page","type-page","status-publish","hentry"],"_links":{"self":[{"href":"https:\/\/anetoseguro.com\/fr\/wp-json\/wp\/v2\/pages\/73","targetHints":{"allow":["GET"]}}],"collection":[{"href":"https:\/\/anetoseguro.com\/fr\/wp-json\/wp\/v2\/pages"}],"about":[{"href":"https:\/\/anetoseguro.com\/fr\/wp-json\/wp\/v2\/types\/page"}],"author":[{"embeddable":true,"href":"https:\/\/anetoseguro.com\/fr\/wp-json\/wp\/v2\/users\/2"}],"replies":[{"embeddable":true,"href":"https:\/\/anetoseguro.com\/fr\/wp-json\/wp\/v2\/comments?post=73"}],"version-history":[{"count":20,"href":"https:\/\/anetoseguro.com\/fr\/wp-json\/wp\/v2\/pages\/73\/revisions"}],"predecessor-version":[{"id":1148,"href":"https:\/\/anetoseguro.com\/fr\/wp-json\/wp\/v2\/pages\/73\/revisions\/1148"}],"wp:attachment":[{"href":"https:\/\/anetoseguro.com\/fr\/wp-json\/wp\/v2\/media?parent=73"}],"curies":[{"name":"wp","href":"https:\/\/api.w.org\/{rel}","templated":true}]}}