{"id":75,"date":"2017-05-03T13:10:33","date_gmt":"2017-05-03T12:10:33","guid":{"rendered":"https:\/\/anetoseguro.com\/?page_id=75"},"modified":"2022-08-02T13:56:47","modified_gmt":"2022-08-02T12:56:47","slug":"el-glaciar-del-aneto","status":"publish","type":"page","link":"https:\/\/anetoseguro.com\/fr\/el-glaciar-del-aneto\/","title":{"rendered":"Le glacier d&#8217;Aneto"},"content":{"rendered":"<p><a href=\"https:\/\/anetoseguro.com\/wp-content\/uploads\/2017\/05\/rimaya_glaciar_aneto.jpg\"><img loading=\"lazy\" decoding=\"async\" class=\"alignleft wp-image-124\" title=\"Rimaya en el glaciar del Aneto. Monta\u00f1a Segura\" src=\"https:\/\/anetoseguro.com\/wp-content\/uploads\/2017\/05\/rimaya_glaciar_aneto-350x263.jpg\" alt=\"el-glaciar-del-aneto\" width=\"345\" height=\"256\" \/><\/a><\/p>\n<p>Avec <strong>90\u00a0hectares de superficie et 50\u00a0m\u00e8tres d\u2019\u00e9paisseur maximale<\/strong>, le <a href=\"https:\/\/es.wikipedia.org\/wiki\/Glaciar_del_Aneto\">glacier d\u2019Aneto<\/a> est la masse glaciaire la plus \u00e9tendue des Pyr\u00e9n\u00e9es. Il fait partie de l\u2019ensemble prot\u00e9g\u00e9 au titre du <a href=\"https:\/\/anetoseguro.com\/monumento-natural-de-los-glaciares\/\">Monument naturel des glaciers pyr\u00e9n\u00e9ens<\/a>.<\/p>\n<p>Un glacier est une <strong>grande masse de glace permanente<\/strong> qui <strong>se d\u00e9place<\/strong> vers le bas, comme un fluide, de fa\u00e7on imperceptible \u00e0 nos yeux mais qu\u2019il est possible de mesurer \u00e0 l\u2019\u00e9chelle des ans. Ces grandes masses glaciaires arrachant la roche comme des excavatrices et <strong>constituent l\u2019un des principaux agents d\u2019\u00e9rosion et de modelage de la haute montagne<\/strong><strong>.<\/strong><\/p>\n<h4>Est-on oblig\u00e9 de marcher sur le glacier?<\/h4>\n<p><strong>Pour monter \u00e0 l\u2019Aneto, vous marcherez forc\u00e9ment sur de la neige ou de la glace<\/strong>. Quel que soit l\u2019itin\u00e9raire choisi pour arriver au sommet &#8211;\u00a0la <a href=\"https:\/\/anetoseguro.com\/ruta-sur\/\">voie sud<\/a> ou l\u2019ascension par la <a href=\"https:\/\/anetoseguro.com\/ruta-norte\/\">face nord<\/a>\u00a0&#8211; vous traverserez le glacier d\u2019Aneto.\u00a0Y compris <strong>en \u00e9t\u00e9<\/strong> lorsque la neige se retire, car c\u2019est alors la <strong>glace pure du glacier<\/strong> qui appara\u00eet, <strong>extr\u00eamement dure et glissante<\/strong>, et qui rend indispensables <a href=\"https:\/\/anetoseguro.com\/piolet-y-crampones\/\">le piolet, les crampons et le casque,<\/a> que vous devez int\u00e9grer \u00e0 <a href=\"https:\/\/anetoseguro.com\/mochila\/\">votre \u00e9quipement<\/a> pour affronter cette activit\u00e9.<\/p>\n<p>Si vous montez depuis La\u00a0Besurta en \u00e9t\u00e9, vous rencontrerez la <strong>neige au niveau du Portillon sup\u00e9rieur<\/strong> en juin, puis un peu au-del\u00e0 au fur et \u00e0 mesure que l\u2019\u00e9t\u00e9 avance. <a href=\"https:\/\/anetoseguro.com\/el-glaciar-del-aneto-en-agosto\/\"><strong>\u00c0 la fin de la saison estivale<\/strong><\/a>, la neige a g\u00e9n\u00e9ralement disparu mais <strong>vous aurez \u00e0 passer le glacier (en l\u2019\u00e9vitant autant que possible)<\/strong>.<\/p>\n<p><iframe loading=\"lazy\" class=\"juxtapose\" src=\"https:\/\/cdn.knightlab.com\/libs\/juxtapose\/latest\/embed\/index.html?uid=d0364896-3006-11e7-aa4f-0edaf8f81e27\" width=\"100%\" height=\"600.7000705716302\" frameborder=\"0\"><\/iframe><\/p>\n<p>Les traces laiss\u00e9es dans la glace par les alpinistes qui vous pr\u00e9c\u00e8dent procurent une fausse impression de s\u00e9curit\u00e9 qui peut vous conduire \u00e0 baisser la garde. Ne rel\u00e2chez pas votre attention, <strong>le piolet et les crampons sont cruciaux<\/strong><strong>.<\/strong><\/p>\n<h4>Et si l&#8217;on monte par la face sud?<\/h4>\n<p>Si vous optez pour <strong>la face sud<\/strong> (pont de Coronas, Vallibierna), <strong>vous ne serez pas pour autant dispens\u00e9 de marcher sur la neige ou la glace<\/strong> car cette voie rejoint la voie nord au Col de Coronas. Partant de ce point, <strong>la zone la plus raide du glacier<\/strong> reste \u00e0 franchir. De plus, <strong>selon le mois<\/strong>, il y a toujours un risque <strong>de trouver de la neige d\u00e8s le lac sup\u00e9rieur de Coronas<\/strong><strong>.<\/strong><\/p>\n<p>Outre le <strong>piolet, les crampons et le casque, un pantalon long et un tee-shirt \u00e0 manches longues sont n\u00e9cessaires<\/strong>. Si vous vous cognez ou chutez<strong>, <\/strong><strong>le casque vous prot\u00e9gera d\u2019un \u00e9ventuel choc \u00e0 la t\u00eate, et les v\u00eatements longs \u00e9viteront que votre peau ne frotte contre la neige<\/strong> avant que vous ne vous reteniez gr\u00e2ce au piolet.<\/p>\n<p>N\u2019oubliez pas que, non seulement vous devez \u00eatre \u00e9quip\u00e9 du mat\u00e9riel de s\u00e9curit\u00e9 (<strong>piolet et crampons<\/strong>), mais que vous devez aussi \u00eatre habitu\u00e9 \u00e0 l\u2019utiliser. <strong>L\u2019Aneto n\u2019est pas le lieu appropri\u00e9 pour se familiariser avec ce mat\u00e9riel technique<\/strong>.<\/p>\n<div id=\"attachment_125\" style=\"width: 740px\" class=\"wp-caption aligncenter\"><a href=\"https:\/\/anetoseguro.com\/wp-content\/uploads\/2017\/05\/panoramica_aneto_glaciar.jpg\"><img loading=\"lazy\" decoding=\"async\" aria-describedby=\"caption-attachment-125\" class=\"wp-image-125 size-large\" title=\"Vistas del Aneto con su glaciar. Penjats per La Aran, Teresa Bigorda\" src=\"https:\/\/anetoseguro.com\/wp-content\/uploads\/2017\/05\/panoramica_aneto_glaciar-730x487.jpg\" alt=\"el-glaciar-aneto-panoramica\" width=\"730\" height=\"487\" srcset=\"https:\/\/anetoseguro.com\/wp-content\/uploads\/2017\/05\/panoramica_aneto_glaciar-730x487.jpg 730w, https:\/\/anetoseguro.com\/wp-content\/uploads\/2017\/05\/panoramica_aneto_glaciar-350x233.jpg 350w, https:\/\/anetoseguro.com\/wp-content\/uploads\/2017\/05\/panoramica_aneto_glaciar-768x512.jpg 768w, https:\/\/anetoseguro.com\/wp-content\/uploads\/2017\/05\/panoramica_aneto_glaciar.jpg 963w\" sizes=\"auto, (max-width: 730px) 100vw, 730px\" \/><\/a><p id=\"caption-attachment-125\" class=\"wp-caption-text\">Foto: Penjats Per L&#8217;Aran, Teresa Bigorda<\/p><\/div>\n<p>&nbsp;<\/p>\n<table class=\"miTabla\">\n<tbody>\n<tr>\n<td style=\"text-align: left;\"><a class=\"btn btn-default btn-lg btn-left btn-nav\" href=\"https:\/\/anetoseguro.com\/la-renclusa\/\">La Renclusa<\/a><\/td>\n<td style=\"text-align: right;\"><a class=\"btn btn-default btn-lg btn-right btn-nav\" href=\"https:\/\/anetoseguro.com\/puente-de-mahoma\/\">Pont de Mahomet<\/a><\/td>\n<\/tr>\n<\/tbody>\n<\/table>\n<p><\/p>","protected":false},"excerpt":{"rendered":"<p>Avec 90\u00a0hectares de superficie et 50\u00a0m\u00e8tres d\u2019\u00e9paisseur maximale, le glacier d\u2019Aneto est la masse glaciaire la plus \u00e9tendue des Pyr\u00e9n\u00e9es. Il fait partie de l\u2019ensemble prot\u00e9g\u00e9 au titre du Monument naturel des glaciers pyr\u00e9n\u00e9ens. Un glacier est une grande masse de glace permanente qui se d\u00e9place vers le bas, comme un fluide, de fa\u00e7on imperceptible \u00e0 nos yeux mais qu\u2019il est possible de mesurer \u00e0 l\u2019\u00e9chelle des ans. Ces grandes masses glaciaires arrachant la roche comme des excavatrices et constituent l\u2019un des principaux agents d\u2019\u00e9rosion et de modelage de la haute montagne. Est-on oblig\u00e9 de marcher sur le glacier? Pour &hellip;<\/p>\n","protected":false},"author":2,"featured_media":0,"parent":0,"menu_order":0,"comment_status":"closed","ping_status":"closed","template":"","meta":{"_joinchat":[],"footnotes":""},"class_list":["post-75","page","type-page","status-publish","hentry"],"_links":{"self":[{"href":"https:\/\/anetoseguro.com\/fr\/wp-json\/wp\/v2\/pages\/75","targetHints":{"allow":["GET"]}}],"collection":[{"href":"https:\/\/anetoseguro.com\/fr\/wp-json\/wp\/v2\/pages"}],"about":[{"href":"https:\/\/anetoseguro.com\/fr\/wp-json\/wp\/v2\/types\/page"}],"author":[{"embeddable":true,"href":"https:\/\/anetoseguro.com\/fr\/wp-json\/wp\/v2\/users\/2"}],"replies":[{"embeddable":true,"href":"https:\/\/anetoseguro.com\/fr\/wp-json\/wp\/v2\/comments?post=75"}],"version-history":[{"count":23,"href":"https:\/\/anetoseguro.com\/fr\/wp-json\/wp\/v2\/pages\/75\/revisions"}],"predecessor-version":[{"id":1131,"href":"https:\/\/anetoseguro.com\/fr\/wp-json\/wp\/v2\/pages\/75\/revisions\/1131"}],"wp:attachment":[{"href":"https:\/\/anetoseguro.com\/fr\/wp-json\/wp\/v2\/media?parent=75"}],"curies":[{"name":"wp","href":"https:\/\/api.w.org\/{rel}","templated":true}]}}