{"id":77,"date":"2017-05-03T13:06:25","date_gmt":"2017-05-03T12:06:25","guid":{"rendered":"https:\/\/anetoseguro.com\/?page_id=77"},"modified":"2022-08-02T13:56:22","modified_gmt":"2022-08-02T12:56:22","slug":"cobertura","status":"publish","type":"page","link":"https:\/\/anetoseguro.com\/fr\/cobertura\/","title":{"rendered":"Couverture t\u00e9l\u00e9phonique"},"content":{"rendered":"<p><a href=\"https:\/\/anetoseguro.com\/wp-content\/uploads\/2017\/05\/Llamada_montana_112.jpg\"><img loading=\"lazy\" decoding=\"async\" class=\"alignleft wp-image-101 size-medium\" title=\"Monta\u00f1ero llamando en monta\u00f1a, Monta\u00f1a Segura\" src=\"https:\/\/anetoseguro.com\/wp-content\/uploads\/2017\/05\/Llamada_montana_112-350x263.jpg\" alt=\"llamada-112-monta\u00f1a-seguridad-monta\u00f1a-segura\" width=\"350\" height=\"263\" srcset=\"https:\/\/anetoseguro.com\/wp-content\/uploads\/2017\/05\/Llamada_montana_112-350x263.jpg 350w, https:\/\/anetoseguro.com\/wp-content\/uploads\/2017\/05\/Llamada_montana_112-768x576.jpg 768w, https:\/\/anetoseguro.com\/wp-content\/uploads\/2017\/05\/Llamada_montana_112-730x548.jpg 730w, https:\/\/anetoseguro.com\/wp-content\/uploads\/2017\/05\/Llamada_montana_112-1366x1025.jpg 1366w, https:\/\/anetoseguro.com\/wp-content\/uploads\/2017\/05\/Llamada_montana_112.jpg 1600w\" sizes=\"auto, (max-width: 350px) 100vw, 350px\" \/><\/a><\/p>\n<p>Si au cours de l\u2019ascension \u00e0 l\u2019<strong>Aneto<\/strong> vous avez besoin<strong>d\u2019appeler<\/strong> le <a href=\"http:\/\/112aragon.aragon.es\/\">112<\/a>, il vous sera tr\u00e8s utile de conna\u00eetre les zones qui b\u00e9n\u00e9ficient de couverture t\u00e9l\u00e9phonique.<\/p>\n<h4>Savez-vous comment contacter le 112?<\/h4>\n<p><strong>Vous pourrez appeler le 112 depuis votre t\u00e9l\u00e9phone portable\u00e0 condition de disposer de la couverture\u00a02G d\u2019un op\u00e9rateur de t\u00e9l\u00e9phonie, qu\u2019il soit espagnol ou fran\u00e7ais<\/strong>. En montagne, le taux de couverture n\u2019est g\u00e9n\u00e9ralement pas aussi bon qu\u2019ailleurs. Il faut n\u00e9anmonins toujours emporter son t\u00e9l\u00e9phone portable car certains secteurs &#8211;\u00a0et surtout les points plus \u00e9lev\u00e9s\u00a0&#8211; sont couverts par la 2G.<\/p>\n<p><strong>En l\u2019absence de couverture, vous ne pourrez pas appeler le 112<\/strong>. Nous insistons sur le fait que cette couverture ne doit pas n\u00e9cessairement \u00eatre celle de votre op\u00e9rateur, elle peut \u00eatre fournie par n\u2019importe quel autre prestataire, m\u00eame \u00e9tranger.<\/p>\n<p><strong>Pensez \u00e0\u00a0:<\/strong><\/p>\n<ul>\n<li>Emporter votre <strong>t\u00e9l\u00e9phone <\/strong>avec la <strong>batterie charg\u00e9e<\/strong><strong>.<\/strong><\/li>\n<li>Emporter \u00e9galement un <strong>chargeur portable<\/strong><strong>.<\/strong><\/li>\n<\/ul>\n<h4>O\u00f9 b\u00e9n\u00e9ficie-t-on d&#8217;une couverture 2G sur l&#8217;Aneto?<\/h4>\n<p>Sur la <a href=\"https:\/\/anetoseguro.com\/ruta-norte\/\">voie nord<\/a>, partant de <strong>La\u00a0Besurta<\/strong>, il n\u2019y a pas de couverture <strong>entre La\u00a0Besurta et la zone des Portillons<\/strong>. Une fois sur le glacier, vous aurez probablement du signal jusqu\u2019au sommet.<\/p>\n<p>En la <a href=\"https:\/\/anetoseguro.com\/ruta-del-salterillo\/\"><strong>ruta de la cara norte por el Salterillo <\/strong><\/a>desde <strong>La Besurta<\/strong>, estar\u00e1s sin cobertura <strong>desde La Besurta hasta antes de llegar al Ib\u00f3n del Salterillo<\/strong>, a partir de aqu\u00ed se podr\u00e1 encontrar en algunos puntos hasta la cima.<\/p>\n<p>Sur la <a href=\"https:\/\/anetoseguro.com\/ruta-sur\/\">voie sud<\/a>, partant du <strong>pont de Coronas<\/strong>, vous commencerez \u00e0 avoir de la <strong>couverture au niveau du lac sup\u00e9rieur de Coronas<\/strong>. \u00c0 partir de l\u00e0, il y a de bonnes chances que vous ne la perdiez plus jusqu\u2019au sommet.<\/p>\n<p>En l\u2019absence de couverture\u00a02G, vous pouvez tenter un<strong>message diff\u00e9r\u00e9<\/strong>, en envoyant via les donn\u00e9es mobiles (whastapp) un message de d\u00e9tresse \u00e0 un ami b\u00e9n\u00e9ficiant du\u00a0 r\u00e9seau pour qu\u2019il appelle le 112.<\/p>\n<p><a href=\"https:\/\/anetoseguro.com\/wp-content\/uploads\/2017\/05\/Mapa_coberturas.jpg\"><img loading=\"lazy\" decoding=\"async\" class=\"aligncenter wp-image-515 size-large\" title=\"Mapa cobertura telef\u00f3nica Aneto\" src=\"https:\/\/anetoseguro.com\/wp-content\/uploads\/2017\/05\/Mapa_coberturas-730x1033.jpg\" alt=\"cobertura\" width=\"730\" height=\"1033\" srcset=\"https:\/\/anetoseguro.com\/wp-content\/uploads\/2017\/05\/Mapa_coberturas-730x1033.jpg 730w, https:\/\/anetoseguro.com\/wp-content\/uploads\/2017\/05\/Mapa_coberturas-350x495.jpg 350w, https:\/\/anetoseguro.com\/wp-content\/uploads\/2017\/05\/Mapa_coberturas-768x1087.jpg 768w, https:\/\/anetoseguro.com\/wp-content\/uploads\/2017\/05\/Mapa_coberturas-1366x1933.jpg 1366w, https:\/\/anetoseguro.com\/wp-content\/uploads\/2017\/05\/Mapa_coberturas.jpg 1753w\" sizes=\"auto, (max-width: 730px) 100vw, 730px\" \/><\/a><\/p>\n<p>L\u2019option qui permet <strong>toujours de communiquer<\/strong> est le <a href=\"http:\/\/www.montanasegura.com\/llamada-al-112-en-montana\/\">t\u00e9l\u00e9phone par satellite<\/a>. Avec ce type d\u2019appareil il vous sera toujours possible de communiquer car les appels transitent par le r\u00e9seau satellitaire.<\/p>\n<p><strong>Si vous n\u2019avez pas de r\u00e9seau<\/strong>, rappelez-vous que le refuge de <a href=\"https:\/\/anetoseguro.com\/la-renclusa\/\">La\u00a0Renclusa<\/a> dispose d\u2019un <strong>t\u00e9l\u00e9phone et de communication radio.<\/strong> Sur la voie sud, le <strong>refuge non gard\u00e9 de Coronas<\/strong> est \u00e9quip\u00e9 d\u2019un<a href=\"https:\/\/montanasegura.com\/walkie-talkie-para-avisos-de-emergencia-en-montana\/\"><strong>t\u00e9l\u00e9phone radio-secours<\/strong><\/a> qui permet de contacter le 112.<\/p>\n<h4>Autres possibilit\u00e9s<\/h4>\n<p>Avec un <strong>\u00e9metteur 2\u00a0m\u00e8tres<\/strong> et sur la fr\u00e9quence <strong>146,175\u00a0Mhz, sous-tonalit\u00e9 123\u00a0Hz<\/strong>, vous pourrez <strong>contacter le refuge de La\u00a0Renclusa<\/strong> qui se chargera de transmettre votre message d\u2019alerte au <strong>112<\/strong>.<\/p>\n<p>Vous pouvez aussi utiliser le <a href=\"http:\/\/www.canal77pmr.com\/\">#canal77PMR<\/a>, qui vise \u00e0 favoriser l\u2019utilisation des petits <strong>\u00e9metteurs\/talkies-walkies<\/strong> (sans licence et \u00e9conomiques) pour transmettre les messages d\u2019urgence via le <strong>canal\u00a07, sous-tonalit\u00e9\u00a07. <\/strong>Toute personne ayant configur\u00e9 ce canal sur son appareil peut devenir un <strong>relais du signal de secours.<\/strong><\/p>\n<p>&nbsp;<\/p>\n<table class=\"miTabla\">\n<tbody>\n<tr>\n<td style=\"text-align: left;\"><a class=\"btn btn-default btn-lg btn-left btn-nav\" href=\"https:\/\/anetoseguro.com\/meteorologia\/\">M\u00e9t\u00e9o<\/a><\/td>\n<td style=\"text-align: right;\"><a class=\"btn btn-default btn-lg btn-right btn-nav\" href=\"https:\/\/anetoseguro.com\/mal-de-altura\/\">Mal de l&#8217;altitude<\/a><\/td>\n<\/tr>\n<\/tbody>\n<\/table>\n<p><\/p>","protected":false},"excerpt":{"rendered":"<p>Si au cours de l\u2019ascension \u00e0 l\u2019Aneto vous avez besoind\u2019appeler le 112, il vous sera tr\u00e8s utile de conna\u00eetre les zones qui b\u00e9n\u00e9ficient de couverture t\u00e9l\u00e9phonique. Savez-vous comment contacter le 112? Vous pourrez appeler le 112 depuis votre t\u00e9l\u00e9phone portable\u00e0 condition de disposer de la couverture\u00a02G d\u2019un op\u00e9rateur de t\u00e9l\u00e9phonie, qu\u2019il soit espagnol ou fran\u00e7ais. En montagne, le taux de couverture n\u2019est g\u00e9n\u00e9ralement pas aussi bon qu\u2019ailleurs. Il faut n\u00e9anmonins toujours emporter son t\u00e9l\u00e9phone portable car certains secteurs &#8211;\u00a0et surtout les points plus \u00e9lev\u00e9s\u00a0&#8211; sont couverts par la 2G. En l\u2019absence de couverture, vous ne pourrez pas appeler le 112. &hellip;<\/p>\n","protected":false},"author":2,"featured_media":0,"parent":0,"menu_order":0,"comment_status":"closed","ping_status":"closed","template":"","meta":{"_joinchat":[],"footnotes":""},"class_list":["post-77","page","type-page","status-publish","hentry"],"_links":{"self":[{"href":"https:\/\/anetoseguro.com\/fr\/wp-json\/wp\/v2\/pages\/77","targetHints":{"allow":["GET"]}}],"collection":[{"href":"https:\/\/anetoseguro.com\/fr\/wp-json\/wp\/v2\/pages"}],"about":[{"href":"https:\/\/anetoseguro.com\/fr\/wp-json\/wp\/v2\/types\/page"}],"author":[{"embeddable":true,"href":"https:\/\/anetoseguro.com\/fr\/wp-json\/wp\/v2\/users\/2"}],"replies":[{"embeddable":true,"href":"https:\/\/anetoseguro.com\/fr\/wp-json\/wp\/v2\/comments?post=77"}],"version-history":[{"count":21,"href":"https:\/\/anetoseguro.com\/fr\/wp-json\/wp\/v2\/pages\/77\/revisions"}],"predecessor-version":[{"id":1130,"href":"https:\/\/anetoseguro.com\/fr\/wp-json\/wp\/v2\/pages\/77\/revisions\/1130"}],"wp:attachment":[{"href":"https:\/\/anetoseguro.com\/fr\/wp-json\/wp\/v2\/media?parent=77"}],"curies":[{"name":"wp","href":"https:\/\/api.w.org\/{rel}","templated":true}]}}