{"id":85,"date":"2017-05-03T14:09:07","date_gmt":"2017-05-03T13:09:07","guid":{"rendered":"https:\/\/anetoseguro.com\/?page_id=85"},"modified":"2022-08-02T13:58:46","modified_gmt":"2022-08-02T12:58:46","slug":"los-guias","status":"publish","type":"page","link":"https:\/\/anetoseguro.com\/fr\/los-guias\/","title":{"rendered":"Les guides"},"content":{"rendered":"<p><a href=\"https:\/\/anetoseguro.com\/wp-content\/uploads\/2017\/05\/aegm-logo.png\"><img loading=\"lazy\" decoding=\"async\" class=\"alignleft wp-image-213\" title=\"Asociaci\u00f3n Espa\u00f1ola de Gu\u00edas de Monta\u00f1a (AEGM)\" src=\"https:\/\/anetoseguro.com\/wp-content\/uploads\/2017\/05\/aegm-logo-350x400.png\" alt=\"gu\u00edas de monta\u00f1a\" width=\"264\" height=\"302\" srcset=\"https:\/\/anetoseguro.com\/wp-content\/uploads\/2017\/05\/aegm-logo-350x400.png 350w, https:\/\/anetoseguro.com\/wp-content\/uploads\/2017\/05\/aegm-logo.png 366w\" sizes=\"auto, (max-width: 264px) 100vw, 264px\" \/><\/a><\/p>\n<p><span lang=\"FR\">Point culuminant des Pyr\u00e9n\u00e9es, l\u2019Aneto attire les alpinistes comme un aimant. Si vous ne pensez pas pouvoir monter par vos propres moyens en toute s\u00e9curit\u00e9, faites appel \u00e0 un guide de montagne.<\/span><\/p>\n<h4>Comment savoir si l&#8217;on est pr\u00eat?<\/h4>\n<p><strong>Si vous n\u2019avez jamais fait d\u2019excursion aussi importante<\/strong>(1\u00a0500\u00a0m\u00e8tres de d\u00e9nivel\u00e9 positif et plus de 10\u00a0heures de marche), <strong>si vous n\u2019avez jamais port\u00e9 de crampons<\/strong><strong> ni <\/strong><strong>mani\u00e9 de piolet<\/strong><strong>, <\/strong><strong>si vous avez le vertige et vous demandez si vous pourrez franchir le Pont de Mahomet\u2026<\/strong><a href=\"https:\/\/anetoseguro.com\/estas-preparado\/\"><strong>soyez honn\u00eate avec vous-m\u00eame et reconnaissez que vous n\u2019\u00eates pas pr\u00eat pour affronter cette ascension en totale s\u00e9curit\u00e9.<\/strong><\/a><\/p>\n<p>Si, malgr\u00e9 tout, vous d\u00e9cidez de monter \u00e0 l\u2019Aneto, <strong>faites-vous accompagner par un guide professionnel<\/strong><strong>.<\/strong><\/p>\n<h4><\/h4>\n<h4>J&#8217;ai de l&#8217;exp\u00e9rience en 3000, mais mes amis n&#8217;en ont presque pas&#8230;<\/h4>\n<p><span lang=\"FR\">Il arrive souvent que les membres d\u2019un groupe n\u2019aient pas le m\u00eame niveau d\u2019exp\u00e9rience. S\u2019il y a dans votre groupe des personnes pour qui l\u2019ascension de l\u2019Aneto est le premier contact avec la haute montagne ou avec le piolet et les crampons, demandez-vous si vous serez capable d\u2019assurer leur s\u00e9curit\u00e9. Avez-vous les comp\u00e9tences et les connaissances techniques n\u00e9cessaires pour prendre les bonnes d\u00e9cisions, \u00e9viter \u00e0 vos amis de glisser sur le glacier, ou franchir le Pont de Mahomet en toute s\u00e9curit\u00e9\u00a0? Si ce n\u2019est pas le cas, vous devriez envisager de faire appel \u00e0 un guide.<\/span><\/p>\n<h4>Qui sont les guides de montagne?<\/h4>\n<p>Les guides de montage sont des <strong>professionnels form\u00e9s \u00e0 l\u2019encadrement des activit\u00e9s de montagne<\/strong>. Pour l\u2019ascension de l\u2019Aneto vous aurez besoin<strong>d\u2019un technicien des sports de haute montagne<\/strong><strong>.<\/strong><\/p>\n<h4>Que fait un guide?<\/h4>\n<p>Le travail d\u2019un guide ne consiste pas seulement \u00e0 vous emmener jusqu\u2019au sommet, <strong>il vous conseille \u00e9galement sur tous les aspects techniques<\/strong><strong>. <\/strong>Il g\u00e8re les situations de danger en r\u00e9duisant le risque et en prenant les d\u00e9cisions ad\u00e9quates aux moments cl\u00e9s. <strong>Il vous fournit l\u2019\u00e9quipement technique n\u00e9cessaire et vous apprend \u00e0 le manier<\/strong><strong>.<\/strong><\/p>\n<p>De plus, les guides locaux partagent avec vous leur grande connaissance de l\u2019histoire, de la culture et de la nature de cette r\u00e9gion.<\/p>\n<h4>O\u00f9 les trouver?<\/h4>\n<p>Ces liens vous donneront acc\u00e8s \u00e0 une liste d\u2019<a href=\"https:\/\/www.benasque.com\/es\/planificacion\/planifica-tu-actividad\">entreprises<\/a><strong>et de<\/strong><a href=\"https:\/\/asociacionguiasvalledebenasque.wordpress.com\/listado-guias\/\">guides<\/a> travaillant sur le secteur de la <a href=\"https:\/\/anetoseguro.com\/valle-de-benasque\/\"><strong>vall\u00e9e de Benasque<\/strong><\/a>.<\/p>\n<p>Il existe \u00e9galement en Aragon un registre des <a href=\"https:\/\/www.aragon.es\/-\/turismo-activo#anchor3\"><strong>entreprises de tourisme actif<\/strong><\/a> qui vous permettra de vous informer sur ces activit\u00e9s.<\/p>\n<p>Vous pouvez \u00e9galement vous renseigner aupr\u00e8s de l\u2019Association <strong>espagnole des guides de montagne<\/strong><a href=\"http:\/\/www.aegm.org\/\"><strong> (AEGM)<\/strong><\/a><strong>.<\/strong><\/p>\n<p>&nbsp;<\/p>\n<table class=\"miTabla\">\n<tbody>\n<tr>\n<td style=\"text-align: left;\"><a class=\"btn btn-default btn-lg btn-left btn-nav\" href=\"https:\/\/anetoseguro.com\/estas-preparado\/\">\u00cates-vous pr\u00eat?<\/a><\/td>\n<td style=\"text-align: right;\"><a class=\"btn btn-default btn-lg btn-right btn-nav\" href=\"https:\/\/anetoseguro.com\/valle-de-benasque\/\">Valle de Benasque<\/a><\/p>\n<p><a class=\"btn btn-default btn-lg btn-right btn-nav\" href=\"https:\/\/anetoseguro.com\/otras-rutas\/\">Autres voies<\/a><\/td>\n<\/tr>\n<\/tbody>\n<\/table>\n<p><\/p>","protected":false},"excerpt":{"rendered":"<p>Point culuminant des Pyr\u00e9n\u00e9es, l\u2019Aneto attire les alpinistes comme un aimant. Si vous ne pensez pas pouvoir monter par vos propres moyens en toute s\u00e9curit\u00e9, faites appel \u00e0 un guide de montagne. Comment savoir si l&#8217;on est pr\u00eat? Si vous n\u2019avez jamais fait d\u2019excursion aussi importante(1\u00a0500\u00a0m\u00e8tres de d\u00e9nivel\u00e9 positif et plus de 10\u00a0heures de marche), si vous n\u2019avez jamais port\u00e9 de crampons ni mani\u00e9 de piolet, si vous avez le vertige et vous demandez si vous pourrez franchir le Pont de Mahomet\u2026soyez honn\u00eate avec vous-m\u00eame et reconnaissez que vous n\u2019\u00eates pas pr\u00eat pour affronter cette ascension en totale s\u00e9curit\u00e9. Si, &hellip;<\/p>\n","protected":false},"author":2,"featured_media":0,"parent":0,"menu_order":0,"comment_status":"closed","ping_status":"closed","template":"","meta":{"_joinchat":[],"footnotes":""},"class_list":["post-85","page","type-page","status-publish","hentry"],"_links":{"self":[{"href":"https:\/\/anetoseguro.com\/fr\/wp-json\/wp\/v2\/pages\/85","targetHints":{"allow":["GET"]}}],"collection":[{"href":"https:\/\/anetoseguro.com\/fr\/wp-json\/wp\/v2\/pages"}],"about":[{"href":"https:\/\/anetoseguro.com\/fr\/wp-json\/wp\/v2\/types\/page"}],"author":[{"embeddable":true,"href":"https:\/\/anetoseguro.com\/fr\/wp-json\/wp\/v2\/users\/2"}],"replies":[{"embeddable":true,"href":"https:\/\/anetoseguro.com\/fr\/wp-json\/wp\/v2\/comments?post=85"}],"version-history":[{"count":20,"href":"https:\/\/anetoseguro.com\/fr\/wp-json\/wp\/v2\/pages\/85\/revisions"}],"predecessor-version":[{"id":1137,"href":"https:\/\/anetoseguro.com\/fr\/wp-json\/wp\/v2\/pages\/85\/revisions\/1137"}],"wp:attachment":[{"href":"https:\/\/anetoseguro.com\/fr\/wp-json\/wp\/v2\/media?parent=85"}],"curies":[{"name":"wp","href":"https:\/\/api.w.org\/{rel}","templated":true}]}}