{"id":89,"date":"2017-05-04T14:20:42","date_gmt":"2017-05-04T13:20:42","guid":{"rendered":"https:\/\/anetoseguro.com\/?page_id=89"},"modified":"2022-07-13T15:00:36","modified_gmt":"2022-07-13T14:00:36","slug":"faq","status":"publish","type":"page","link":"https:\/\/anetoseguro.com\/fr\/faq\/","title":{"rendered":"FAQ"},"content":{"rendered":"<p><div class=\"accordion\"><div class=\"header active\"><h5>Suis-je pr\u00eat pour l'ascension de l'Aneto? <\/h5><i class=\"fa fa-plus\"><\/i><\/div><div class=\"content\"><p>\u00c9valuez vos capacit\u00e9s physiques et techniques et celles des personnes qui vous accompagnent. \u00cates-vous tous habitu\u00e9s aux sorties en montagne de plus de 10\u00a0heures et avec un d\u00e9nivel\u00e9 de plus de 1\u00a0200\u00a0m. \u00eates-vous \u00e0 l\u2019aise en terrain de haute montagne \u2013 sans chemins trac\u00e9s ni marques de peinture\u00a0? Savez-vous marcher avec des crampons et vous retenir \u00e0 l\u2019aide d\u2019un piolet\u00a0? Si vous r\u00e9pondez oui \u00e0 toutes ces questions, c\u2019est que vous \u00eates pr\u00eat <strong>(<\/strong><a href=\"https:\/\/anetoseguro.com\/estas-preparado\/\"><strong>\u00cates-vous pr\u00eat\u00a0?<\/strong><\/a>).<\/p>\n<\/div><\/div><\/p>\n<div class=\"accordion\"><div class=\"header active\"><h5>Quel type de chaussures choisir pour monter \u00e0 l'Aneto? <\/h5><i class=\"fa fa-plus\"><\/i><\/div><div class=\"content\"><p>Pour la haute montagne, seules les chaussures de montagne assurent un bon maintien des chevilles et une protection contre les chocs. De plus, vous devez pouvoir y fixer des crampons (<a href=\"https:\/\/anetoseguro.com\/vestirse\/\"><strong>S\u2019habiller<\/strong><\/a>).<\/p>\n<\/div><\/div>\n<div class=\"accordion\"><div class=\"header active\"><h5>Peut-on monter \u00e0 l'Aneto en chaussures de trail? <\/h5><i class=\"fa fa-plus\"><\/i><\/div><div class=\"content\"><p>C\u2019est fortement d\u00e9conseill\u00e9 pour votre s\u00e9curit\u00e9. Ce type de chaussures ne prot\u00e8ge ni les chevilles ni les pieds. En outre, il n\u2019est pas possible d\u2019y fixer les crampons correctement et de fa\u00e7on s\u00fbre (<a href=\"https:\/\/anetoseguro.com\/vestirse\/\"><strong>S\u2019habiller<\/strong><\/a>).<\/p>\n<\/div><\/div>\n<div class=\"accordion\"><div class=\"header active\"><h5>Le piolet, les crampons et le casque sont-ils n\u00e9cessaires? <\/h5><i class=\"fa fa-plus\"><\/i><\/div><div class=\"content\"><p>Oui\u00a0: ne commettez pas l\u2019imprudence de partir sans, ou de penser les utiliser sans savoir vous en servir. Une grande partie du parcours se faisant sur de la glace ou de la neige, les crampons sont indispensables pour marcher en toute s\u00e9curit\u00e9 et le piolet pour se retenir en cas de chute (<a href=\"https:\/\/anetoseguro.com\/piolet-y-crampones\/\"><strong>Piolet et crampons<\/strong><\/a>). Le port du casque est \u00e9galement recommand\u00e9.<\/p>\n<\/div><\/div>\n<div class=\"accordion\"><div class=\"header active\"><h5>Pendant combien de temps marche-t-on sur le glacier? <\/h5><i class=\"fa fa-plus\"><\/i><\/div><div class=\"content\"><p>En fonction de l\u2019itin\u00e9raire que vous aurez choisi, vous passerez plus ou moins de temps sur le glacier. Si vous montez par la voie nord, la surface de glacier \u00e0 traverser sera plus importante, et plus encore s\u2019il reste du n\u00e9v\u00e9. Par la voie sud, vous pourrez rencontrer de la neige d\u00e8s le lac sup\u00e9rieur de Coronas. Si le c\u00f4t\u00e9 sud est d\u00e9gag\u00e9 de neige, vous devrez s\u00fbrement marcher sur la glace depuis le Col de Coronas jusqu\u2019au pr\u00e9-sommet, un tron\u00e7on court mais assez raide qui n\u00e9cessite \u00e9galement l\u2019utilisation du piolet et des crampons. Quel que soit votre itin\u00e9raire, \u00e9vitez autant que possible de marcher sur le glacier lorsqu\u2019il n\u2019est pas recouvert de neige (glace bleue). (<a href=\"https:\/\/anetoseguro.com\/el-glaciar-del-aneto\/\"><strong>Le glacier d\u2019Aneto<\/strong><\/a>).<\/p>\n<\/div><\/div>\n<div class=\"accordion\"><div class=\"header active\"><h5>Est-il n\u00e9cessaire de s'encorder sur le glacier? <\/h5><i class=\"fa fa-plus\"><\/i><\/div><div class=\"content\"><p>La grande affluence d\u2019alpinistes sur l\u2019Aneto a trac\u00e9 une sente dans la zone du glacier qui est majoritairement emprunt\u00e9 et qui \u00e9vite les principales crevasses. L\u2019utilisation d\u2019une corde implique certaines connaissances techniques. Si vous n\u2019avez pas ces connaissances, mieux vaut ne pas vous encorder. Si vous pensez tout de m\u00eame devoir vous encorder, ou si quelqu\u2019un dans votre groupe se sent plus en s\u00e9curit\u00e9 encord\u00e9, vous devriez envisager de faire appel \u00e0 un guide (<a href=\"https:\/\/anetoseguro.com\/los-guias\/\"><strong>Les guides<\/strong><\/a>).<\/p>\n<\/div><\/div>\n<div class=\"accordion\"><div class=\"header active\"><h5>Une corde est-elle n\u00e9cessaire pour passer le pont de Mahomet? <\/h5><i class=\"fa fa-plus\"><\/i><\/div><div class=\"content\"><p>Il n\u2019est pas indispensable d\u2019utiliser une corde pour franchir le pont de Mahomet. Si vous estimez que vous ou une personne de votre groupe pourrait en avoir besoin, emportez-en une et assurez-vous de savoir vous en servir (<a href=\"https:\/\/anetoseguro.com\/puente-de-mahoma\/\"><strong>Pont de Mahomet<\/strong><\/a>).<\/p>\n<\/div><\/div>\n<div class=\"accordion\"><div class=\"header active\"><h5>Est-ce que les voies d'ascension \u00e0 l'Aneto sont signalis\u00e9es? <\/h5><i class=\"fa fa-plus\"><\/i><\/div><div class=\"content\"><p>Seuls les premiers tron\u00e7ons des voies sont signalis\u00e9s. La majeure partie du parcours se fait en terrain de haute montagne. L\u00e0, il n\u2019y a pas de sentier trac\u00e9 et il faut suivre l\u2019itin\u00e9raire \u00e0 l\u2019aide des bornes en pierres que vous devrez savoir rep\u00e9rer (<a href=\"https:\/\/anetoseguro.com\/progresion-y-senalizacion\/\"><strong>Progressions et signalisation<\/strong><\/a>).<\/p>\n<\/div><\/div>\n<div class=\"accordion\"><div class=\"header active\"><h5>Peut-on souffrir du mal de l'altitude? <\/h5><i class=\"fa fa-plus\"><\/i><\/div><div class=\"content\"><p>Le mal aigu des montagnes peut se manifester \u00e0 partir de 2\u00a0500\u00a0m d\u2019altitude. Si vous n\u2019\u00eates pas habitu\u00e9 aux activit\u00e9s sportives en haute montagne, ou si vous montez tr\u00e8s rapidement, il est possible que vous ressentiez quelques-uns sympt\u00f4mes tels que la fatigue ou l\u2019acc\u00e9l\u00e9ration de la respiration (<a href=\"https:\/\/anetoseguro.com\/mal-de-altura\/\"><strong>MAM<\/strong><\/a>).<\/p>\n<\/div><\/div>\n<div class=\"accordion\"><div class=\"header active\"><h5>En cas d'urgence, peut-on appeler le 112 avec son t\u00e9l\u00e9phone portable? <\/h5><i class=\"fa fa-plus\"><\/i><\/div><div class=\"content\"><p>\u00a0\u00c0 partir du moment o\u00f9 il y a une couverture\u00a02G, quel que soit l\u2019op\u00e9rateur, m\u00eame s\u2019il est \u00e9tranger ou si ce n\u2019est pas le v\u00f4tre, vous pourrez contacter le 112. Pensez aussi \u00e0 l\u2019option du<strong>message diff\u00e9r\u00e9<\/strong>(<a href=\"https:\/\/anetoseguro.com\/cobertura\/\"><strong>Couverture t\u00e9l\u00e9phonique<\/strong><\/a>).<\/p>\n<\/div><\/div>\n<div class=\"accordion\"><div class=\"header active\"><h5>A-t-on besoin d'une veste en \u00e9t\u00e9? <\/h5><i class=\"fa fa-plus\"><\/i><\/div><div class=\"content\"><p>En montagne, les variations thermiques et les changements de temps peuvent \u00eatre rapides et brutaux, d\u2019autant que vous serez en haute altitude. Vous devez imp\u00e9rativement emporter dans votre sac \u00e0 dos des v\u00eatements chauds, un v\u00eatement imperm\u00e9able, un bonnet et des gants (<a href=\"https:\/\/anetoseguro.com\/vestirse\/\"><strong>S\u2019habiller<\/strong><\/a>).<\/p>\n<\/div><\/div>\n<div class=\"accordion\"><div class=\"header active\"><h5>Pantalon long ou pantalon court? <\/h5><i class=\"fa fa-plus\"><\/i><\/div><div class=\"content\"><p>Un pantalon long est indispensable pour se prot\u00e9ger du soleil, des \u00e9corchures contre les rochers et des br\u00fblures en cas de chute sur le glacier\u00a0 (<a href=\"https:\/\/anetoseguro.com\/vestirse\/\"><strong>S\u2019habiller<\/strong><\/a>).<\/p>\n<\/div><\/div>\n<div class=\"accordion\"><div class=\"header active\"><h5>Faut-il faire appel \u00e0 un guide pour monter \u00e0 l'Aneto?<\/h5><i class=\"fa fa-plus\"><\/i><\/div><div class=\"content\"><p>Ce n\u2019est pas une obligation mais selon les cas cela peut \u00eatre une bonne option. \u00c9valuez vos connaissances techniques et celles du groupe qui vous accompagne, tant concernant l\u2019\u00e9volution en haute montagne que l\u2019utilisation du mat\u00e9riel technique (crampons et piolet). Si vous estimez que votre condition physique ou votre exp\u00e9rience technique est insuffisante, un guide vous garantira une ascension plus s\u00fbre (<a href=\"https:\/\/anetoseguro.com\/los-guias\/\"><strong>Les guides<\/strong><\/a>).<\/p>\n<\/div><\/div>\n<div class=\"accordion\"><div class=\"header active\"><h5>O\u00f9 peut-on faire appel \u00e0 un guide?<\/h5><i class=\"fa fa-plus\"><\/i><\/div><div class=\"content\"><p>Vous trouverez dans la vall\u00e9e de Benasque de nombreuses entreprises de tourisme actif qui pourront vous renseigner et o\u00f9 vous pourrez engager un guide de haute montagne (<a href=\"https:\/\/anetoseguro.com\/los-guias\/\">Les guides<\/a>).<\/p>\n<\/div><\/div>\n<div class=\"accordion\"><div class=\"header active\"><h5>Peut-on monter en voiture \u00e0 La Besurta ou au pont de Coronas?<\/h5><i class=\"fa fa-plus\"><\/i><\/div><div class=\"content\"><p>Les acc\u00e8s \u00e0 La\u00a0Besurta et au pont de Coronas sont r\u00e9glement\u00e9s durant les mois d\u2019\u00e9t\u00e9 et il n\u2019est pas possible de s\u2019y rendre en voiture. Vous pourrez en revanche utiliser le service de bus. Consultez les conditions (<a href=\"https:\/\/anetoseguro.com\/aproximacion\/\">Acc\u00e8s<\/a>).<\/p>\n<\/div><\/div>\n<div class=\"accordion\"><div class=\"header active\"><h5>Quel bus faut-il prendre si l'on veut faire l'ascension en une journ\u00e9e?<\/h5><i class=\"fa fa-plus\"><\/i><\/div><div class=\"content\"><p>Il faut prendre \u00ab\u00a0le bus des alpinistes\u00a0\u00bb. Entre 4\u00a0h\u00a030 et 5\u00a0h\u00a030 du matin, deux bus partent de Benasque en direction de La\u00a0Besurta et du pont de Coronas. Si vous voulez monter \u00e0 l\u2019Aneto en une seule journ\u00e9e, prenez l\u2019un de ces bus. Consultez les horaires et le prix (<a href=\"https:\/\/anetoseguro.com\/aproximacion\/\"><strong>Acc\u00e8s<\/strong><\/a>).<\/p>\n<\/div><\/div>\n<div class=\"accordion\"><div class=\"header active\"><h5>\u00bfCu\u00e1l es la ruta que sube al Aneto por su cara norte? <\/h5><i class=\"fa fa-plus\"><\/i><\/div><div class=\"content\"><p>En realidad son dos posibles rutas y ambas comienzan en La Besurta. La <a href=\"https:\/\/anetoseguro.com\/ruta-norte-portillon\/\"><strong>ruta por el Portill\u00f3n Superior<\/strong><\/a> (La Besurta &#8211; La Renclusa &#8211; Portill\u00f3n Superior &#8211; glaciar del Aneto &#8211; Collado de Coronas y Aneto) se utiliza mientras hay nieve sobre el glaciar y desde por lo menos el Portill\u00f3n Superior. Una vez la nieve se retira (el nevero se funde) es mejor optar por la <a href=\"https:\/\/anetoseguro.com\/ruta-del-salterillo\/\"><strong>ruta por el Salterillo<\/strong><\/a>, que evita buena parte del hielo del glaciar la exposici\u00f3n a la ca\u00edda de piedras (aunque no lo evita todo: tambi\u00e9n habr\u00e1 que pisar hielo, pero menos tiempo). La <a href=\"http:\/\/visor.montanasegura.com\/ruta\/ficha\/462\">ruta del Salterillo tambi\u00e9n se puede realizar haciendo noche en el refugio de La Renclusa<\/a>.<\/p>\n<\/div><\/div>\n<div class=\"accordion\"><div class=\"header active\"><h5>Quelle est la voie qui monte \u00e0 l'Aneto par sa face sud?<\/h5><i class=\"fa fa-plus\"><\/i><\/div><div class=\"content\"><p>C\u2019est la voie qui d\u00e9bute au pont de Coronas, auquel on acc\u00e8de depuis le Plan de Senarta par la vall\u00e9e de Vallibierna (<a href=\"https:\/\/anetoseguro.com\/ruta-sur\/\"><strong>Voie sud<\/strong><\/a>).<\/p>\n<\/div><\/div>\n<div class=\"accordion\"><div class=\"header active\"><h5>Quelle voie est la plus facile, la nord ou la sud?<\/h5><i class=\"fa fa-plus\"><\/i><\/div><div class=\"content\"><p>Aucune des deux voies \u00ab\u00a0classiques\u00a0\u00bb montant \u00e0 l\u2019Aneto ne peuvent \u00eatre consid\u00e9r\u00e9es comme faciles. Elles traversent toutes les deux un terrain de haute montagne, passent par le <a href=\"https:\/\/anetoseguro.com\/el-glaciar-del-aneto\/\">glacier de l\u2019Aneto<\/a> (mat\u00e9riel technique) et le <a href=\"https:\/\/anetoseguro.com\/puente-de-mahoma\/\"><strong>Pont de Mahomet<\/strong><\/a> (verticalit\u00e9), et pr\u00e9sentent un d\u00e9nivel\u00e9 de plus de 1\u00a0500\u00a0m. Les deux parcours sont similaires du point de vue de la difficult\u00e9, mais la voie nord est plus fr\u00e9quent\u00e9e.<\/p>\n<\/div><\/div>\n<p><div class=\"accordion\"><div class=\"header active\"><h5>Est-il n\u00e9cessaire de r\u00e9server au refuge de La Renclusa?<\/h5><i class=\"fa fa-plus\"><\/i><\/div><div class=\"content\"><p>Beaucoup de gens choisissent de dormir \u00e0 La\u00a0Renclusa pour r\u00e9partir l\u2019ascension sur deux jours. Si c\u2019est ce que vous envisagez de faire, assurez-vous qu\u2019il reste des places disponibles et faites vos r\u00e9servations \u00e0 l\u2019avance car le refuge est souvent complet en \u00e9t\u00e9 (<a href=\"https:\/\/anetoseguro.com\/la-renclusa\/\"><strong>La Renclusa<\/strong><\/a>).<\/p>\n<\/div><\/div><\/p>","protected":false},"excerpt":{"rendered":"","protected":false},"author":2,"featured_media":0,"parent":0,"menu_order":0,"comment_status":"closed","ping_status":"closed","template":"","meta":{"_joinchat":[],"footnotes":""},"class_list":["post-89","page","type-page","status-publish","hentry"],"_links":{"self":[{"href":"https:\/\/anetoseguro.com\/fr\/wp-json\/wp\/v2\/pages\/89","targetHints":{"allow":["GET"]}}],"collection":[{"href":"https:\/\/anetoseguro.com\/fr\/wp-json\/wp\/v2\/pages"}],"about":[{"href":"https:\/\/anetoseguro.com\/fr\/wp-json\/wp\/v2\/types\/page"}],"author":[{"embeddable":true,"href":"https:\/\/anetoseguro.com\/fr\/wp-json\/wp\/v2\/users\/2"}],"replies":[{"embeddable":true,"href":"https:\/\/anetoseguro.com\/fr\/wp-json\/wp\/v2\/comments?post=89"}],"version-history":[{"count":23,"href":"https:\/\/anetoseguro.com\/fr\/wp-json\/wp\/v2\/pages\/89\/revisions"}],"predecessor-version":[{"id":1127,"href":"https:\/\/anetoseguro.com\/fr\/wp-json\/wp\/v2\/pages\/89\/revisions\/1127"}],"wp:attachment":[{"href":"https:\/\/anetoseguro.com\/fr\/wp-json\/wp\/v2\/media?parent=89"}],"curies":[{"name":"wp","href":"https:\/\/api.w.org\/{rel}","templated":true}]}}